{"id":7482,"date":"2022-05-25T14:26:00","date_gmt":"2022-05-25T12:26:00","guid":{"rendered":"https:\/\/qualifio.fidelodev.be\/?page_id=7482"},"modified":"2024-04-10T09:39:37","modified_gmt":"2024-04-10T07:39:37","slug":"demo-anfordern","status":"publish","type":"page","link":"https:\/\/qualifio.fidelodev.be\/de\/demo-anfordern\/","title":{"rendered":"Demo anfordern"},"content":{"rendered":"\n<section class=\"wp-block-fidelo-page-header main-top-page mix-head marine-head\" data-blockstyle=\"mix-head\"><div class=\"top-pattern-img\"><img decoding=\"async\" src=\"\/wp-content\/themes\/qualifio2021\/assets\/images\/pattern-03-both.png\"\/><\/div><div class=\"top-page wrapper-max\"><div class=\"top-center-description\">\n<h1 class=\"wp-block-heading has-text-align-center\" id=\"curious-about-our-solutions-schedule-a-live-demo\">Interessiert an unserer Plattform?<br>Fragen Sie eine Live-Demo an<\/h1>\n\n\n\n<p class=\"has-text-align-center\">Erfahren Sie mehr \u00fcber die M\u00f6glichkeiten, Ihre Datenerfassungsstrategie zu optimieren \u2013 wie unsere \u00fcber 400 Kunden weltweit.<\/p>\n<\/div><\/div><\/section>\n\n\n\n<div class=\"wp-block-group bg-light-grey is-layout-flow wp-block-group-is-layout-flow\">\n<div class=\"wp-block-columns wrapper-max is-layout-flex wp-container-core-columns-is-layout-28f84493 wp-block-columns-is-layout-flex\">\n<div class=\"wp-block-column is-layout-flow wp-block-column-is-layout-flow\">\n<h2 class=\"wp-block-heading has-text-align-left\">Qualifio bietet Ihnen:<\/h2>\n\n\n\n<ul class=\"orange-list wp-block-list\">\n<li>Die Erstellung von interaktiven und gamifizierten Angeboten ohne besondere Fachkenntnisse<\/li>\n\n\n\n<li>Die Erfassung wertvoller First- und Zero-Party-Daten und die DSGVO-konforme Anreicherung Ihrer Datenbank<\/li>\n\n\n\n<li>Die Belohnung Ihrer Kunden f\u00fcr ihre Teilnahme mit individuellen Pr\u00e4mienprogrammen<\/li>\n<\/ul>\n\n\n\n<div style=\"height:20px\" aria-hidden=\"true\" class=\"wp-block-spacer\"><\/div>\n\n\n\n<div class=\"wp-block-group box-border-radius has-background is-layout-constrained wp-block-group-is-layout-constrained\" style=\"background-color:#12384a\">\n<div class=\"wp-block-group wrapper-max is-layout-constrained wp-block-group-is-layout-constrained\">\n<div style=\"height:30px\" aria-hidden=\"true\" class=\"wp-block-spacer\"><\/div>\n\n\n\n<h2 class=\"wp-block-heading has-text-align-left has-text-color has-link-color wp-elements-fee5605f571dbcd4ca2b8fede774400f\" style=\"color:#ffffff\">Eine 30-min\u00fctige Demo mit einem unserer Experten<\/h2>\n\n\n\n<ul style=\"color:#ffffff\" class=\"has-text-color has-link-color wp-block-list wp-elements-53a40adf16f798d6ca103c6c8856f0d3\">\n<li>Sprechen Sie \u00fcber Ihre Anforderungen, Ziele und Strategien<\/li>\n\n\n\n<li>Informieren Sie sich \u00fcber Beispielkampagnen aus Ihrer Branche. Erfahren Sie, was Qualifio f\u00fcr Sie verwirklichen kann<\/li>\n\n\n\n<li>Ganz unverbindlich ohne Verpflichtung<\/li>\n<\/ul>\n\n\n\n<div style=\"height:30px\" aria-hidden=\"true\" class=\"wp-block-spacer\"><\/div>\n\n\n\n<figure class=\"wp-block-image size-full\"><img loading=\"lazy\" decoding=\"async\" width=\"504\" height=\"183\" src=\"https:\/\/qualifio.fidelodev.be\/wp-content\/uploads\/2024\/04\/sales-people.png\" alt=\"\" class=\"wp-image-35053\" srcset=\"https:\/\/qualifio.fidelodev.be\/wp-content\/uploads\/2024\/04\/sales-people.png 504w, https:\/\/qualifio.fidelodev.be\/wp-content\/uploads\/2024\/04\/sales-people-300x109.png 300w\" sizes=\"auto, (max-width: 504px) 100vw, 504px\" \/><\/figure>\n\n\n\n<div style=\"height:30px\" aria-hidden=\"true\" class=\"wp-block-spacer\"><\/div>\n<\/div>\n<\/div>\n<\/div>\n\n\n\n<div class=\"wp-block-column is-layout-flow wp-block-column-is-layout-flow\">\n<div class=\"wp-block-group hubspot-form-box is-layout-flow wp-block-group-is-layout-flow\">\n<script charset=\"utf-8\" type=\"text\/javascript\" src=\"\/\/js.hsforms.net\/forms\/embed\/v2.js\"><\/script>\n<script>\n  hbspt.forms.create({\n    region: \"na1\",\n    portalId: \"5566751\",\n    formId: \"ae52c818-d0ca-4c4c-b68b-16f8d23c3956\"\n  });\n<\/script>\n<\/div>\n<\/div>\n<\/div>\n<\/div>\n\n\n\n<section class=\"wp-block-fidelo-testimonials container-bcg-img\" data-category=\"homepage\" data-block-style=\"bg-marine\"><div class=\"wrapper-max\"><div class=\"content-text\"><h2 class=\"\">Sie sind in guter Gesellschaft<\/h2><p class=\"\"><\/p><\/div><div class=\"additional-block\"><div class=\"additional-block-box\"><div class=\"text-slider\">    <div class=\"text-slider-slide\">      <article><!-- wp:paragraph -->\n<p><em>\u201cHeute liegt die Konversionsrate unserer Qualifio-Gewinnspiele zwischen 5-10%. Das bedeutet, dass wir von 25.000 einmaligen Teilnahmen 1.200-2.500 neue Abonnenten f\u00fcr das Printmagazin gewinnen. Insgesamt macht Qualifio f\u00fcr alle unsere Marken etwa 45 % unserer generierten Leads aus.\u201d<\/em><\/p>\n<!-- \/wp:paragraph -->\n\n<!-- wp:fidelo\/author -->\n<div class=\"wp-block-fidelo-author author\"><img\/><article><p><b class=\"authorName\"><\/b><\/p><p class=\"authorJob\"><\/p><\/article><\/div>\n<!-- \/wp:fidelo\/author --><\/article>    <\/div>    <div class=\"text-slider-slide\">      <article><!-- wp:paragraph -->\n<p><em>\u201cQualifio hat die Art und Weise, wie wir mit unseren Zielgruppen interagieren, ver\u00e4ndert. Unsere verschiedenen Marken erstellen in Minutenschnelle interaktive Kampagnen, die uns mit Qualit\u00e4tsdaten versorgen, die direkt mit unserem CRM-System verkn\u00fcpft sind. Letztes Jahr haben wir \u00fcber 100.000 segmentierte Profile f\u00fcr 20 Marken gesammelt.\u201d<\/em><\/p>\n<!-- \/wp:paragraph -->\n\n<!-- wp:fidelo\/author -->\n<div class=\"wp-block-fidelo-author author\"><img\/><article><p><b class=\"authorName\"><\/b><\/p><p class=\"authorJob\"><\/p><\/article><\/div>\n<!-- \/wp:fidelo\/author --><\/article>    <\/div>    <div class=\"text-slider-slide\">      <article><!-- wp:paragraph -->\n<p><em>\u201cWir nutzen Qualifio, um das Engagement durch interaktive Inhalte zu steigern, die zu wichtigen Zeitpunkten im Jahr erstellt werden. Diese Art von Inhalten erm\u00f6glicht es uns, strategische Daten zu sammeln, eine Vorliebe, einen Wunsch, der uns hilft, unsere Datenbank zu segmentieren, unsere Kommunikation zu personalisieren und letztendlich die Kundenbindung zu st\u00e4rken.\u201d<\/em><\/p>\n<!-- \/wp:paragraph -->\n\n<!-- wp:fidelo\/author -->\n<div class=\"wp-block-fidelo-author author\"><img\/><article><p><b class=\"authorName\"><\/b><\/p><p class=\"authorJob\"><\/p><\/article><\/div>\n<!-- \/wp:fidelo\/author --><\/article>    <\/div>    <div class=\"text-slider-slide\">      <article><!-- wp:paragraph -->\n<p><em>\u201cQualifio war ein zus\u00e4tzliches und wichtiges Instrument zur St\u00e4rkung unserer Beziehung zu unserer Community in einer Zeit, in der soziale Interaktion entscheidend war. Unser Ziel ist es, weiterhin neue Fans zu rekrutieren, unsere Datenbank zu bereichern, diese Basis zu halten und ihre Loyalit\u00e4t zu erh\u00f6hen, indem wir eine breite Palette innovativer Spiele und digitaler Aktivierungen auf den Markt bringen.\u201d<\/em><\/p>\n<!-- \/wp:paragraph -->\n\n<!-- wp:fidelo\/author -->\n<div class=\"wp-block-fidelo-author author\"><img\/><article><p><b class=\"authorName\"><\/b><\/p><p class=\"authorJob\"><\/p><\/article><\/div>\n<!-- \/wp:fidelo\/author --><\/article>    <\/div><\/div><div class=\"bcg-img-content\"><img decoding=\"async\" alt=\"bg-demo-request-page-full\" src=\"https:\/\/qualifio.fidelodev.be\/wp-content\/uploads\/2024\/04\/bg-demo-request-page-full.jpg\"\/><\/div><\/div><\/div><\/div><\/section>\n","protected":false},"excerpt":{"rendered":"<p>Qualifio bietet Ihnen: Eine 30-min\u00fctige Demo mit einem unserer Experten<\/p>\n","protected":false},"author":10,"featured_media":0,"parent":0,"menu_order":0,"comment_status":"closed","ping_status":"closed","template":"page-marine.php","meta":{"footnotes":""},"class_list":["post-7482","page","type-page","status-publish","hentry"],"yoast_head":"<!-- This site is optimized with the Yoast SEO plugin v22.9 - https:\/\/yoast.com\/wordpress\/plugins\/seo\/ -->\n<title>Planen Sie eine Live-Demo - Qualifio<\/title>\n<meta name=\"description\" content=\"Planen Sie eine Live-Demo. Qualifio Engage: Datenerfassung und interaktives Marketing. Qualifio Loyalty: Interaktionsbasierte Loyalit\u00e4t.\" \/>\n<meta name=\"robots\" content=\"noindex, follow, max-snippet:-1, max-image-preview:large, max-video-preview:-1\" \/>\n<meta property=\"og:locale\" content=\"de_DE\" \/>\n<meta property=\"og:type\" content=\"article\" \/>\n<meta property=\"og:title\" content=\"Planen Sie eine Live-Demo - Qualifio\" \/>\n<meta property=\"og:description\" content=\"Planen Sie eine Live-Demo. Qualifio Engage: Datenerfassung und interaktives Marketing. Qualifio Loyalty: Interaktionsbasierte Loyalit\u00e4t.\" \/>\n<meta property=\"og:url\" content=\"https:\/\/qualifio.fidelodev.be\/request-demo\/\" \/>\n<meta property=\"og:site_name\" content=\"Qualifio\" \/>\n<meta property=\"article:modified_time\" content=\"2024-04-10T07:39:37+00:00\" \/>\n<meta property=\"og:image\" content=\"https:\/\/qualifio.fidelodev.be\/wp-content\/uploads\/2024\/04\/sales-people.png\" \/>\n<meta name=\"twitter:card\" content=\"summary_large_image\" \/>\n<meta name=\"twitter:label1\" content=\"Gesch\u00e4tzte Lesezeit\" \/>\n\t<meta name=\"twitter:data1\" content=\"1\u00a0Minute\" \/>\n<script type=\"application\/ld+json\" class=\"yoast-schema-graph\">{\"@context\":\"https:\/\/schema.org\",\"@graph\":[{\"@type\":\"WebPage\",\"@id\":\"https:\/\/qualifio.fidelodev.be\/request-demo\/\",\"url\":\"https:\/\/qualifio.fidelodev.be\/request-demo\/\",\"name\":\"Planen Sie eine Live-Demo - Qualifio\",\"isPartOf\":{\"@id\":\"https:\/\/qualifio.fidelodev.be\/#website\"},\"primaryImageOfPage\":{\"@id\":\"https:\/\/qualifio.fidelodev.be\/request-demo\/#primaryimage\"},\"image\":{\"@id\":\"https:\/\/qualifio.fidelodev.be\/request-demo\/#primaryimage\"},\"thumbnailUrl\":\"https:\/\/qualifio.fidelodev.be\/wp-content\/uploads\/2024\/04\/sales-people.png\",\"datePublished\":\"2022-05-25T12:26:00+00:00\",\"dateModified\":\"2024-04-10T07:39:37+00:00\",\"description\":\"Planen Sie eine Live-Demo. Qualifio Engage: Datenerfassung und interaktives Marketing. Qualifio Loyalty: Interaktionsbasierte Loyalit\u00e4t.\",\"breadcrumb\":{\"@id\":\"https:\/\/qualifio.fidelodev.be\/request-demo\/#breadcrumb\"},\"inLanguage\":\"de\",\"potentialAction\":[{\"@type\":\"ReadAction\",\"target\":[\"https:\/\/qualifio.fidelodev.be\/request-demo\/\"]}]},{\"@type\":\"ImageObject\",\"inLanguage\":\"de\",\"@id\":\"https:\/\/qualifio.fidelodev.be\/request-demo\/#primaryimage\",\"url\":\"https:\/\/qualifio.fidelodev.be\/wp-content\/uploads\/2024\/04\/sales-people.png\",\"contentUrl\":\"https:\/\/qualifio.fidelodev.be\/wp-content\/uploads\/2024\/04\/sales-people.png\"},{\"@type\":\"BreadcrumbList\",\"@id\":\"https:\/\/qualifio.fidelodev.be\/request-demo\/#breadcrumb\",\"itemListElement\":[{\"@type\":\"ListItem\",\"position\":1,\"name\":\"Home\",\"item\":\"https:\/\/qualifio.fidelodev.be\/de\/\"},{\"@type\":\"ListItem\",\"position\":2,\"name\":\"Demo anfordern\"}]},{\"@type\":\"WebSite\",\"@id\":\"https:\/\/qualifio.fidelodev.be\/#website\",\"url\":\"https:\/\/qualifio.fidelodev.be\/\",\"name\":\"Qualifio\",\"description\":\"Un site utilisant WordPress\",\"publisher\":{\"@id\":\"https:\/\/qualifio.fidelodev.be\/#organization\"},\"potentialAction\":[{\"@type\":\"SearchAction\",\"target\":{\"@type\":\"EntryPoint\",\"urlTemplate\":\"https:\/\/qualifio.fidelodev.be\/?s={search_term_string}\"},\"query-input\":\"required name=search_term_string\"}],\"inLanguage\":\"de\"},{\"@type\":\"Organization\",\"@id\":\"https:\/\/qualifio.fidelodev.be\/#organization\",\"name\":\"Qualifio\",\"url\":\"https:\/\/qualifio.fidelodev.be\/\",\"logo\":{\"@type\":\"ImageObject\",\"inLanguage\":\"de\",\"@id\":\"https:\/\/qualifio.fidelodev.be\/#\/schema\/logo\/image\/\",\"url\":\"https:\/\/qualifio.fidelodev.be\/wp-content\/uploads\/2022\/06\/banner-blog-news-simple.png\",\"contentUrl\":\"https:\/\/qualifio.fidelodev.be\/wp-content\/uploads\/2022\/06\/banner-blog-news-simple.png\",\"width\":460,\"height\":240,\"caption\":\"Qualifio\"},\"image\":{\"@id\":\"https:\/\/qualifio.fidelodev.be\/#\/schema\/logo\/image\/\"}}]}<\/script>\n<!-- \/ Yoast SEO plugin. -->","yoast_head_json":{"title":"Planen Sie eine Live-Demo - Qualifio","description":"Planen Sie eine Live-Demo. Qualifio Engage: Datenerfassung und interaktives Marketing. Qualifio Loyalty: Interaktionsbasierte Loyalit\u00e4t.","robots":{"index":"noindex","follow":"follow","max-snippet":"max-snippet:-1","max-image-preview":"max-image-preview:large","max-video-preview":"max-video-preview:-1"},"og_locale":"de_DE","og_type":"article","og_title":"Planen Sie eine Live-Demo - Qualifio","og_description":"Planen Sie eine Live-Demo. Qualifio Engage: Datenerfassung und interaktives Marketing. Qualifio Loyalty: Interaktionsbasierte Loyalit\u00e4t.","og_url":"https:\/\/qualifio.fidelodev.be\/request-demo\/","og_site_name":"Qualifio","article_modified_time":"2024-04-10T07:39:37+00:00","og_image":[{"url":"https:\/\/qualifio.fidelodev.be\/wp-content\/uploads\/2024\/04\/sales-people.png"}],"twitter_card":"summary_large_image","twitter_misc":{"Gesch\u00e4tzte Lesezeit":"1\u00a0Minute"},"schema":{"@context":"https:\/\/schema.org","@graph":[{"@type":"WebPage","@id":"https:\/\/qualifio.fidelodev.be\/request-demo\/","url":"https:\/\/qualifio.fidelodev.be\/request-demo\/","name":"Planen Sie eine Live-Demo - Qualifio","isPartOf":{"@id":"https:\/\/qualifio.fidelodev.be\/#website"},"primaryImageOfPage":{"@id":"https:\/\/qualifio.fidelodev.be\/request-demo\/#primaryimage"},"image":{"@id":"https:\/\/qualifio.fidelodev.be\/request-demo\/#primaryimage"},"thumbnailUrl":"https:\/\/qualifio.fidelodev.be\/wp-content\/uploads\/2024\/04\/sales-people.png","datePublished":"2022-05-25T12:26:00+00:00","dateModified":"2024-04-10T07:39:37+00:00","description":"Planen Sie eine Live-Demo. Qualifio Engage: Datenerfassung und interaktives Marketing. Qualifio Loyalty: Interaktionsbasierte Loyalit\u00e4t.","breadcrumb":{"@id":"https:\/\/qualifio.fidelodev.be\/request-demo\/#breadcrumb"},"inLanguage":"de","potentialAction":[{"@type":"ReadAction","target":["https:\/\/qualifio.fidelodev.be\/request-demo\/"]}]},{"@type":"ImageObject","inLanguage":"de","@id":"https:\/\/qualifio.fidelodev.be\/request-demo\/#primaryimage","url":"https:\/\/qualifio.fidelodev.be\/wp-content\/uploads\/2024\/04\/sales-people.png","contentUrl":"https:\/\/qualifio.fidelodev.be\/wp-content\/uploads\/2024\/04\/sales-people.png"},{"@type":"BreadcrumbList","@id":"https:\/\/qualifio.fidelodev.be\/request-demo\/#breadcrumb","itemListElement":[{"@type":"ListItem","position":1,"name":"Home","item":"https:\/\/qualifio.fidelodev.be\/de\/"},{"@type":"ListItem","position":2,"name":"Demo anfordern"}]},{"@type":"WebSite","@id":"https:\/\/qualifio.fidelodev.be\/#website","url":"https:\/\/qualifio.fidelodev.be\/","name":"Qualifio","description":"Un site utilisant WordPress","publisher":{"@id":"https:\/\/qualifio.fidelodev.be\/#organization"},"potentialAction":[{"@type":"SearchAction","target":{"@type":"EntryPoint","urlTemplate":"https:\/\/qualifio.fidelodev.be\/?s={search_term_string}"},"query-input":"required name=search_term_string"}],"inLanguage":"de"},{"@type":"Organization","@id":"https:\/\/qualifio.fidelodev.be\/#organization","name":"Qualifio","url":"https:\/\/qualifio.fidelodev.be\/","logo":{"@type":"ImageObject","inLanguage":"de","@id":"https:\/\/qualifio.fidelodev.be\/#\/schema\/logo\/image\/","url":"https:\/\/qualifio.fidelodev.be\/wp-content\/uploads\/2022\/06\/banner-blog-news-simple.png","contentUrl":"https:\/\/qualifio.fidelodev.be\/wp-content\/uploads\/2022\/06\/banner-blog-news-simple.png","width":460,"height":240,"caption":"Qualifio"},"image":{"@id":"https:\/\/qualifio.fidelodev.be\/#\/schema\/logo\/image\/"}}]}},"_links":{"self":[{"href":"https:\/\/qualifio.fidelodev.be\/de\/wp-json\/wp\/v2\/pages\/7482","targetHints":{"allow":["GET"]}}],"collection":[{"href":"https:\/\/qualifio.fidelodev.be\/de\/wp-json\/wp\/v2\/pages"}],"about":[{"href":"https:\/\/qualifio.fidelodev.be\/de\/wp-json\/wp\/v2\/types\/page"}],"author":[{"embeddable":true,"href":"https:\/\/qualifio.fidelodev.be\/de\/wp-json\/wp\/v2\/users\/10"}],"replies":[{"embeddable":true,"href":"https:\/\/qualifio.fidelodev.be\/de\/wp-json\/wp\/v2\/comments?post=7482"}],"version-history":[{"count":1,"href":"https:\/\/qualifio.fidelodev.be\/de\/wp-json\/wp\/v2\/pages\/7482\/revisions"}],"predecessor-version":[{"id":35228,"href":"https:\/\/qualifio.fidelodev.be\/de\/wp-json\/wp\/v2\/pages\/7482\/revisions\/35228"}],"wp:attachment":[{"href":"https:\/\/qualifio.fidelodev.be\/de\/wp-json\/wp\/v2\/media?parent=7482"}],"curies":[{"name":"wp","href":"https:\/\/api.w.org\/{rel}","templated":true}]}}