{"id":7577,"date":"2022-05-27T10:31:11","date_gmt":"2022-05-27T08:31:11","guid":{"rendered":"https:\/\/qualifio.fidelodev.be\/?page_id=7577"},"modified":"2022-05-31T16:30:10","modified_gmt":"2022-05-31T14:30:10","slug":"kundenreferenzen","status":"publish","type":"page","link":"https:\/\/qualifio.fidelodev.be\/de\/kundenreferenzen\/","title":{"rendered":"Kundenreferenzen"},"content":{"rendered":"\n<section class=\"wp-block-fidelo-page-header main-top-page animation\" data-blockstyle=\"animation\"><div class=\"top-page wrapper-max\"><div class=\"top-page-illustration\"><div class=\"\" id=\"lottie-customer-stories\"><\/div><\/div><div class=\"top-page-description\">\n<h1 class=\"wp-block-heading\" id=\"erfolgsgeschichten-die-sie-inspirieren\">Erfolgsgeschichten, die Sie inspirieren<\/h1>\n\n\n\n<p>Entdecken Sie, wie unsere Kunden mit Qualifio erfolgreich sind.<\/p>\n<\/div><\/div><\/section>\n\n\n\n<div class=\"wp-block-group bg-light-grey is-layout-flow wp-block-group-is-layout-flow\">\n<section class=\"wp-block-fidelo-succes-stories\" data-block-style=\"bg-light-grey\"><div class=\"wrapper-max\"><div class=\"filters-container align-center\" class=\"cbp-l-filters-button\"><div class=\"filters-content\"><div data-filter=\"*\" class=\"cbp-filter-item-active cbp-filter-item\">All<\/div><div data-filter=\"datenerfassung\" class=\"cbp-filter-item\">Datenerfassung<\/div><div data-filter=\"engagement-de\" class=\"cbp-filter-item\">Engagement<\/div><div data-filter=\"konvertierung\" class=\"cbp-filter-item\">Konvertierung<\/div><div data-filter=\"loyalitat\" class=\"cbp-filter-item\">Loyalit\u00e4t<\/div><div data-filter=\"segmentierung\" class=\"cbp-filter-item\">Segmentierung<\/div><\/div><\/div><div class=\"filters-container blue-filter align-center\" class=\"cbp-l-filters-button\"><div class=\"filters-content\"><div data-filter=\"*\" class=\"cbp-filter-item-active cbp-filter-item\">All<\/div><div data-filter=\"fmcg-de\" class=\"cbp-filter-item\">FMCG<\/div><div data-filter=\"medien\" class=\"cbp-filter-item\">Medien<\/div><div data-filter=\"retail-ecommerce-de\" class=\"cbp-filter-item\">Retail &amp; E-commerce<\/div><div data-filter=\"sonstiges\" class=\"cbp-filter-item\">Sonstiges<\/div><\/div><\/div>\t<div class=\"container-cards cards-showcase\">\t<div class=\"card cbp-item is-animated\" data-categories=\"datenerfassung;fmcg-de\">\t\t<img decoding=\"async\" src=\"https:\/\/qualifio.fidelodev.be\/wp-content\/uploads\/2022\/09\/banner-customer-stories-swinkels.jpeg\" alt=\"\">\t\t<article>\t\t\t<h3>Swinkels<\/h3>\t\t\t<p><!-- wp:paragraph -->\n<p>Royal Swinkels Family Brewers: von Instinkten \u00fcber Daten zu Taten.<\/p>\n<!-- \/wp:paragraph --><\/p><!--HubSpot Call-to-Action Code --><span class=\"hs-cta-wrapper\" id=\"hs-cta-wrapper-bde6a2c4-a24e-4ab9-a096-e7c67acb0d2b\"><span class=\"hs-cta-node hs-cta-bde6a2c4-a24e-4ab9-a096-e7c67acb0d2b\" id=\"hs-cta-bde6a2c4-a24e-4ab9-a096-e7c67acb0d2b\"><!--[if lte IE 8]><div id=\"hs-cta-ie-element\"><\/div><![endif]--><a href=\"https:\/\/cta-redirect.hubspot.com\/cta\/redirect\/5566751\/bde6a2c4-a24e-4ab9-a096-e7c67acb0d2b\" ><img decoding=\"async\" class=\"hs-cta-img\" id=\"hs-cta-img-bde6a2c4-a24e-4ab9-a096-e7c67acb0d2b\" style=\"border-width:0px;\" src=\"https:\/\/no-cache.hubspot.com\/cta\/default\/5566751\/bde6a2c4-a24e-4ab9-a096-e7c67acb0d2b.png\"  alt=\"Das Erfolgsstory herunterladen\"\/><\/a><\/span><script charset=\"utf-8\" src=\"https:\/\/js.hscta.net\/cta\/current.js\"><\/script><script type=\"text\/javascript\"> hbspt.cta.load(5566751, 'bde6a2c4-a24e-4ab9-a096-e7c67acb0d2b', {\"useNewLoader\":\"true\",\"region\":\"na1\"}); <\/script><\/span><!-- end HubSpot Call-to-Action Code -->\t\t<\/article>\t<\/div>\t<div class=\"card cbp-item is-animated\" data-categories=\"datenerfassung;sonstiges\">\t\t<img decoding=\"async\" src=\"https:\/\/qualifio.fidelodev.be\/wp-content\/uploads\/2022\/05\/loreal_customer_story.jpeg\" alt=\"\">\t\t<article>\t\t\t<h3>L&#8217;Or\u00e9al EMEA<\/h3>\t\t\t<p><!-- wp:paragraph -->\n<p>Ein europ\u00e4isches Data-Capture-Programm, das bei 70 % der Marken von L'Or\u00e9al eingesetzt wird.<\/p>\n<!-- \/wp:paragraph --><\/p><!--HubSpot Call-to-Action Code --><span class=\"hs-cta-wrapper\" id=\"hs-cta-wrapper-d045a070-bdf9-4471-aaf6-c96808d02b1c\"><span class=\"hs-cta-node hs-cta-d045a070-bdf9-4471-aaf6-c96808d02b1c\" id=\"hs-cta-d045a070-bdf9-4471-aaf6-c96808d02b1c\"><!--[if lte IE 8]><div id=\"hs-cta-ie-element\"><\/div><![endif]--><a href=\"https:\/\/cta-redirect.hubspot.com\/cta\/redirect\/5566751\/d045a070-bdf9-4471-aaf6-c96808d02b1c\" ><img decoding=\"async\" class=\"hs-cta-img\" id=\"hs-cta-img-d045a070-bdf9-4471-aaf6-c96808d02b1c\" style=\"border-width:0px;\" src=\"https:\/\/no-cache.hubspot.com\/cta\/default\/5566751\/d045a070-bdf9-4471-aaf6-c96808d02b1c.png\"  alt=\"Das Erfolgsstory herunterladen\"\/><\/a><\/span><script charset=\"utf-8\" src=\"https:\/\/js.hscta.net\/cta\/current.js\"><\/script><script type=\"text\/javascript\"> hbspt.cta.load(5566751, 'd045a070-bdf9-4471-aaf6-c96808d02b1c', {\"useNewLoader\":\"true\",\"region\":\"na1\"}); <\/script><\/span><!-- end HubSpot Call-to-Action Code -->\t\t<\/article>\t<\/div>\t<div class=\"card cbp-item is-animated\" data-categories=\"datenerfassung;retail-ecommerce-de\">\t\t<img decoding=\"async\" src=\"https:\/\/qualifio.fidelodev.be\/wp-content\/uploads\/2022\/05\/mr_wonderful_customer_story.jpeg\" alt=\"\">\t\t<article>\t\t\t<h3>Mr. Wonderful<\/h3>\t\t\t<p><!-- wp:paragraph -->\n<p>Positivit\u00e4t und Interaktivit\u00e4t zur Steigerung des Traffics und zur Datenbestand zu vergr\u00f6\u00dfern.<\/p>\n<!-- \/wp:paragraph --><\/p><!--HubSpot Call-to-Action Code --><span class=\"hs-cta-wrapper\" id=\"hs-cta-wrapper-c6a2372f-ab50-42c3-8c4f-5b5e75ca4e50\"><span class=\"hs-cta-node hs-cta-c6a2372f-ab50-42c3-8c4f-5b5e75ca4e50\" id=\"hs-cta-c6a2372f-ab50-42c3-8c4f-5b5e75ca4e50\"><!--[if lte IE 8]><div id=\"hs-cta-ie-element\"><\/div><![endif]--><a href=\"https:\/\/cta-redirect.hubspot.com\/cta\/redirect\/5566751\/c6a2372f-ab50-42c3-8c4f-5b5e75ca4e50\" ><img decoding=\"async\" class=\"hs-cta-img\" id=\"hs-cta-img-c6a2372f-ab50-42c3-8c4f-5b5e75ca4e50\" style=\"border-width:0px;\" src=\"https:\/\/no-cache.hubspot.com\/cta\/default\/5566751\/c6a2372f-ab50-42c3-8c4f-5b5e75ca4e50.png\"  alt=\"Das Erfolgsstory herunterladen\"\/><\/a><\/span><script charset=\"utf-8\" src=\"https:\/\/js.hscta.net\/cta\/current.js\"><\/script><script type=\"text\/javascript\"> hbspt.cta.load(5566751, 'c6a2372f-ab50-42c3-8c4f-5b5e75ca4e50', {\"useNewLoader\":\"true\",\"region\":\"na1\"}); <\/script><\/span><!-- end HubSpot Call-to-Action Code -->\t\t<\/article>\t<\/div>\t<div class=\"card cbp-item is-animated\" data-categories=\"datenerfassung;retail-ecommerce-de\">\t\t<img decoding=\"async\" src=\"https:\/\/qualifio.fidelodev.be\/wp-content\/uploads\/2022\/01\/coop_customer_story.jpeg\" alt=\"\">\t\t<article>\t\t\t<h3>Coop Supermarkten<\/h3>\t\t\t<p><!-- wp:paragraph -->\n<p>Wie eine Supermarktkette Qualifio dazu nutzt, um den Online-Verkehr zu steigern und eine echte Community aufzubauen<\/p>\n<!-- \/wp:paragraph --><\/p><!--HubSpot Call-to-Action Code --><span class=\"hs-cta-wrapper\" id=\"hs-cta-wrapper-72ab67b5-60fd-4cf8-852f-1f915c013dfc\"><span class=\"hs-cta-node hs-cta-72ab67b5-60fd-4cf8-852f-1f915c013dfc\" id=\"hs-cta-72ab67b5-60fd-4cf8-852f-1f915c013dfc\"><!--[if lte IE 8]><div id=\"hs-cta-ie-element\"><\/div><![endif]--><a href=\"https:\/\/cta-redirect.hubspot.com\/cta\/redirect\/5566751\/72ab67b5-60fd-4cf8-852f-1f915c013dfc\" ><img decoding=\"async\" class=\"hs-cta-img\" id=\"hs-cta-img-72ab67b5-60fd-4cf8-852f-1f915c013dfc\" style=\"border-width:0px;\" src=\"https:\/\/no-cache.hubspot.com\/cta\/default\/5566751\/72ab67b5-60fd-4cf8-852f-1f915c013dfc.png\"  alt=\"Das Erfolgsstory herunterladen\"\/><\/a><\/span><script charset=\"utf-8\" src=\"https:\/\/js.hscta.net\/cta\/current.js\"><\/script><script type=\"text\/javascript\"> hbspt.cta.load(5566751, '72ab67b5-60fd-4cf8-852f-1f915c013dfc', {\"useNewLoader\":\"true\",\"region\":\"na1\"}); <\/script><\/span><!-- end HubSpot Call-to-Action Code -->\t\t<\/article>\t<\/div>\t<div class=\"card cbp-item is-animated\" data-categories=\"datenerfassung;engagement-de;konvertierung;loyalitat;segmentierung;retail-ecommerce-de\">\t\t<img decoding=\"async\" src=\"https:\/\/qualifio.fidelodev.be\/wp-content\/uploads\/2021\/12\/customer-success-stories-decathlon.jpeg\" alt=\"\">\t\t<article>\t\t\t<h3>Decathlon<\/h3>\t\t\t<p><!-- wp:paragraph -->\n<p>Wie Decathlon interaktive Inhalte innerhalb seiner Marketingstrategie einsetzt.<\/p>\n<!-- \/wp:paragraph --><\/p><!--HubSpot Call-to-Action Code --><span class=\"hs-cta-wrapper\" id=\"hs-cta-wrapper-4207e746-8e37-41ef-a2b9-9efd6ee7b0ac\"><span class=\"hs-cta-node hs-cta-4207e746-8e37-41ef-a2b9-9efd6ee7b0ac\" id=\"hs-cta-4207e746-8e37-41ef-a2b9-9efd6ee7b0ac\"><!--[if lte IE 8]><div id=\"hs-cta-ie-element\"><\/div><![endif]--><a href=\"https:\/\/cta-redirect.hubspot.com\/cta\/redirect\/5566751\/4207e746-8e37-41ef-a2b9-9efd6ee7b0ac\" ><img decoding=\"async\" class=\"hs-cta-img\" id=\"hs-cta-img-4207e746-8e37-41ef-a2b9-9efd6ee7b0ac\" style=\"border-width:0px;\" src=\"https:\/\/no-cache.hubspot.com\/cta\/default\/5566751\/4207e746-8e37-41ef-a2b9-9efd6ee7b0ac.png\"  alt=\"Das Erfolgsstory herunterladen\"\/><\/a><\/span><script charset=\"utf-8\" src=\"https:\/\/js.hscta.net\/cta\/current.js\"><\/script><script type=\"text\/javascript\"> hbspt.cta.load(5566751, '4207e746-8e37-41ef-a2b9-9efd6ee7b0ac', {\"useNewLoader\":\"true\",\"region\":\"na1\"}); <\/script><\/span><!-- end HubSpot Call-to-Action Code -->\t\t<\/article>\t<\/div>\t<div class=\"card cbp-item is-animated\" data-categories=\"datenerfassung;engagement-de;konvertierung;medien\">\t\t<img decoding=\"async\" src=\"https:\/\/qualifio.fidelodev.be\/wp-content\/uploads\/2021\/12\/customer-success-stories-bonnier.jpeg\" alt=\"\">\t\t<article>\t\t\t<h3>Bonnier<\/h3>\t\t\t<p><!-- wp:paragraph -->\n<p>Wie Bonnier Qualifio als Quelle f\u00fcr neue bezahlte Abonnenten nutzt.<\/p>\n<!-- \/wp:paragraph --><\/p><!--HubSpot Call-to-Action Code --><span class=\"hs-cta-wrapper\" id=\"hs-cta-wrapper-482ea12f-9725-4c34-a006-f9cf44551b00\"><span class=\"hs-cta-node hs-cta-482ea12f-9725-4c34-a006-f9cf44551b00\" id=\"hs-cta-482ea12f-9725-4c34-a006-f9cf44551b00\"><!--[if lte IE 8]><div id=\"hs-cta-ie-element\"><\/div><![endif]--><a href=\"https:\/\/cta-redirect.hubspot.com\/cta\/redirect\/5566751\/482ea12f-9725-4c34-a006-f9cf44551b00\" ><img decoding=\"async\" class=\"hs-cta-img\" id=\"hs-cta-img-482ea12f-9725-4c34-a006-f9cf44551b00\" style=\"border-width:0px;\" src=\"https:\/\/no-cache.hubspot.com\/cta\/default\/5566751\/482ea12f-9725-4c34-a006-f9cf44551b00.png\"  alt=\"Das Erfolgsstory herunterladen\"\/><\/a><\/span><script charset=\"utf-8\" src=\"https:\/\/js.hscta.net\/cta\/current.js\"><\/script><script type=\"text\/javascript\"> hbspt.cta.load(5566751, '482ea12f-9725-4c34-a006-f9cf44551b00', {\"useNewLoader\":\"true\",\"region\":\"na1\"}); <\/script><\/span><!-- end HubSpot Call-to-Action Code -->\t\t<\/article>\t<\/div>\t<div class=\"card cbp-item is-animated\" data-categories=\"datenerfassung;medien\">\t\t<img decoding=\"async\" src=\"https:\/\/qualifio.fidelodev.be\/wp-content\/uploads\/2021\/12\/customer-success-stories-vocento.jpeg\" alt=\"\">\t\t<article>\t\t\t<h3>Vocento<\/h3>\t\t\t<p><!-- wp:paragraph -->\n<p>Wie Vocento mehr als 50% seiner registrierten Nutzer mit Qualifio generiert.<\/p>\n<!-- \/wp:paragraph --><\/p><!--HubSpot Call-to-Action Code --><span class=\"hs-cta-wrapper\" id=\"hs-cta-wrapper-c6a2372f-ab50-42c3-8c4f-5b5e75ca4e50\"><span class=\"hs-cta-node hs-cta-c6a2372f-ab50-42c3-8c4f-5b5e75ca4e50\" id=\"hs-cta-c6a2372f-ab50-42c3-8c4f-5b5e75ca4e50\"><!--[if lte IE 8]><div id=\"hs-cta-ie-element\"><\/div><![endif]--><a href=\"https:\/\/cta-redirect.hubspot.com\/cta\/redirect\/5566751\/c6a2372f-ab50-42c3-8c4f-5b5e75ca4e50\" ><img decoding=\"async\" class=\"hs-cta-img\" id=\"hs-cta-img-c6a2372f-ab50-42c3-8c4f-5b5e75ca4e50\" style=\"border-width:0px;\" src=\"https:\/\/no-cache.hubspot.com\/cta\/default\/5566751\/c6a2372f-ab50-42c3-8c4f-5b5e75ca4e50.png\"  alt=\"Das Erfolgsstory herunterladen\"\/><\/a><\/span><script charset=\"utf-8\" src=\"https:\/\/js.hscta.net\/cta\/current.js\"><\/script><script type=\"text\/javascript\"> hbspt.cta.load(5566751, 'c6a2372f-ab50-42c3-8c4f-5b5e75ca4e50', {\"useNewLoader\":\"true\",\"region\":\"na1\"}); <\/script><\/span><!-- end HubSpot Call-to-Action Code -->\t\t<\/article>\t<\/div>\t<div class=\"card cbp-item is-animated\" data-categories=\"konvertierung;segmentierung;fmcg-de\">\t\t<img decoding=\"async\" src=\"https:\/\/qualifio.fidelodev.be\/wp-content\/uploads\/2021\/12\/nestle_customer_story.jpg\" alt=\"\">\t\t<article>\t\t\t<h3>Nestl\u00e9<\/h3>\t\t\t<p><!-- wp:paragraph -->\n<p>Nestl\u00e9 hat innerhalb eines Jahres die verschiedenen Gamification Formaten von Qualifio erfolgreich umgesetzt.<\/p>\n<!-- \/wp:paragraph --><\/p><!--HubSpot Call-to-Action Code --><span class=\"hs-cta-wrapper\" id=\"hs-cta-wrapper-dafa7d88-fb5b-4fd2-88f1-cd62341a7f68\"><span class=\"hs-cta-node hs-cta-dafa7d88-fb5b-4fd2-88f1-cd62341a7f68\" id=\"hs-cta-dafa7d88-fb5b-4fd2-88f1-cd62341a7f68\"><!--[if lte IE 8]><div id=\"hs-cta-ie-element\"><\/div><![endif]--><a href=\"https:\/\/cta-redirect.hubspot.com\/cta\/redirect\/5566751\/dafa7d88-fb5b-4fd2-88f1-cd62341a7f68\" ><img decoding=\"async\" class=\"hs-cta-img\" id=\"hs-cta-img-dafa7d88-fb5b-4fd2-88f1-cd62341a7f68\" style=\"border-width:0px;\" src=\"https:\/\/no-cache.hubspot.com\/cta\/default\/5566751\/dafa7d88-fb5b-4fd2-88f1-cd62341a7f68.png\"  alt=\"Das Erfolgsstory herunterladen\"\/><\/a><\/span><script charset=\"utf-8\" src=\"https:\/\/js.hscta.net\/cta\/current.js\"><\/script><script type=\"text\/javascript\"> hbspt.cta.load(5566751, 'dafa7d88-fb5b-4fd2-88f1-cd62341a7f68', {\"useNewLoader\":\"true\",\"region\":\"na1\"}); <\/script><\/span><!-- end HubSpot Call-to-Action Code -->\t\t<\/article>\t<\/div>\t<div class=\"card cbp-item is-animated\" data-categories=\"datenerfassung;konvertierung;retail-ecommerce-de\">\t\t<img decoding=\"async\" src=\"https:\/\/qualifio.fidelodev.be\/wp-content\/uploads\/2021\/12\/mediamarkt_customer_story.jpg\" alt=\"\">\t\t<article>\t\t\t<h3>MediaMarkt<\/h3>\t\t\t<p><!-- wp:paragraph -->\n<p>Lokale und globale Datenerfassung.<\/p>\n<!-- \/wp:paragraph --><\/p><!--HubSpot Call-to-Action Code --><span class=\"hs-cta-wrapper\" id=\"hs-cta-wrapper-653cf672-61ff-4f0f-9308-aeeaab31d098\"><span class=\"hs-cta-node hs-cta-653cf672-61ff-4f0f-9308-aeeaab31d098\" id=\"hs-cta-653cf672-61ff-4f0f-9308-aeeaab31d098\"><!--[if lte IE 8]><div id=\"hs-cta-ie-element\"><\/div><![endif]--><a href=\"https:\/\/cta-redirect.hubspot.com\/cta\/redirect\/5566751\/653cf672-61ff-4f0f-9308-aeeaab31d098\" ><img decoding=\"async\" class=\"hs-cta-img\" id=\"hs-cta-img-653cf672-61ff-4f0f-9308-aeeaab31d098\" style=\"border-width:0px;\" src=\"https:\/\/no-cache.hubspot.com\/cta\/default\/5566751\/653cf672-61ff-4f0f-9308-aeeaab31d098.png\"  alt=\"Das Erfolgsstory herunterladen\"\/><\/a><\/span><script charset=\"utf-8\" src=\"https:\/\/js.hscta.net\/cta\/current.js\"><\/script><script type=\"text\/javascript\"> hbspt.cta.load(5566751, '653cf672-61ff-4f0f-9308-aeeaab31d098', {\"useNewLoader\":\"true\",\"region\":\"na1\"}); <\/script><\/span><!-- end HubSpot Call-to-Action Code -->\t\t<\/article>\t<\/div>\t<div class=\"card cbp-item is-animated\" data-categories=\"\">\t\t<img decoding=\"async\" src=\"https:\/\/qualifio.fidelodev.be\/wp-content\/uploads\/2022\/06\/banner-customer-stories-more.png\" alt=\"\">\t\t<article>\t\t\t<h3>Wir haben mehr Erfolgsgeschichten!<\/h3>\t\t\t<p><!-- wp:paragraph -->\n<p>Hier finden Sie alle Erfolgsgeschichten auf Englisch<\/p>\n<!-- \/wp:paragraph --><\/p><!--HubSpot Call-to-Action Code --><span class=\"hs-cta-wrapper\" id=\"hs-cta-wrapper-3ae26d4c-a044-4161-973c-f5e265583ae9\"><span class=\"hs-cta-node hs-cta-3ae26d4c-a044-4161-973c-f5e265583ae9\" id=\"hs-cta-3ae26d4c-a044-4161-973c-f5e265583ae9\"><!--[if lte IE 8]><div id=\"hs-cta-ie-element\"><\/div><![endif]--><a href=\"https:\/\/cta-redirect.hubspot.com\/cta\/redirect\/5566751\/3ae26d4c-a044-4161-973c-f5e265583ae9\" ><img decoding=\"async\" class=\"hs-cta-img\" id=\"hs-cta-img-3ae26d4c-a044-4161-973c-f5e265583ae9\" style=\"border-width:0px;\" src=\"https:\/\/no-cache.hubspot.com\/cta\/default\/5566751\/3ae26d4c-a044-4161-973c-f5e265583ae9.png\"  alt=\"Check it out\"\/><\/a><\/span><script charset=\"utf-8\" src=\"https:\/\/js.hscta.net\/cta\/current.js\"><\/script><script type=\"text\/javascript\"> hbspt.cta.load(5566751, '3ae26d4c-a044-4161-973c-f5e265583ae9', {\"useNewLoader\":\"true\",\"region\":\"na1\"}); <\/script><\/span><!-- end HubSpot Call-to-Action Code -->\t\t<\/article>\t<\/div><\/div><\/div><\/section>\n<\/div>\n","protected":false},"excerpt":{"rendered":"","protected":false},"author":10,"featured_media":0,"parent":0,"menu_order":0,"comment_status":"closed","ping_status":"closed","template":"","meta":{"footnotes":""},"class_list":["post-7577","page","type-page","status-publish","hentry"],"yoast_head":"<!-- This site is optimized with the Yoast SEO plugin v22.9 - https:\/\/yoast.com\/wordpress\/plugins\/seo\/ -->\n<title>Kundenreferenzen - Qualifio<\/title>\n<meta name=\"description\" content=\"Entdecken Sie, wie unsere Kunden mit Qualifio erfolgreich sind: L&#039;Or\u00e9al EMEA, Decathlon, Coop, MediaMarkt, Vocento, RTL, ...\" \/>\n<meta name=\"robots\" content=\"noindex, follow, max-snippet:-1, max-image-preview:large, max-video-preview:-1\" \/>\n<meta property=\"og:locale\" content=\"de_DE\" \/>\n<meta property=\"og:type\" content=\"article\" \/>\n<meta property=\"og:title\" content=\"Kundenreferenzen - Qualifio\" \/>\n<meta property=\"og:description\" content=\"Entdecken Sie, wie unsere Kunden mit Qualifio erfolgreich sind: L&#039;Or\u00e9al EMEA, Decathlon, Coop, MediaMarkt, Vocento, RTL, ...\" \/>\n<meta property=\"og:url\" content=\"https:\/\/qualifio.fidelodev.be\/customer-success-stories\/\" \/>\n<meta property=\"og:site_name\" content=\"Qualifio\" \/>\n<meta property=\"article:modified_time\" content=\"2022-05-31T14:30:10+00:00\" \/>\n<meta property=\"og:image\" content=\"https:\/\/qualifio.fidelodev.be\/wp-content\/uploads\/2022\/02\/banner-qualifio-social.png\" \/>\n\t<meta property=\"og:image:width\" content=\"1200\" \/>\n\t<meta property=\"og:image:height\" content=\"627\" \/>\n\t<meta property=\"og:image:type\" content=\"image\/png\" \/>\n<meta name=\"twitter:card\" content=\"summary_large_image\" \/>\n<meta name=\"twitter:label1\" content=\"Gesch\u00e4tzte Lesezeit\" \/>\n\t<meta name=\"twitter:data1\" content=\"1\u00a0Minute\" \/>\n<script type=\"application\/ld+json\" class=\"yoast-schema-graph\">{\"@context\":\"https:\/\/schema.org\",\"@graph\":[{\"@type\":\"WebPage\",\"@id\":\"https:\/\/qualifio.fidelodev.be\/customer-success-stories\/\",\"url\":\"https:\/\/qualifio.fidelodev.be\/customer-success-stories\/\",\"name\":\"Kundenreferenzen - Qualifio\",\"isPartOf\":{\"@id\":\"https:\/\/qualifio.fidelodev.be\/#website\"},\"datePublished\":\"2022-05-27T08:31:11+00:00\",\"dateModified\":\"2022-05-31T14:30:10+00:00\",\"description\":\"Entdecken Sie, wie unsere Kunden mit Qualifio erfolgreich sind: L'Or\u00e9al EMEA, Decathlon, Coop, MediaMarkt, Vocento, RTL, ...\",\"breadcrumb\":{\"@id\":\"https:\/\/qualifio.fidelodev.be\/customer-success-stories\/#breadcrumb\"},\"inLanguage\":\"de\",\"potentialAction\":[{\"@type\":\"ReadAction\",\"target\":[\"https:\/\/qualifio.fidelodev.be\/customer-success-stories\/\"]}]},{\"@type\":\"BreadcrumbList\",\"@id\":\"https:\/\/qualifio.fidelodev.be\/customer-success-stories\/#breadcrumb\",\"itemListElement\":[{\"@type\":\"ListItem\",\"position\":1,\"name\":\"Home\",\"item\":\"https:\/\/qualifio.fidelodev.be\/de\/\"},{\"@type\":\"ListItem\",\"position\":2,\"name\":\"Kundenreferenzen\"}]},{\"@type\":\"WebSite\",\"@id\":\"https:\/\/qualifio.fidelodev.be\/#website\",\"url\":\"https:\/\/qualifio.fidelodev.be\/\",\"name\":\"Qualifio\",\"description\":\"Un site utilisant WordPress\",\"publisher\":{\"@id\":\"https:\/\/qualifio.fidelodev.be\/#organization\"},\"potentialAction\":[{\"@type\":\"SearchAction\",\"target\":{\"@type\":\"EntryPoint\",\"urlTemplate\":\"https:\/\/qualifio.fidelodev.be\/?s={search_term_string}\"},\"query-input\":\"required name=search_term_string\"}],\"inLanguage\":\"de\"},{\"@type\":\"Organization\",\"@id\":\"https:\/\/qualifio.fidelodev.be\/#organization\",\"name\":\"Qualifio\",\"url\":\"https:\/\/qualifio.fidelodev.be\/\",\"logo\":{\"@type\":\"ImageObject\",\"inLanguage\":\"de\",\"@id\":\"https:\/\/qualifio.fidelodev.be\/#\/schema\/logo\/image\/\",\"url\":\"https:\/\/qualifio.fidelodev.be\/wp-content\/uploads\/2022\/06\/banner-blog-news-simple.png\",\"contentUrl\":\"https:\/\/qualifio.fidelodev.be\/wp-content\/uploads\/2022\/06\/banner-blog-news-simple.png\",\"width\":460,\"height\":240,\"caption\":\"Qualifio\"},\"image\":{\"@id\":\"https:\/\/qualifio.fidelodev.be\/#\/schema\/logo\/image\/\"}}]}<\/script>\n<!-- \/ Yoast SEO plugin. -->","yoast_head_json":{"title":"Kundenreferenzen - Qualifio","description":"Entdecken Sie, wie unsere Kunden mit Qualifio erfolgreich sind: L'Or\u00e9al EMEA, Decathlon, Coop, MediaMarkt, Vocento, RTL, ...","robots":{"index":"noindex","follow":"follow","max-snippet":"max-snippet:-1","max-image-preview":"max-image-preview:large","max-video-preview":"max-video-preview:-1"},"og_locale":"de_DE","og_type":"article","og_title":"Kundenreferenzen - Qualifio","og_description":"Entdecken Sie, wie unsere Kunden mit Qualifio erfolgreich sind: L'Or\u00e9al EMEA, Decathlon, Coop, MediaMarkt, Vocento, RTL, ...","og_url":"https:\/\/qualifio.fidelodev.be\/customer-success-stories\/","og_site_name":"Qualifio","article_modified_time":"2022-05-31T14:30:10+00:00","og_image":[{"width":1200,"height":627,"url":"https:\/\/qualifio.fidelodev.be\/wp-content\/uploads\/2022\/02\/banner-qualifio-social.png","type":"image\/png"}],"twitter_card":"summary_large_image","twitter_misc":{"Gesch\u00e4tzte Lesezeit":"1\u00a0Minute"},"schema":{"@context":"https:\/\/schema.org","@graph":[{"@type":"WebPage","@id":"https:\/\/qualifio.fidelodev.be\/customer-success-stories\/","url":"https:\/\/qualifio.fidelodev.be\/customer-success-stories\/","name":"Kundenreferenzen - Qualifio","isPartOf":{"@id":"https:\/\/qualifio.fidelodev.be\/#website"},"datePublished":"2022-05-27T08:31:11+00:00","dateModified":"2022-05-31T14:30:10+00:00","description":"Entdecken Sie, wie unsere Kunden mit Qualifio erfolgreich sind: L'Or\u00e9al EMEA, Decathlon, Coop, MediaMarkt, Vocento, RTL, ...","breadcrumb":{"@id":"https:\/\/qualifio.fidelodev.be\/customer-success-stories\/#breadcrumb"},"inLanguage":"de","potentialAction":[{"@type":"ReadAction","target":["https:\/\/qualifio.fidelodev.be\/customer-success-stories\/"]}]},{"@type":"BreadcrumbList","@id":"https:\/\/qualifio.fidelodev.be\/customer-success-stories\/#breadcrumb","itemListElement":[{"@type":"ListItem","position":1,"name":"Home","item":"https:\/\/qualifio.fidelodev.be\/de\/"},{"@type":"ListItem","position":2,"name":"Kundenreferenzen"}]},{"@type":"WebSite","@id":"https:\/\/qualifio.fidelodev.be\/#website","url":"https:\/\/qualifio.fidelodev.be\/","name":"Qualifio","description":"Un site utilisant WordPress","publisher":{"@id":"https:\/\/qualifio.fidelodev.be\/#organization"},"potentialAction":[{"@type":"SearchAction","target":{"@type":"EntryPoint","urlTemplate":"https:\/\/qualifio.fidelodev.be\/?s={search_term_string}"},"query-input":"required name=search_term_string"}],"inLanguage":"de"},{"@type":"Organization","@id":"https:\/\/qualifio.fidelodev.be\/#organization","name":"Qualifio","url":"https:\/\/qualifio.fidelodev.be\/","logo":{"@type":"ImageObject","inLanguage":"de","@id":"https:\/\/qualifio.fidelodev.be\/#\/schema\/logo\/image\/","url":"https:\/\/qualifio.fidelodev.be\/wp-content\/uploads\/2022\/06\/banner-blog-news-simple.png","contentUrl":"https:\/\/qualifio.fidelodev.be\/wp-content\/uploads\/2022\/06\/banner-blog-news-simple.png","width":460,"height":240,"caption":"Qualifio"},"image":{"@id":"https:\/\/qualifio.fidelodev.be\/#\/schema\/logo\/image\/"}}]}},"_links":{"self":[{"href":"https:\/\/qualifio.fidelodev.be\/de\/wp-json\/wp\/v2\/pages\/7577","targetHints":{"allow":["GET"]}}],"collection":[{"href":"https:\/\/qualifio.fidelodev.be\/de\/wp-json\/wp\/v2\/pages"}],"about":[{"href":"https:\/\/qualifio.fidelodev.be\/de\/wp-json\/wp\/v2\/types\/page"}],"author":[{"embeddable":true,"href":"https:\/\/qualifio.fidelodev.be\/de\/wp-json\/wp\/v2\/users\/10"}],"replies":[{"embeddable":true,"href":"https:\/\/qualifio.fidelodev.be\/de\/wp-json\/wp\/v2\/comments?post=7577"}],"version-history":[{"count":0,"href":"https:\/\/qualifio.fidelodev.be\/de\/wp-json\/wp\/v2\/pages\/7577\/revisions"}],"wp:attachment":[{"href":"https:\/\/qualifio.fidelodev.be\/de\/wp-json\/wp\/v2\/media?parent=7577"}],"curies":[{"name":"wp","href":"https:\/\/api.w.org\/{rel}","templated":true}]}}