{"id":4980,"date":"2021-12-05T16:16:28","date_gmt":"2021-12-05T15:16:28","guid":{"rendered":"https:\/\/qualifio.fidelodev.be\/?page_id=4980"},"modified":"2021-12-15T10:16:25","modified_gmt":"2021-12-15T09:16:25","slug":"webinars","status":"publish","type":"page","link":"https:\/\/qualifio.fidelodev.be\/es\/webinars\/","title":{"rendered":"Webinars"},"content":{"rendered":"\n<section class=\"wp-block-fidelo-page-header main-top-page animation\" data-blockstyle=\"animation\"><div class=\"top-page wrapper-max\"><div class=\"top-page-illustration\"><div class=\"\" id=\"lottie-webinar\"><\/div><\/div><div class=\"top-page-description\">\n<h1 class=\"has-text-align-left wp-block-heading\">Webinars<\/h1>\n\n\n\n<p class=\"has-text-align-left\">\u00c9chale un vistazo a nuestros webinars repletos de inspiraci\u00f3n y consejos.<\/p>\n<\/div><\/div><\/section>\n\n\n\n<section class=\"wp-block-fidelo-webinars\" data-block-style=\"bg-light-grey\"><div class=\"wrapper-max\"><div class=\"filters-container align-center\" class=\"cbp-l-filters-button\"><div class=\"filters-content\"><div data-filter=\"*\" class=\"cbp-filter-item-active cbp-filter-item\">All<\/div><div data-filter=\"conversion-es\" class=\"cbp-filter-item\">Conversi\u00f3n<\/div><div data-filter=\"engagement-es\" class=\"cbp-filter-item\">Engagement<\/div><div data-filter=\"loyalty-es\" class=\"cbp-filter-item\">Fidelizaci\u00f3n<\/div><div data-filter=\"legal-gdpr-es\" class=\"cbp-filter-item\">Legal &amp; GDPR<\/div><div data-filter=\"data-collection-es\" class=\"cbp-filter-item\">Recopilaci\u00f3n de datos<\/div><div data-filter=\"segmentation-es\" class=\"cbp-filter-item\">Segmentation<\/div><\/div><\/div>\t<div class=\"container-cards cards-showcase \">\t<div class=\"card cbp-item is-animated\" data-categories=\"conversion-es;engagement-es;data-collection-es\">\t\t<img decoding=\"async\" src=\"https:\/\/qualifio.fidelodev.be\/wp-content\/uploads\/2021\/12\/webinar-conversion.png\" alt=\"\">\t\t<article>\t\t\t<h3>Interacci\u00f3n como palanca de conversi\u00f3n web<\/h3>\t\t\t<p><!-- wp:paragraph -->\n<p>\u00bfC\u00f3mo las grandes marcas europeas convierten a su \u200b\u200b\u200b\u200b\u200b\u200b\u200baudiencia en cada etapa del customer journey?<\/p>\n<!-- \/wp:paragraph --><\/p><!--HubSpot Call-to-Action Code --><span class=\"hs-cta-wrapper\" id=\"hs-cta-wrapper-e90ccf01-1c67-497f-ba5d-cea62bacc870\"><span class=\"hs-cta-node hs-cta-e90ccf01-1c67-497f-ba5d-cea62bacc870\" id=\"hs-cta-e90ccf01-1c67-497f-ba5d-cea62bacc870\"><!--[if lte IE 8]><div id=\"hs-cta-ie-element\"><\/div><![endif]--><a href=\"https:\/\/cta-redirect.hubspot.com\/cta\/redirect\/5566751\/e90ccf01-1c67-497f-ba5d-cea62bacc870\" target=\"_blank\" rel=\"noopener\"><img decoding=\"async\" class=\"hs-cta-img\" id=\"hs-cta-img-e90ccf01-1c67-497f-ba5d-cea62bacc870\" style=\"border-width:0px;\" src=\"https:\/\/no-cache.hubspot.com\/cta\/default\/5566751\/e90ccf01-1c67-497f-ba5d-cea62bacc870.png\"  alt=\"Ver\"\/><\/a><\/span><script charset=\"utf-8\" src=\"https:\/\/js.hscta.net\/cta\/current.js\"><\/script><script type=\"text\/javascript\"> hbspt.cta.load(5566751, 'e90ccf01-1c67-497f-ba5d-cea62bacc870', {\"useNewLoader\":\"true\",\"region\":\"na1\"}); <\/script><\/span><!-- end HubSpot Call-to-Action Code -->\t\t<\/article>\t<\/div>\t<div class=\"card cbp-item is-animated\" data-categories=\"legal-gdpr-es;data-collection-es\">\t\t<img decoding=\"async\" src=\"https:\/\/qualifio.fidelodev.be\/wp-content\/uploads\/2021\/12\/webinar-cookieless.png\" alt=\"\">\t\t<article>\t\t\t<h3>Cookieless y zero-party data<\/h3>\t\t\t<p><!-- wp:paragraph -->\n<p>\u00bfQu\u00e9 est\u00e1 haciendo tu marca?<\/p>\n<!-- \/wp:paragraph --><\/p><!--HubSpot Call-to-Action Code --><span class=\"hs-cta-wrapper\" id=\"hs-cta-wrapper-3817b3f6-a3ce-41e3-a214-ac31b467731d\"><span class=\"hs-cta-node hs-cta-3817b3f6-a3ce-41e3-a214-ac31b467731d\" id=\"hs-cta-3817b3f6-a3ce-41e3-a214-ac31b467731d\"><!--[if lte IE 8]><div id=\"hs-cta-ie-element\"><\/div><![endif]--><a href=\"https:\/\/cta-redirect.hubspot.com\/cta\/redirect\/5566751\/3817b3f6-a3ce-41e3-a214-ac31b467731d\" ><img decoding=\"async\" class=\"hs-cta-img\" id=\"hs-cta-img-3817b3f6-a3ce-41e3-a214-ac31b467731d\" style=\"border-width:0px;\" src=\"https:\/\/no-cache.hubspot.com\/cta\/default\/5566751\/3817b3f6-a3ce-41e3-a214-ac31b467731d.png\"  alt=\"Ver\"\/><\/a><\/span><script charset=\"utf-8\" src=\"https:\/\/js.hscta.net\/cta\/current.js\"><\/script><script type=\"text\/javascript\"> hbspt.cta.load(5566751, '3817b3f6-a3ce-41e3-a214-ac31b467731d', {\"useNewLoader\":\"true\",\"region\":\"na1\"}); <\/script><\/span><!-- end HubSpot Call-to-Action Code -->\t\t<\/article>\t<\/div>\t<div class=\"card cbp-item is-animated\" data-categories=\"engagement-es\">\t\t<img decoding=\"async\" src=\"https:\/\/qualifio.fidelodev.be\/wp-content\/uploads\/2021\/12\/webinar-consumer-engagement.png\" alt=\"\">\t\t<article>\t\t\t<h3>Engagement y CX<\/h3>\t\t\t<p><!-- wp:paragraph -->\n<p>10 acciones para generar engagement y optimizar el CX<\/p>\n<!-- \/wp:paragraph --><\/p><!--HubSpot Call-to-Action Code --><span class=\"hs-cta-wrapper\" id=\"hs-cta-wrapper-5616fe7b-731e-429a-b546-a29a2e978308\"><span class=\"hs-cta-node hs-cta-5616fe7b-731e-429a-b546-a29a2e978308\" id=\"hs-cta-5616fe7b-731e-429a-b546-a29a2e978308\"><!--[if lte IE 8]><div id=\"hs-cta-ie-element\"><\/div><![endif]--><a href=\"https:\/\/cta-redirect.hubspot.com\/cta\/redirect\/5566751\/5616fe7b-731e-429a-b546-a29a2e978308\" target=\"_blank\" rel=\"noopener\"><img decoding=\"async\" class=\"hs-cta-img\" id=\"hs-cta-img-5616fe7b-731e-429a-b546-a29a2e978308\" style=\"border-width:0px;\" src=\"https:\/\/no-cache.hubspot.com\/cta\/default\/5566751\/5616fe7b-731e-429a-b546-a29a2e978308.png\"  alt=\"Ver\"\/><\/a><\/span><script charset=\"utf-8\" src=\"https:\/\/js.hscta.net\/cta\/current.js\"><\/script><script type=\"text\/javascript\"> hbspt.cta.load(5566751, '5616fe7b-731e-429a-b546-a29a2e978308', {\"useNewLoader\":\"true\",\"region\":\"na1\"}); <\/script><\/span><!-- end HubSpot Call-to-Action Code -->\t\t<\/article>\t<\/div>\t<div class=\"card cbp-item is-animated\" data-categories=\"engagement-es;data-collection-es\">\t\t<img decoding=\"async\" src=\"https:\/\/qualifio.fidelodev.be\/wp-content\/uploads\/2021\/12\/webinar-lead.png\" alt=\"\">\t\t<article>\t\t\t<h3>De visitante an\u00f3nimo a lead<\/h3>\t\t\t<p><!-- wp:paragraph -->\n<p>De visitante an\u00f3nimo a lead: respuestas estrat\u00e9gicas de grandes marcas m\u00e1s all\u00e1 del CRO.<\/p>\n<!-- \/wp:paragraph --><\/p><!--HubSpot Call-to-Action Code --><span class=\"hs-cta-wrapper\" id=\"hs-cta-wrapper-b9a0d652-f1c9-4359-82f8-14dc771fb8f3\"><span class=\"hs-cta-node hs-cta-b9a0d652-f1c9-4359-82f8-14dc771fb8f3\" id=\"hs-cta-b9a0d652-f1c9-4359-82f8-14dc771fb8f3\"><!--[if lte IE 8]><div id=\"hs-cta-ie-element\"><\/div><![endif]--><a href=\"https:\/\/cta-redirect.hubspot.com\/cta\/redirect\/5566751\/b9a0d652-f1c9-4359-82f8-14dc771fb8f3\" target=\"_blank\" rel=\"noopener\"><img decoding=\"async\" class=\"hs-cta-img\" id=\"hs-cta-img-b9a0d652-f1c9-4359-82f8-14dc771fb8f3\" style=\"border-width:0px;\" src=\"https:\/\/no-cache.hubspot.com\/cta\/default\/5566751\/b9a0d652-f1c9-4359-82f8-14dc771fb8f3.png\"  alt=\"Ver\"\/><\/a><\/span><script charset=\"utf-8\" src=\"https:\/\/js.hscta.net\/cta\/current.js\"><\/script><script type=\"text\/javascript\"> hbspt.cta.load(5566751, 'b9a0d652-f1c9-4359-82f8-14dc771fb8f3', {\"useNewLoader\":\"true\",\"region\":\"na1\"}); <\/script><\/span><!-- end HubSpot Call-to-Action Code -->\t\t<\/article>\t<\/div>\t<div class=\"card cbp-item is-animated\" data-categories=\"conversion-es;engagement-es;data-collection-es\">\t\t<img decoding=\"async\" src=\"https:\/\/qualifio.fidelodev.be\/wp-content\/uploads\/2021\/12\/webinar-kpis.png\" alt=\"\">\t\t<article>\t\t\t<h3>KPIs<\/h3>\t\t\t<p><!-- wp:paragraph -->\n<p>El impacto de las campa\u00f1as de marketing interactivo en los principales KPI\u2019s de grandes marcas<\/p>\n<!-- \/wp:paragraph --><\/p><!--HubSpot Call-to-Action Code --><span class=\"hs-cta-wrapper\" id=\"hs-cta-wrapper-1db2e3d5-fa61-44ed-bbc0-9ed18e82b25d\"><span class=\"hs-cta-node hs-cta-1db2e3d5-fa61-44ed-bbc0-9ed18e82b25d\" id=\"hs-cta-1db2e3d5-fa61-44ed-bbc0-9ed18e82b25d\"><!--[if lte IE 8]><div id=\"hs-cta-ie-element\"><\/div><![endif]--><a href=\"https:\/\/cta-redirect.hubspot.com\/cta\/redirect\/5566751\/1db2e3d5-fa61-44ed-bbc0-9ed18e82b25d\" target=\"_blank\" rel=\"noopener\"><img decoding=\"async\" class=\"hs-cta-img\" id=\"hs-cta-img-1db2e3d5-fa61-44ed-bbc0-9ed18e82b25d\" style=\"border-width:0px;\" src=\"https:\/\/no-cache.hubspot.com\/cta\/default\/5566751\/1db2e3d5-fa61-44ed-bbc0-9ed18e82b25d.png\"  alt=\"Ver\"\/><\/a><\/span><script charset=\"utf-8\" src=\"https:\/\/js.hscta.net\/cta\/current.js\"><\/script><script type=\"text\/javascript\"> hbspt.cta.load(5566751, '1db2e3d5-fa61-44ed-bbc0-9ed18e82b25d', {\"useNewLoader\":\"true\",\"region\":\"na1\"}); <\/script><\/span><!-- end HubSpot Call-to-Action Code -->\t\t<\/article>\t<\/div>\t<div class=\"card cbp-item is-animated\" data-categories=\"conversion-es;engagement-es;loyalty-es;data-collection-es;segmentation-es\">\t\t<img decoding=\"async\" src=\"https:\/\/qualifio.fidelodev.be\/wp-content\/uploads\/2021\/12\/webinar-fmcg-brands.png\" alt=\"\">\t\t<article>\t\t\t<h3>Marcas de gran consumo<\/h3>\t\t\t<p><!-- wp:paragraph -->\n<p>C\u00f3mo las marcas de gran consumo usan las campa\u00f1as interactivas para conocer a sus compradores<\/p>\n<!-- \/wp:paragraph --><\/p><!--HubSpot Call-to-Action Code --><span class=\"hs-cta-wrapper\" id=\"hs-cta-wrapper-738d3e9d-051b-4e60-a57d-ea2b2559e9af\"><span class=\"hs-cta-node hs-cta-738d3e9d-051b-4e60-a57d-ea2b2559e9af\" id=\"hs-cta-738d3e9d-051b-4e60-a57d-ea2b2559e9af\"><!--[if lte IE 8]><div id=\"hs-cta-ie-element\"><\/div><![endif]--><a href=\"https:\/\/cta-redirect.hubspot.com\/cta\/redirect\/5566751\/738d3e9d-051b-4e60-a57d-ea2b2559e9af\" target=\"_blank\" rel=\"noopener\"><img decoding=\"async\" class=\"hs-cta-img\" id=\"hs-cta-img-738d3e9d-051b-4e60-a57d-ea2b2559e9af\" style=\"border-width:0px;\" src=\"https:\/\/no-cache.hubspot.com\/cta\/default\/5566751\/738d3e9d-051b-4e60-a57d-ea2b2559e9af.png\"  alt=\"Ver\"\/><\/a><\/span><script charset=\"utf-8\" src=\"https:\/\/js.hscta.net\/cta\/current.js\"><\/script><script type=\"text\/javascript\"> hbspt.cta.load(5566751, '738d3e9d-051b-4e60-a57d-ea2b2559e9af', {\"useNewLoader\":\"true\",\"region\":\"na1\"}); <\/script><\/span><!-- end HubSpot Call-to-Action Code -->\t\t<\/article>\t<\/div><\/div><\/div><\/section>\n","protected":false},"excerpt":{"rendered":"","protected":false},"author":3,"featured_media":0,"parent":0,"menu_order":0,"comment_status":"closed","ping_status":"closed","template":"","meta":{"footnotes":""},"class_list":["post-4980","page","type-page","status-publish","hentry"],"yoast_head":"<!-- This site is optimized with the Yoast SEO plugin v22.9 - https:\/\/yoast.com\/wordpress\/plugins\/seo\/ -->\n<title>Webinars - Qualifio<\/title>\n<meta name=\"description\" content=\"\u00c9chale un vistazo a nuestros webinars repletos de inspiraci\u00f3n y consejos. Marketing interactivo, recopilaci\u00f3n de datos, fidelizaci\u00f3n, etc.\" \/>\n<meta name=\"robots\" content=\"noindex, follow, max-snippet:-1, max-image-preview:large, max-video-preview:-1\" \/>\n<meta property=\"og:locale\" content=\"es_ES\" \/>\n<meta property=\"og:type\" content=\"article\" \/>\n<meta property=\"og:title\" content=\"Webinars - Qualifio\" \/>\n<meta property=\"og:description\" content=\"\u00c9chale un vistazo a nuestros webinars repletos de inspiraci\u00f3n y consejos. Marketing interactivo, recopilaci\u00f3n de datos, fidelizaci\u00f3n, etc.\" \/>\n<meta property=\"og:url\" content=\"https:\/\/qualifio.fidelodev.be\/webinars\/\" \/>\n<meta property=\"og:site_name\" content=\"Qualifio\" \/>\n<meta property=\"article:modified_time\" content=\"2021-12-15T09:16:25+00:00\" \/>\n<meta property=\"og:image\" content=\"https:\/\/qualifio.fidelodev.be\/wp-content\/uploads\/2022\/02\/banner-qualifio-social.png\" \/>\n\t<meta property=\"og:image:width\" content=\"1200\" \/>\n\t<meta property=\"og:image:height\" content=\"627\" \/>\n\t<meta property=\"og:image:type\" content=\"image\/png\" \/>\n<meta name=\"twitter:card\" content=\"summary_large_image\" \/>\n<meta name=\"twitter:label1\" content=\"Tiempo de lectura\" \/>\n\t<meta name=\"twitter:data1\" content=\"1 minuto\" \/>\n<script type=\"application\/ld+json\" class=\"yoast-schema-graph\">{\"@context\":\"https:\/\/schema.org\",\"@graph\":[{\"@type\":\"WebPage\",\"@id\":\"https:\/\/qualifio.fidelodev.be\/webinars\/\",\"url\":\"https:\/\/qualifio.fidelodev.be\/webinars\/\",\"name\":\"Webinars - Qualifio\",\"isPartOf\":{\"@id\":\"https:\/\/qualifio.fidelodev.be\/#website\"},\"datePublished\":\"2021-12-05T15:16:28+00:00\",\"dateModified\":\"2021-12-15T09:16:25+00:00\",\"description\":\"\u00c9chale un vistazo a nuestros webinars repletos de inspiraci\u00f3n y consejos. Marketing interactivo, recopilaci\u00f3n de datos, fidelizaci\u00f3n, etc.\",\"breadcrumb\":{\"@id\":\"https:\/\/qualifio.fidelodev.be\/webinars\/#breadcrumb\"},\"inLanguage\":\"es\",\"potentialAction\":[{\"@type\":\"ReadAction\",\"target\":[\"https:\/\/qualifio.fidelodev.be\/webinars\/\"]}]},{\"@type\":\"BreadcrumbList\",\"@id\":\"https:\/\/qualifio.fidelodev.be\/webinars\/#breadcrumb\",\"itemListElement\":[{\"@type\":\"ListItem\",\"position\":1,\"name\":\"Home\",\"item\":\"https:\/\/qualifio.fidelodev.be\/es\/\"},{\"@type\":\"ListItem\",\"position\":2,\"name\":\"Webinars\"}]},{\"@type\":\"WebSite\",\"@id\":\"https:\/\/qualifio.fidelodev.be\/#website\",\"url\":\"https:\/\/qualifio.fidelodev.be\/\",\"name\":\"Qualifio\",\"description\":\"Un site utilisant WordPress\",\"publisher\":{\"@id\":\"https:\/\/qualifio.fidelodev.be\/#organization\"},\"potentialAction\":[{\"@type\":\"SearchAction\",\"target\":{\"@type\":\"EntryPoint\",\"urlTemplate\":\"https:\/\/qualifio.fidelodev.be\/?s={search_term_string}\"},\"query-input\":\"required name=search_term_string\"}],\"inLanguage\":\"es\"},{\"@type\":\"Organization\",\"@id\":\"https:\/\/qualifio.fidelodev.be\/#organization\",\"name\":\"Qualifio\",\"url\":\"https:\/\/qualifio.fidelodev.be\/\",\"logo\":{\"@type\":\"ImageObject\",\"inLanguage\":\"es\",\"@id\":\"https:\/\/qualifio.fidelodev.be\/#\/schema\/logo\/image\/\",\"url\":\"https:\/\/qualifio.fidelodev.be\/wp-content\/uploads\/2022\/06\/banner-blog-news-simple.png\",\"contentUrl\":\"https:\/\/qualifio.fidelodev.be\/wp-content\/uploads\/2022\/06\/banner-blog-news-simple.png\",\"width\":460,\"height\":240,\"caption\":\"Qualifio\"},\"image\":{\"@id\":\"https:\/\/qualifio.fidelodev.be\/#\/schema\/logo\/image\/\"}}]}<\/script>\n<!-- \/ Yoast SEO plugin. -->","yoast_head_json":{"title":"Webinars - Qualifio","description":"\u00c9chale un vistazo a nuestros webinars repletos de inspiraci\u00f3n y consejos. Marketing interactivo, recopilaci\u00f3n de datos, fidelizaci\u00f3n, etc.","robots":{"index":"noindex","follow":"follow","max-snippet":"max-snippet:-1","max-image-preview":"max-image-preview:large","max-video-preview":"max-video-preview:-1"},"og_locale":"es_ES","og_type":"article","og_title":"Webinars - Qualifio","og_description":"\u00c9chale un vistazo a nuestros webinars repletos de inspiraci\u00f3n y consejos. Marketing interactivo, recopilaci\u00f3n de datos, fidelizaci\u00f3n, etc.","og_url":"https:\/\/qualifio.fidelodev.be\/webinars\/","og_site_name":"Qualifio","article_modified_time":"2021-12-15T09:16:25+00:00","og_image":[{"width":1200,"height":627,"url":"https:\/\/qualifio.fidelodev.be\/wp-content\/uploads\/2022\/02\/banner-qualifio-social.png","type":"image\/png"}],"twitter_card":"summary_large_image","twitter_misc":{"Tiempo de lectura":"1 minuto"},"schema":{"@context":"https:\/\/schema.org","@graph":[{"@type":"WebPage","@id":"https:\/\/qualifio.fidelodev.be\/webinars\/","url":"https:\/\/qualifio.fidelodev.be\/webinars\/","name":"Webinars - Qualifio","isPartOf":{"@id":"https:\/\/qualifio.fidelodev.be\/#website"},"datePublished":"2021-12-05T15:16:28+00:00","dateModified":"2021-12-15T09:16:25+00:00","description":"\u00c9chale un vistazo a nuestros webinars repletos de inspiraci\u00f3n y consejos. Marketing interactivo, recopilaci\u00f3n de datos, fidelizaci\u00f3n, etc.","breadcrumb":{"@id":"https:\/\/qualifio.fidelodev.be\/webinars\/#breadcrumb"},"inLanguage":"es","potentialAction":[{"@type":"ReadAction","target":["https:\/\/qualifio.fidelodev.be\/webinars\/"]}]},{"@type":"BreadcrumbList","@id":"https:\/\/qualifio.fidelodev.be\/webinars\/#breadcrumb","itemListElement":[{"@type":"ListItem","position":1,"name":"Home","item":"https:\/\/qualifio.fidelodev.be\/es\/"},{"@type":"ListItem","position":2,"name":"Webinars"}]},{"@type":"WebSite","@id":"https:\/\/qualifio.fidelodev.be\/#website","url":"https:\/\/qualifio.fidelodev.be\/","name":"Qualifio","description":"Un site utilisant WordPress","publisher":{"@id":"https:\/\/qualifio.fidelodev.be\/#organization"},"potentialAction":[{"@type":"SearchAction","target":{"@type":"EntryPoint","urlTemplate":"https:\/\/qualifio.fidelodev.be\/?s={search_term_string}"},"query-input":"required name=search_term_string"}],"inLanguage":"es"},{"@type":"Organization","@id":"https:\/\/qualifio.fidelodev.be\/#organization","name":"Qualifio","url":"https:\/\/qualifio.fidelodev.be\/","logo":{"@type":"ImageObject","inLanguage":"es","@id":"https:\/\/qualifio.fidelodev.be\/#\/schema\/logo\/image\/","url":"https:\/\/qualifio.fidelodev.be\/wp-content\/uploads\/2022\/06\/banner-blog-news-simple.png","contentUrl":"https:\/\/qualifio.fidelodev.be\/wp-content\/uploads\/2022\/06\/banner-blog-news-simple.png","width":460,"height":240,"caption":"Qualifio"},"image":{"@id":"https:\/\/qualifio.fidelodev.be\/#\/schema\/logo\/image\/"}}]}},"_links":{"self":[{"href":"https:\/\/qualifio.fidelodev.be\/es\/wp-json\/wp\/v2\/pages\/4980","targetHints":{"allow":["GET"]}}],"collection":[{"href":"https:\/\/qualifio.fidelodev.be\/es\/wp-json\/wp\/v2\/pages"}],"about":[{"href":"https:\/\/qualifio.fidelodev.be\/es\/wp-json\/wp\/v2\/types\/page"}],"author":[{"embeddable":true,"href":"https:\/\/qualifio.fidelodev.be\/es\/wp-json\/wp\/v2\/users\/3"}],"replies":[{"embeddable":true,"href":"https:\/\/qualifio.fidelodev.be\/es\/wp-json\/wp\/v2\/comments?post=4980"}],"version-history":[{"count":0,"href":"https:\/\/qualifio.fidelodev.be\/es\/wp-json\/wp\/v2\/pages\/4980\/revisions"}],"wp:attachment":[{"href":"https:\/\/qualifio.fidelodev.be\/es\/wp-json\/wp\/v2\/media?parent=4980"}],"curies":[{"name":"wp","href":"https:\/\/api.w.org\/{rel}","templated":true}]}}