{"id":5061,"date":"2021-12-05T17:55:10","date_gmt":"2021-12-05T16:55:10","guid":{"rendered":"https:\/\/qualifio.fidelodev.be\/?page_id=5061"},"modified":"2024-04-10T09:37:36","modified_gmt":"2024-04-10T07:37:36","slug":"solicita-demo","status":"publish","type":"page","link":"https:\/\/qualifio.fidelodev.be\/es\/solicita-demo\/","title":{"rendered":"Solicita una demo"},"content":{"rendered":"\n<section class=\"wp-block-fidelo-page-header main-top-page mix-head marine-head\" data-blockstyle=\"mix-head\"><div class=\"top-pattern-img\"><img decoding=\"async\" src=\"\/wp-content\/themes\/qualifio2021\/assets\/images\/pattern-03-both.png\"\/><\/div><div class=\"top-page wrapper-max\"><div class=\"top-center-description\">\n<h1 class=\"wp-block-heading has-text-align-center\" id=\"curious-about-our-solutions-schedule-a-live-demo\">\u00bfTe interesa nuestra plataforma?<br>Solicita una demo en vivo<\/h1>\n\n\n\n<p class=\"has-text-align-center\">Descubre c\u00f3mo puedes elevar tu estrategia de recopilaci\u00f3n como nuestros m\u00e1s de 400 clientes globales<\/p>\n<\/div><\/div><\/section>\n\n\n\n<div class=\"wp-block-group bg-light-grey is-layout-flow wp-block-group-is-layout-flow\">\n<div class=\"wp-block-columns wrapper-max is-layout-flex wp-container-core-columns-is-layout-28f84493 wp-block-columns-is-layout-flex\">\n<div class=\"wp-block-column is-layout-flow wp-block-column-is-layout-flow\">\n<h2 class=\"wp-block-heading has-text-align-left\">Con Qualifio, puedes:<\/h2>\n\n\n\n<ul class=\"orange-list wp-block-list\">\n<li>Crear experiencias interactivas y gamificadas sin tener conocimientos t\u00e9cnicos<\/li>\n\n\n\n<li>Recopilar valiosos datos first-party y zero-party y enriquecer tu base de datos de acuerdo con el RGPD<\/li>\n\n\n\n<li>Recompensar a tus clientes de m\u00e1s engagement a trav\u00e9s de programas de recompensas<\/li>\n<\/ul>\n\n\n\n<div style=\"height:20px\" aria-hidden=\"true\" class=\"wp-block-spacer\"><\/div>\n\n\n\n<div class=\"wp-block-group box-border-radius has-background is-layout-constrained wp-block-group-is-layout-constrained\" style=\"background-color:#12384a\">\n<div class=\"wp-block-group wrapper-max is-layout-constrained wp-block-group-is-layout-constrained\">\n<div style=\"height:30px\" aria-hidden=\"true\" class=\"wp-block-spacer\"><\/div>\n\n\n\n<h2 class=\"wp-block-heading has-text-align-left has-text-color has-link-color wp-elements-c245afe158782eb278e5d81bb336630d\" style=\"color:#ffffff\">Una demo de 30 minutos con uno de nuestros expertos<\/h2>\n\n\n\n<ul style=\"color:#ffffff\" class=\"has-text-color has-link-color wp-block-list wp-elements-6b3014467a57d83f18ec411e52157286\">\n<li>Conversa sobre tus necesidades, objetivos y estrategia<\/li>\n\n\n\n<li>Explora ejemplos de campa\u00f1as de tu sector y c\u00f3mo Qualifio puede funcionar para ti<\/li>\n\n\n\n<li>Sin presiones ni compromisos<\/li>\n<\/ul>\n\n\n\n<div style=\"height:30px\" aria-hidden=\"true\" class=\"wp-block-spacer\"><\/div>\n\n\n\n<figure class=\"wp-block-image size-full\"><img loading=\"lazy\" decoding=\"async\" width=\"504\" height=\"183\" src=\"https:\/\/qualifio.fidelodev.be\/wp-content\/uploads\/2024\/04\/sales-people.png\" alt=\"\" class=\"wp-image-35053\" srcset=\"https:\/\/qualifio.fidelodev.be\/wp-content\/uploads\/2024\/04\/sales-people.png 504w, https:\/\/qualifio.fidelodev.be\/wp-content\/uploads\/2024\/04\/sales-people-300x109.png 300w\" sizes=\"auto, (max-width: 504px) 100vw, 504px\" \/><\/figure>\n\n\n\n<div style=\"height:30px\" aria-hidden=\"true\" class=\"wp-block-spacer\"><\/div>\n<\/div>\n<\/div>\n<\/div>\n\n\n\n<div class=\"wp-block-column is-layout-flow wp-block-column-is-layout-flow\">\n<div class=\"wp-block-group hubspot-form-box is-layout-flow wp-block-group-is-layout-flow\">\n<script charset=\"utf-8\" type=\"text\/javascript\" src=\"\/\/js.hsforms.net\/forms\/embed\/v2.js\"><\/script>\n<script>\n  hbspt.forms.create({\n    region: \"na1\",\n    portalId: \"5566751\",\n    formId: \"8b418b62-f67d-495a-9737-7e085ca0c5f0\"\n  });\n<\/script>\n<\/div>\n<\/div>\n<\/div>\n<\/div>\n\n\n\n<section class=\"wp-block-fidelo-testimonials container-bcg-img\" data-category=\"homepage\" data-block-style=\"bg-marine\"><div class=\"wrapper-max\"><div class=\"content-text\"><h2 class=\"\">Estar\u00e1s en buena compa\u00f1\u00eda<\/h2><p class=\"\"><\/p><\/div><div class=\"additional-block\"><div class=\"additional-block-box\"><div class=\"text-slider\">    <div class=\"text-slider-slide\">      <article><!-- wp:paragraph -->\n<p><em>\u201cUtilizamos Qualifio para mejorar el engagement a partir del contenido interactivo en momentos claves de a\u00f1o que nos permiten recopilar datos estrat\u00e9gicos, como preferencias y deseos de nuestros usuarios, los cuales nos ayudan a segmentar nuestra base de datos, personalizar nuestras comunicaciones y reforzar la fidelidad de nuestros clientes.\u201d<\/em><\/p>\n<!-- \/wp:paragraph -->\n\n<!-- wp:fidelo\/author -->\n<div class=\"wp-block-fidelo-author author\"><img\/><article><p><b class=\"authorName\"><\/b><\/p><p class=\"authorJob\"><\/p><\/article><\/div>\n<!-- \/wp:fidelo\/author --><\/article>    <\/div>    <div class=\"text-slider-slide\">      <article><!-- wp:paragraph -->\n<p><em>\u201cQualifio ha transformado el modo en que interactuamos con nuestra audiencia. Nuestras diferentes marcas crean campa\u00f1as interactivas en cuesti\u00f3n de minutos que nos ofrecen datos de calidad vinculados directamente con nuestro CRM. El a\u00f1o pasado recopilamos m\u00e1s de 100.000 perfiles segmentados en 20 marca.\u201d<\/em><\/p>\n<!-- \/wp:paragraph -->\n\n<!-- wp:fidelo\/author -->\n<div class=\"wp-block-fidelo-author author\"><img\/><article><p><b class=\"authorName\"><\/b><\/p><p class=\"authorJob\"><\/p><\/article><\/div>\n<!-- \/wp:fidelo\/author --><\/article>    <\/div>    <div class=\"text-slider-slide\">      <div class=\"text-slider-img\">        <img decoding=\"async\" src=\"https:\/\/qualifio.fidelodev.be\/wp-content\/uploads\/2021\/12\/logo-vocento-1024x154.png\">      <\/div>      <article><!-- wp:paragraph -->\n<p><em>\u201cPara el ABC, m\u00e1s del 50% de los usuarios registrados que se consiguen al mes, vienen por acciones realizadas con Qualifio, en menos de un a\u00f1o, el ABC ha hecho unas 500 acciones.\u201d<\/em><\/p>\n<!-- \/wp:paragraph -->\n\n<!-- wp:fidelo\/author -->\n<div class=\"wp-block-fidelo-author author\"><img\/><article><p><b class=\"authorName\"><\/b><\/p><p class=\"authorJob\"><\/p><\/article><\/div>\n<!-- \/wp:fidelo\/author --><\/article>    <\/div>    <div class=\"text-slider-slide\">      <article><!-- wp:paragraph -->\n<p><em>\u201cQualifio ha sido una importante herramienta complementaria para reforzar la relaci\u00f3n con nuestra comunidad durante un periodo en el que la interacci\u00f3n social ha sido crucial. Nuestro objetivo es seguir captando a nuevos seguidores, enriquecer nuestra base de datos, retener esta base y fidelizarla lanzando una gran variedad de juegos innovadores e iniciativas digitales.\u201d<\/em><\/p>\n<!-- \/wp:paragraph -->\n\n<!-- wp:fidelo\/author -->\n<div class=\"wp-block-fidelo-author author\"><img\/><article><p><b class=\"authorName\"><\/b><\/p><p class=\"authorJob\"><\/p><\/article><\/div>\n<!-- \/wp:fidelo\/author --><\/article>    <\/div><\/div><div class=\"bcg-img-content\"><img decoding=\"async\" alt=\"bg-demo-request-page-full\" src=\"https:\/\/qualifio.fidelodev.be\/wp-content\/uploads\/2024\/04\/bg-demo-request-page-full.jpg\"\/><\/div><\/div><\/div><\/div><\/section>\n","protected":false},"excerpt":{"rendered":"<p>Con Qualifio, puedes: Una demo de 30 minutos con uno de nuestros expertos<\/p>\n","protected":false},"author":3,"featured_media":0,"parent":0,"menu_order":0,"comment_status":"closed","ping_status":"closed","template":"page-marine.php","meta":{"footnotes":""},"class_list":["post-5061","page","type-page","status-publish","hentry"],"yoast_head":"<!-- This site is optimized with the Yoast SEO plugin v22.9 - https:\/\/yoast.com\/wordpress\/plugins\/seo\/ -->\n<title>Solicita una demo - Qualifio<\/title>\n<meta name=\"description\" content=\"\u00bfQuieres saber m\u00e1s sobre nuestras soluciones? Solicita una demo. Conoce c\u00f3mo Qualifio puede ayudarte a alcanzar tus objetivos de marketing.\" \/>\n<meta name=\"robots\" content=\"noindex, follow, max-snippet:-1, max-image-preview:large, max-video-preview:-1\" \/>\n<meta property=\"og:locale\" content=\"es_ES\" \/>\n<meta property=\"og:type\" content=\"article\" \/>\n<meta property=\"og:title\" content=\"Solicita una demo - Qualifio\" \/>\n<meta property=\"og:description\" content=\"\u00bfQuieres saber m\u00e1s sobre nuestras soluciones? Solicita una demo. Conoce c\u00f3mo Qualifio puede ayudarte a alcanzar tus objetivos de marketing.\" \/>\n<meta property=\"og:url\" content=\"https:\/\/qualifio.fidelodev.be\/es\/solicita-demo\/\" \/>\n<meta property=\"og:site_name\" content=\"Qualifio\" \/>\n<meta property=\"article:modified_time\" content=\"2024-04-10T07:37:36+00:00\" \/>\n<meta property=\"og:image\" content=\"https:\/\/qualifio.fidelodev.be\/wp-content\/uploads\/2022\/02\/banner-qualifio-social.png\" \/>\n\t<meta property=\"og:image:width\" content=\"1200\" \/>\n\t<meta property=\"og:image:height\" content=\"627\" \/>\n\t<meta property=\"og:image:type\" content=\"image\/png\" \/>\n<meta name=\"twitter:card\" content=\"summary_large_image\" \/>\n<meta name=\"twitter:label1\" content=\"Tiempo de lectura\" \/>\n\t<meta name=\"twitter:data1\" content=\"1 minuto\" \/>\n<script type=\"application\/ld+json\" class=\"yoast-schema-graph\">{\"@context\":\"https:\/\/schema.org\",\"@graph\":[{\"@type\":\"WebPage\",\"@id\":\"https:\/\/qualifio.fidelodev.be\/es\/solicita-demo\/\",\"url\":\"https:\/\/qualifio.fidelodev.be\/es\/solicita-demo\/\",\"name\":\"Solicita una demo - Qualifio\",\"isPartOf\":{\"@id\":\"https:\/\/qualifio.fidelodev.be\/#website\"},\"primaryImageOfPage\":{\"@id\":\"https:\/\/qualifio.fidelodev.be\/es\/solicita-demo\/#primaryimage\"},\"image\":{\"@id\":\"https:\/\/qualifio.fidelodev.be\/es\/solicita-demo\/#primaryimage\"},\"thumbnailUrl\":\"https:\/\/qualifio.fidelodev.be\/wp-content\/uploads\/2024\/04\/sales-people.png\",\"datePublished\":\"2021-12-05T16:55:10+00:00\",\"dateModified\":\"2024-04-10T07:37:36+00:00\",\"description\":\"\u00bfQuieres saber m\u00e1s sobre nuestras soluciones? Solicita una demo. Conoce c\u00f3mo Qualifio puede ayudarte a alcanzar tus objetivos de marketing.\",\"breadcrumb\":{\"@id\":\"https:\/\/qualifio.fidelodev.be\/es\/solicita-demo\/#breadcrumb\"},\"inLanguage\":\"es\",\"potentialAction\":[{\"@type\":\"ReadAction\",\"target\":[\"https:\/\/qualifio.fidelodev.be\/es\/solicita-demo\/\"]}]},{\"@type\":\"ImageObject\",\"inLanguage\":\"es\",\"@id\":\"https:\/\/qualifio.fidelodev.be\/es\/solicita-demo\/#primaryimage\",\"url\":\"https:\/\/qualifio.fidelodev.be\/wp-content\/uploads\/2024\/04\/sales-people.png\",\"contentUrl\":\"https:\/\/qualifio.fidelodev.be\/wp-content\/uploads\/2024\/04\/sales-people.png\"},{\"@type\":\"BreadcrumbList\",\"@id\":\"https:\/\/qualifio.fidelodev.be\/es\/solicita-demo\/#breadcrumb\",\"itemListElement\":[{\"@type\":\"ListItem\",\"position\":1,\"name\":\"Home\",\"item\":\"https:\/\/qualifio.fidelodev.be\/es\/\"},{\"@type\":\"ListItem\",\"position\":2,\"name\":\"Solicita una demo\"}]},{\"@type\":\"WebSite\",\"@id\":\"https:\/\/qualifio.fidelodev.be\/#website\",\"url\":\"https:\/\/qualifio.fidelodev.be\/\",\"name\":\"Qualifio\",\"description\":\"Un site utilisant WordPress\",\"publisher\":{\"@id\":\"https:\/\/qualifio.fidelodev.be\/#organization\"},\"potentialAction\":[{\"@type\":\"SearchAction\",\"target\":{\"@type\":\"EntryPoint\",\"urlTemplate\":\"https:\/\/qualifio.fidelodev.be\/?s={search_term_string}\"},\"query-input\":\"required name=search_term_string\"}],\"inLanguage\":\"es\"},{\"@type\":\"Organization\",\"@id\":\"https:\/\/qualifio.fidelodev.be\/#organization\",\"name\":\"Qualifio\",\"url\":\"https:\/\/qualifio.fidelodev.be\/\",\"logo\":{\"@type\":\"ImageObject\",\"inLanguage\":\"es\",\"@id\":\"https:\/\/qualifio.fidelodev.be\/#\/schema\/logo\/image\/\",\"url\":\"https:\/\/qualifio.fidelodev.be\/wp-content\/uploads\/2022\/06\/banner-blog-news-simple.png\",\"contentUrl\":\"https:\/\/qualifio.fidelodev.be\/wp-content\/uploads\/2022\/06\/banner-blog-news-simple.png\",\"width\":460,\"height\":240,\"caption\":\"Qualifio\"},\"image\":{\"@id\":\"https:\/\/qualifio.fidelodev.be\/#\/schema\/logo\/image\/\"}}]}<\/script>\n<!-- \/ Yoast SEO plugin. -->","yoast_head_json":{"title":"Solicita una demo - Qualifio","description":"\u00bfQuieres saber m\u00e1s sobre nuestras soluciones? Solicita una demo. Conoce c\u00f3mo Qualifio puede ayudarte a alcanzar tus objetivos de marketing.","robots":{"index":"noindex","follow":"follow","max-snippet":"max-snippet:-1","max-image-preview":"max-image-preview:large","max-video-preview":"max-video-preview:-1"},"og_locale":"es_ES","og_type":"article","og_title":"Solicita una demo - Qualifio","og_description":"\u00bfQuieres saber m\u00e1s sobre nuestras soluciones? Solicita una demo. Conoce c\u00f3mo Qualifio puede ayudarte a alcanzar tus objetivos de marketing.","og_url":"https:\/\/qualifio.fidelodev.be\/es\/solicita-demo\/","og_site_name":"Qualifio","article_modified_time":"2024-04-10T07:37:36+00:00","og_image":[{"width":1200,"height":627,"url":"https:\/\/qualifio.fidelodev.be\/wp-content\/uploads\/2022\/02\/banner-qualifio-social.png","type":"image\/png"}],"twitter_card":"summary_large_image","twitter_misc":{"Tiempo de lectura":"1 minuto"},"schema":{"@context":"https:\/\/schema.org","@graph":[{"@type":"WebPage","@id":"https:\/\/qualifio.fidelodev.be\/es\/solicita-demo\/","url":"https:\/\/qualifio.fidelodev.be\/es\/solicita-demo\/","name":"Solicita una demo - Qualifio","isPartOf":{"@id":"https:\/\/qualifio.fidelodev.be\/#website"},"primaryImageOfPage":{"@id":"https:\/\/qualifio.fidelodev.be\/es\/solicita-demo\/#primaryimage"},"image":{"@id":"https:\/\/qualifio.fidelodev.be\/es\/solicita-demo\/#primaryimage"},"thumbnailUrl":"https:\/\/qualifio.fidelodev.be\/wp-content\/uploads\/2024\/04\/sales-people.png","datePublished":"2021-12-05T16:55:10+00:00","dateModified":"2024-04-10T07:37:36+00:00","description":"\u00bfQuieres saber m\u00e1s sobre nuestras soluciones? Solicita una demo. Conoce c\u00f3mo Qualifio puede ayudarte a alcanzar tus objetivos de marketing.","breadcrumb":{"@id":"https:\/\/qualifio.fidelodev.be\/es\/solicita-demo\/#breadcrumb"},"inLanguage":"es","potentialAction":[{"@type":"ReadAction","target":["https:\/\/qualifio.fidelodev.be\/es\/solicita-demo\/"]}]},{"@type":"ImageObject","inLanguage":"es","@id":"https:\/\/qualifio.fidelodev.be\/es\/solicita-demo\/#primaryimage","url":"https:\/\/qualifio.fidelodev.be\/wp-content\/uploads\/2024\/04\/sales-people.png","contentUrl":"https:\/\/qualifio.fidelodev.be\/wp-content\/uploads\/2024\/04\/sales-people.png"},{"@type":"BreadcrumbList","@id":"https:\/\/qualifio.fidelodev.be\/es\/solicita-demo\/#breadcrumb","itemListElement":[{"@type":"ListItem","position":1,"name":"Home","item":"https:\/\/qualifio.fidelodev.be\/es\/"},{"@type":"ListItem","position":2,"name":"Solicita una demo"}]},{"@type":"WebSite","@id":"https:\/\/qualifio.fidelodev.be\/#website","url":"https:\/\/qualifio.fidelodev.be\/","name":"Qualifio","description":"Un site utilisant WordPress","publisher":{"@id":"https:\/\/qualifio.fidelodev.be\/#organization"},"potentialAction":[{"@type":"SearchAction","target":{"@type":"EntryPoint","urlTemplate":"https:\/\/qualifio.fidelodev.be\/?s={search_term_string}"},"query-input":"required name=search_term_string"}],"inLanguage":"es"},{"@type":"Organization","@id":"https:\/\/qualifio.fidelodev.be\/#organization","name":"Qualifio","url":"https:\/\/qualifio.fidelodev.be\/","logo":{"@type":"ImageObject","inLanguage":"es","@id":"https:\/\/qualifio.fidelodev.be\/#\/schema\/logo\/image\/","url":"https:\/\/qualifio.fidelodev.be\/wp-content\/uploads\/2022\/06\/banner-blog-news-simple.png","contentUrl":"https:\/\/qualifio.fidelodev.be\/wp-content\/uploads\/2022\/06\/banner-blog-news-simple.png","width":460,"height":240,"caption":"Qualifio"},"image":{"@id":"https:\/\/qualifio.fidelodev.be\/#\/schema\/logo\/image\/"}}]}},"_links":{"self":[{"href":"https:\/\/qualifio.fidelodev.be\/es\/wp-json\/wp\/v2\/pages\/5061","targetHints":{"allow":["GET"]}}],"collection":[{"href":"https:\/\/qualifio.fidelodev.be\/es\/wp-json\/wp\/v2\/pages"}],"about":[{"href":"https:\/\/qualifio.fidelodev.be\/es\/wp-json\/wp\/v2\/types\/page"}],"author":[{"embeddable":true,"href":"https:\/\/qualifio.fidelodev.be\/es\/wp-json\/wp\/v2\/users\/3"}],"replies":[{"embeddable":true,"href":"https:\/\/qualifio.fidelodev.be\/es\/wp-json\/wp\/v2\/comments?post=5061"}],"version-history":[{"count":1,"href":"https:\/\/qualifio.fidelodev.be\/es\/wp-json\/wp\/v2\/pages\/5061\/revisions"}],"predecessor-version":[{"id":35226,"href":"https:\/\/qualifio.fidelodev.be\/es\/wp-json\/wp\/v2\/pages\/5061\/revisions\/35226"}],"wp:attachment":[{"href":"https:\/\/qualifio.fidelodev.be\/es\/wp-json\/wp\/v2\/media?parent=5061"}],"curies":[{"name":"wp","href":"https:\/\/api.w.org\/{rel}","templated":true}]}}