{"id":33929,"date":"2022-09-26T14:33:13","date_gmt":"2022-09-26T12:33:13","guid":{"rendered":"https:\/\/qualifio.fidelodev.be\/?page_id=33929"},"modified":"2022-09-27T10:51:48","modified_gmt":"2022-09-27T08:51:48","slug":"demande-demo-merci","status":"publish","type":"page","link":"https:\/\/qualifio.fidelodev.be\/fr\/demande-demo-merci\/","title":{"rendered":"Thank you page"},"content":{"rendered":"\n<div style=\"height:150px\" aria-hidden=\"true\" class=\"wp-block-spacer\"><\/div>\n\n\n\n<div class=\"wp-block-columns wrapper-max is-layout-flex wp-container-core-columns-is-layout-28f84493 wp-block-columns-is-layout-flex\">\n<div class=\"wp-block-column is-layout-flow wp-block-column-is-layout-flow\">\n<h2 class=\"wp-block-heading\">Merci de nous avoir contact\u00e9s !<\/h2>\n\n\n\n<p>Vous ne le voyez pas, mais nous faisons notre danse de la joie en ce moment (un peu comme \u00e7a) \u27a1\ufe0f<\/p>\n\n\n\n<p>Un de nos coll\u00e8gues vous contactera tr\u00e8s bient\u00f4t.<\/p>\n\n\n\n<p>Vous n&rsquo;avez rien d&rsquo;autre \u00e0 faire pour le moment !<\/p>\n\n\n\n<p>Si ce n\u2019est vous d\u00e9tendre et <a href=\"https:\/\/qualifio.fidelodev.be\/fr\/cas-clients\/\">lire ce que nos clients disent de nous<\/a>.<\/p>\n\n\n\n<div class=\"wp-block-columns are-vertically-aligned-top has-background is-layout-flex wp-container-core-columns-is-layout-28f84493 wp-block-columns-is-layout-flex\" style=\"background-color:#fff6e6\">\n<div class=\"wp-block-column is-vertically-aligned-top is-layout-flow wp-block-column-is-layout-flow\" style=\"flex-basis:15%\">\n<figure class=\"wp-block-image size-full\"><img loading=\"lazy\" decoding=\"async\" width=\"100\" height=\"100\" src=\"https:\/\/qualifio.fidelodev.be\/wp-content\/uploads\/2022\/09\/quotes-3.png\" alt=\"\" class=\"wp-image-33909\"\/><\/figure>\n<\/div>\n\n\n\n<div class=\"wp-block-column is-vertically-aligned-top is-layout-flow wp-block-column-is-layout-flow\" style=\"flex-basis:85%\">\n<p><\/p>\n\n\n\n<p><em><em>Nous utilisons Qualifio pour booster l\u2019engagement via du contenu interactif cr\u00e9\u00e9 \u00e0 des moments cl\u00e9s de l\u2019ann\u00e9e. Ce contenu nous permet de collecter une donn\u00e9e strat\u00e9gique, une pr\u00e9f\u00e9rence, un souhait pour segmenter notre base de donn\u00e9es, personnaliser nos communications et in fine fid\u00e9liser nos clients.<\/em><\/em><\/p>\n\n\n\n<p class=\"has-small-font-size\">&#8211; Decathlon<\/p>\n<\/div>\n<\/div>\n\n\n\n<p>D\u2019ici l\u00e0, passez une magnifique journ\u00e9e \ud83d\udd7a<\/p>\n<\/div>\n\n\n\n<div class=\"wp-block-column is-layout-flow wp-block-column-is-layout-flow\">\n<figure class=\"wp-block-image size-full\"><img loading=\"lazy\" decoding=\"async\" width=\"480\" height=\"360\" src=\"https:\/\/qualifio.fidelodev.be\/wp-content\/uploads\/2022\/09\/dancers-gif.gif\" alt=\"\" class=\"wp-image-33793\"\/><\/figure>\n<\/div>\n<\/div>\n","protected":false},"excerpt":{"rendered":"<p>Merci de nous avoir contact\u00e9s ! Vous ne le voyez pas, mais nous faisons notre danse de la joie en ce moment (un peu comme \u00e7a) \u27a1\ufe0f Un de nos coll\u00e8gues vous contactera tr\u00e8s bient\u00f4t. Vous n&rsquo;avez rien d&rsquo;autre \u00e0 faire pour le moment ! Si ce n\u2019est vous d\u00e9tendre et lire ce que nos [&hellip;]<\/p>\n","protected":false},"author":2,"featured_media":0,"parent":0,"menu_order":0,"comment_status":"closed","ping_status":"closed","template":"","meta":{"footnotes":""},"class_list":["post-33929","page","type-page","status-publish","hentry"],"yoast_head":"<!-- This site is optimized with the Yoast SEO plugin v22.9 - https:\/\/yoast.com\/wordpress\/plugins\/seo\/ -->\n<title>Merci de nous avoir contact\u00e9s - Qualifio<\/title>\n<meta name=\"description\" content=\"Merci de nous avoir contact\u00e9s ! Un de nos coll\u00e8gues vous contactera tr\u00e8s bient\u00f4t. Vous n&#039;avez rien d&#039;autre \u00e0 faire pour le moment !\" \/>\n<meta name=\"robots\" content=\"noindex, follow, max-snippet:-1, max-image-preview:large, max-video-preview:-1\" \/>\n<meta property=\"og:locale\" content=\"fr_FR\" \/>\n<meta property=\"og:type\" content=\"article\" \/>\n<meta property=\"og:title\" content=\"Merci de nous avoir contact\u00e9s - Qualifio\" \/>\n<meta property=\"og:description\" content=\"Merci de nous avoir contact\u00e9s ! Un de nos coll\u00e8gues vous contactera tr\u00e8s bient\u00f4t. Vous n&#039;avez rien d&#039;autre \u00e0 faire pour le moment !\" \/>\n<meta property=\"og:url\" content=\"https:\/\/qualifio.fidelodev.be\/request-demo-thank-you\/\" \/>\n<meta property=\"og:site_name\" content=\"Qualifio\" \/>\n<meta property=\"article:modified_time\" content=\"2022-09-27T08:51:48+00:00\" \/>\n<meta property=\"og:image\" content=\"https:\/\/qualifio.fidelodev.be\/wp-content\/uploads\/2022\/09\/quotes-3.png\" \/>\n<meta name=\"twitter:card\" content=\"summary_large_image\" \/>\n<meta name=\"twitter:label1\" content=\"Dur\u00e9e de lecture estim\u00e9e\" \/>\n\t<meta name=\"twitter:data1\" content=\"1 minute\" \/>\n<script type=\"application\/ld+json\" class=\"yoast-schema-graph\">{\"@context\":\"https:\/\/schema.org\",\"@graph\":[{\"@type\":\"WebPage\",\"@id\":\"https:\/\/qualifio.fidelodev.be\/request-demo-thank-you\/\",\"url\":\"https:\/\/qualifio.fidelodev.be\/request-demo-thank-you\/\",\"name\":\"Merci de nous avoir contact\u00e9s - Qualifio\",\"isPartOf\":{\"@id\":\"https:\/\/qualifio.fidelodev.be\/#website\"},\"primaryImageOfPage\":{\"@id\":\"https:\/\/qualifio.fidelodev.be\/request-demo-thank-you\/#primaryimage\"},\"image\":{\"@id\":\"https:\/\/qualifio.fidelodev.be\/request-demo-thank-you\/#primaryimage\"},\"thumbnailUrl\":\"https:\/\/qualifio.fidelodev.be\/wp-content\/uploads\/2022\/09\/quotes-3.png\",\"datePublished\":\"2022-09-26T12:33:13+00:00\",\"dateModified\":\"2022-09-27T08:51:48+00:00\",\"description\":\"Merci de nous avoir contact\u00e9s ! Un de nos coll\u00e8gues vous contactera tr\u00e8s bient\u00f4t. Vous n'avez rien d'autre \u00e0 faire pour le moment !\",\"breadcrumb\":{\"@id\":\"https:\/\/qualifio.fidelodev.be\/request-demo-thank-you\/#breadcrumb\"},\"inLanguage\":\"fr-FR\",\"potentialAction\":[{\"@type\":\"ReadAction\",\"target\":[\"https:\/\/qualifio.fidelodev.be\/request-demo-thank-you\/\"]}]},{\"@type\":\"ImageObject\",\"inLanguage\":\"fr-FR\",\"@id\":\"https:\/\/qualifio.fidelodev.be\/request-demo-thank-you\/#primaryimage\",\"url\":\"https:\/\/qualifio.fidelodev.be\/wp-content\/uploads\/2022\/09\/quotes-3.png\",\"contentUrl\":\"https:\/\/qualifio.fidelodev.be\/wp-content\/uploads\/2022\/09\/quotes-3.png\"},{\"@type\":\"BreadcrumbList\",\"@id\":\"https:\/\/qualifio.fidelodev.be\/request-demo-thank-you\/#breadcrumb\",\"itemListElement\":[{\"@type\":\"ListItem\",\"position\":1,\"name\":\"Home\",\"item\":\"https:\/\/qualifio.fidelodev.be\/fr\/\"},{\"@type\":\"ListItem\",\"position\":2,\"name\":\"Thank you page\"}]},{\"@type\":\"WebSite\",\"@id\":\"https:\/\/qualifio.fidelodev.be\/#website\",\"url\":\"https:\/\/qualifio.fidelodev.be\/\",\"name\":\"Qualifio\",\"description\":\"Un site utilisant WordPress\",\"publisher\":{\"@id\":\"https:\/\/qualifio.fidelodev.be\/#organization\"},\"potentialAction\":[{\"@type\":\"SearchAction\",\"target\":{\"@type\":\"EntryPoint\",\"urlTemplate\":\"https:\/\/qualifio.fidelodev.be\/?s={search_term_string}\"},\"query-input\":\"required name=search_term_string\"}],\"inLanguage\":\"fr-FR\"},{\"@type\":\"Organization\",\"@id\":\"https:\/\/qualifio.fidelodev.be\/#organization\",\"name\":\"Qualifio\",\"url\":\"https:\/\/qualifio.fidelodev.be\/\",\"logo\":{\"@type\":\"ImageObject\",\"inLanguage\":\"fr-FR\",\"@id\":\"https:\/\/qualifio.fidelodev.be\/#\/schema\/logo\/image\/\",\"url\":\"https:\/\/qualifio.fidelodev.be\/wp-content\/uploads\/2022\/06\/banner-blog-news-simple.png\",\"contentUrl\":\"https:\/\/qualifio.fidelodev.be\/wp-content\/uploads\/2022\/06\/banner-blog-news-simple.png\",\"width\":460,\"height\":240,\"caption\":\"Qualifio\"},\"image\":{\"@id\":\"https:\/\/qualifio.fidelodev.be\/#\/schema\/logo\/image\/\"}}]}<\/script>\n<!-- \/ Yoast SEO plugin. -->","yoast_head_json":{"title":"Merci de nous avoir contact\u00e9s - Qualifio","description":"Merci de nous avoir contact\u00e9s ! Un de nos coll\u00e8gues vous contactera tr\u00e8s bient\u00f4t. Vous n'avez rien d'autre \u00e0 faire pour le moment !","robots":{"index":"noindex","follow":"follow","max-snippet":"max-snippet:-1","max-image-preview":"max-image-preview:large","max-video-preview":"max-video-preview:-1"},"og_locale":"fr_FR","og_type":"article","og_title":"Merci de nous avoir contact\u00e9s - Qualifio","og_description":"Merci de nous avoir contact\u00e9s ! Un de nos coll\u00e8gues vous contactera tr\u00e8s bient\u00f4t. Vous n'avez rien d'autre \u00e0 faire pour le moment !","og_url":"https:\/\/qualifio.fidelodev.be\/request-demo-thank-you\/","og_site_name":"Qualifio","article_modified_time":"2022-09-27T08:51:48+00:00","og_image":[{"url":"https:\/\/qualifio.fidelodev.be\/wp-content\/uploads\/2022\/09\/quotes-3.png"}],"twitter_card":"summary_large_image","twitter_misc":{"Dur\u00e9e de lecture estim\u00e9e":"1 minute"},"schema":{"@context":"https:\/\/schema.org","@graph":[{"@type":"WebPage","@id":"https:\/\/qualifio.fidelodev.be\/request-demo-thank-you\/","url":"https:\/\/qualifio.fidelodev.be\/request-demo-thank-you\/","name":"Merci de nous avoir contact\u00e9s - Qualifio","isPartOf":{"@id":"https:\/\/qualifio.fidelodev.be\/#website"},"primaryImageOfPage":{"@id":"https:\/\/qualifio.fidelodev.be\/request-demo-thank-you\/#primaryimage"},"image":{"@id":"https:\/\/qualifio.fidelodev.be\/request-demo-thank-you\/#primaryimage"},"thumbnailUrl":"https:\/\/qualifio.fidelodev.be\/wp-content\/uploads\/2022\/09\/quotes-3.png","datePublished":"2022-09-26T12:33:13+00:00","dateModified":"2022-09-27T08:51:48+00:00","description":"Merci de nous avoir contact\u00e9s ! Un de nos coll\u00e8gues vous contactera tr\u00e8s bient\u00f4t. Vous n'avez rien d'autre \u00e0 faire pour le moment !","breadcrumb":{"@id":"https:\/\/qualifio.fidelodev.be\/request-demo-thank-you\/#breadcrumb"},"inLanguage":"fr-FR","potentialAction":[{"@type":"ReadAction","target":["https:\/\/qualifio.fidelodev.be\/request-demo-thank-you\/"]}]},{"@type":"ImageObject","inLanguage":"fr-FR","@id":"https:\/\/qualifio.fidelodev.be\/request-demo-thank-you\/#primaryimage","url":"https:\/\/qualifio.fidelodev.be\/wp-content\/uploads\/2022\/09\/quotes-3.png","contentUrl":"https:\/\/qualifio.fidelodev.be\/wp-content\/uploads\/2022\/09\/quotes-3.png"},{"@type":"BreadcrumbList","@id":"https:\/\/qualifio.fidelodev.be\/request-demo-thank-you\/#breadcrumb","itemListElement":[{"@type":"ListItem","position":1,"name":"Home","item":"https:\/\/qualifio.fidelodev.be\/fr\/"},{"@type":"ListItem","position":2,"name":"Thank you page"}]},{"@type":"WebSite","@id":"https:\/\/qualifio.fidelodev.be\/#website","url":"https:\/\/qualifio.fidelodev.be\/","name":"Qualifio","description":"Un site utilisant WordPress","publisher":{"@id":"https:\/\/qualifio.fidelodev.be\/#organization"},"potentialAction":[{"@type":"SearchAction","target":{"@type":"EntryPoint","urlTemplate":"https:\/\/qualifio.fidelodev.be\/?s={search_term_string}"},"query-input":"required name=search_term_string"}],"inLanguage":"fr-FR"},{"@type":"Organization","@id":"https:\/\/qualifio.fidelodev.be\/#organization","name":"Qualifio","url":"https:\/\/qualifio.fidelodev.be\/","logo":{"@type":"ImageObject","inLanguage":"fr-FR","@id":"https:\/\/qualifio.fidelodev.be\/#\/schema\/logo\/image\/","url":"https:\/\/qualifio.fidelodev.be\/wp-content\/uploads\/2022\/06\/banner-blog-news-simple.png","contentUrl":"https:\/\/qualifio.fidelodev.be\/wp-content\/uploads\/2022\/06\/banner-blog-news-simple.png","width":460,"height":240,"caption":"Qualifio"},"image":{"@id":"https:\/\/qualifio.fidelodev.be\/#\/schema\/logo\/image\/"}}]}},"_links":{"self":[{"href":"https:\/\/qualifio.fidelodev.be\/fr\/wp-json\/wp\/v2\/pages\/33929","targetHints":{"allow":["GET"]}}],"collection":[{"href":"https:\/\/qualifio.fidelodev.be\/fr\/wp-json\/wp\/v2\/pages"}],"about":[{"href":"https:\/\/qualifio.fidelodev.be\/fr\/wp-json\/wp\/v2\/types\/page"}],"author":[{"embeddable":true,"href":"https:\/\/qualifio.fidelodev.be\/fr\/wp-json\/wp\/v2\/users\/2"}],"replies":[{"embeddable":true,"href":"https:\/\/qualifio.fidelodev.be\/fr\/wp-json\/wp\/v2\/comments?post=33929"}],"version-history":[{"count":0,"href":"https:\/\/qualifio.fidelodev.be\/fr\/wp-json\/wp\/v2\/pages\/33929\/revisions"}],"wp:attachment":[{"href":"https:\/\/qualifio.fidelodev.be\/fr\/wp-json\/wp\/v2\/media?parent=33929"}],"curies":[{"name":"wp","href":"https:\/\/api.w.org\/{rel}","templated":true}]}}