{"id":34425,"date":"2023-02-07T15:54:12","date_gmt":"2023-02-07T14:54:12","guid":{"rendered":"https:\/\/qualifio.fidelodev.be\/?page_id=34425"},"modified":"2023-02-13T10:14:04","modified_gmt":"2023-02-13T09:14:04","slug":"404-error","status":"publish","type":"page","link":"https:\/\/qualifio.fidelodev.be\/fr\/404-error\/","title":{"rendered":"404-error"},"content":{"rendered":"\n<div class=\"wp-block-group bg-white is-layout-constrained wp-block-group-is-layout-constrained\">\n<div class=\"wp-block-columns are-vertically-aligned-top wrapper-max is-layout-flex wp-container-core-columns-is-layout-28f84493 wp-block-columns-is-layout-flex\">\n<div class=\"wp-block-column is-vertically-aligned-top is-layout-flow wp-block-column-is-layout-flow\">\n<div style=\"height:80px\" aria-hidden=\"true\" class=\"wp-block-spacer\"><\/div>\n\n\n\n<h2 class=\"wp-block-heading\">Oups, page non trouv\u00e9e \ud83d\ude48<\/h2>\n\n\n\n<p>Il semble que la page que vous cherchez ait disparu pour toujours, ou n&rsquo;ait jamais exist\u00e9, et nous en sommes vraiment d\u00e9sol\u00e9s\u2026<\/p>\n\n\n\n<p>Maaaaaaaais, vous voulez jouer \u00e0 notre jeu swap &amp; match \u00e0 la place ? \ud83e\udd29<\/p>\n\n\n\n<p>(Si non, vous pouvez aussi retourner \u00e0 la <a href=\"https:\/\/qualifio.com\/fr\/\">page d&rsquo;accueil<\/a> ou <a href=\"https:\/\/qualifio.com\/fr\/contactez-nous\/\">nous contacter<\/a>)<\/p>\n<\/div>\n\n\n\n<div class=\"wp-block-column is-vertically-aligned-top is-layout-flow wp-block-column-is-layout-flow\">\n<div id=\"qualifio_insert_place_1187689\" class=\"qualifio_iframe_wrapper\"><\/div>\n<script type=\"text\/javascript\">\n(function(b,o,n,u,s){var a,t;a=b.createElement(u);a.async=1;a.src=s;t=b.getElementsByTagName(u)[0];t.parentNode.insertBefore(a,t);o[n]=o[n]||[]}) (document,window,'_qual_async','script','https:\/\/files.qualifio.com\/kit\/qualp.2.min.js');\n_qual_async.push(['createIframe','qualifio_insert_place_1187689','qualifioshowcases.qualifioapp.com','20','B49F39DF-6221-4A62-9461-373E4A97DDFF','100%','800','','','','max-width:600px;margin:0 auto;']);\n<\/script>\n<\/div>\n<\/div>\n<\/div>\n","protected":false},"excerpt":{"rendered":"<p>Oups, page non trouv\u00e9e \ud83d\ude48 Il semble que la page que vous cherchez ait disparu pour toujours, ou n&rsquo;ait jamais exist\u00e9, et nous en sommes vraiment d\u00e9sol\u00e9s\u2026 Maaaaaaaais, vous voulez jouer \u00e0 notre jeu swap &amp; match \u00e0 la place ? \ud83e\udd29 (Si non, vous pouvez aussi retourner \u00e0 la page d&rsquo;accueil ou nous contacter)<\/p>\n","protected":false},"author":1,"featured_media":0,"parent":0,"menu_order":0,"comment_status":"closed","ping_status":"closed","template":"","meta":{"footnotes":""},"class_list":["post-34425","page","type-page","status-publish","hentry"],"yoast_head":"<!-- This site is optimized with the Yoast SEO plugin v22.9 - https:\/\/yoast.com\/wordpress\/plugins\/seo\/ -->\n<title>404-error - Qualifio<\/title>\n<meta name=\"description\" content=\"- Qualifio is a solution with 2 modules: a data collection and interactive marketing module and an interaction-based loyalty module.\" \/>\n<meta name=\"robots\" content=\"noindex, follow, max-snippet:-1, max-image-preview:large, max-video-preview:-1\" \/>\n<meta property=\"og:locale\" content=\"fr_FR\" \/>\n<meta property=\"og:type\" content=\"article\" \/>\n<meta property=\"og:title\" content=\"404-error - Qualifio\" \/>\n<meta property=\"og:description\" content=\"- Qualifio is a solution with 2 modules: a data collection and interactive marketing module and an interaction-based loyalty module.\" \/>\n<meta property=\"og:url\" content=\"https:\/\/qualifio.fidelodev.be\/404-error\/\" \/>\n<meta property=\"og:site_name\" content=\"Qualifio\" \/>\n<meta property=\"article:modified_time\" content=\"2023-02-13T09:14:04+00:00\" \/>\n<meta property=\"og:image\" content=\"https:\/\/qualifio.fidelodev.be\/wp-content\/uploads\/2022\/02\/banner-qualifio-social.png\" \/>\n\t<meta property=\"og:image:width\" content=\"1200\" \/>\n\t<meta property=\"og:image:height\" content=\"627\" \/>\n\t<meta property=\"og:image:type\" content=\"image\/png\" \/>\n<meta name=\"twitter:card\" content=\"summary_large_image\" \/>\n<meta name=\"twitter:label1\" content=\"Dur\u00e9e de lecture estim\u00e9e\" \/>\n\t<meta name=\"twitter:data1\" content=\"1 minute\" \/>\n<script type=\"application\/ld+json\" class=\"yoast-schema-graph\">{\"@context\":\"https:\/\/schema.org\",\"@graph\":[{\"@type\":\"WebPage\",\"@id\":\"https:\/\/qualifio.fidelodev.be\/404-error\/\",\"url\":\"https:\/\/qualifio.fidelodev.be\/404-error\/\",\"name\":\"404-error - Qualifio\",\"isPartOf\":{\"@id\":\"https:\/\/qualifio.fidelodev.be\/#website\"},\"datePublished\":\"2023-02-07T14:54:12+00:00\",\"dateModified\":\"2023-02-13T09:14:04+00:00\",\"description\":\"- Qualifio is a solution with 2 modules: a data collection and interactive marketing module and an interaction-based loyalty module.\",\"breadcrumb\":{\"@id\":\"https:\/\/qualifio.fidelodev.be\/404-error\/#breadcrumb\"},\"inLanguage\":\"fr-FR\",\"potentialAction\":[{\"@type\":\"ReadAction\",\"target\":[\"https:\/\/qualifio.fidelodev.be\/404-error\/\"]}]},{\"@type\":\"BreadcrumbList\",\"@id\":\"https:\/\/qualifio.fidelodev.be\/404-error\/#breadcrumb\",\"itemListElement\":[{\"@type\":\"ListItem\",\"position\":1,\"name\":\"Home\",\"item\":\"https:\/\/qualifio.fidelodev.be\/fr\/\"},{\"@type\":\"ListItem\",\"position\":2,\"name\":\"404-error\"}]},{\"@type\":\"WebSite\",\"@id\":\"https:\/\/qualifio.fidelodev.be\/#website\",\"url\":\"https:\/\/qualifio.fidelodev.be\/\",\"name\":\"Qualifio\",\"description\":\"Un site utilisant WordPress\",\"publisher\":{\"@id\":\"https:\/\/qualifio.fidelodev.be\/#organization\"},\"potentialAction\":[{\"@type\":\"SearchAction\",\"target\":{\"@type\":\"EntryPoint\",\"urlTemplate\":\"https:\/\/qualifio.fidelodev.be\/?s={search_term_string}\"},\"query-input\":\"required name=search_term_string\"}],\"inLanguage\":\"fr-FR\"},{\"@type\":\"Organization\",\"@id\":\"https:\/\/qualifio.fidelodev.be\/#organization\",\"name\":\"Qualifio\",\"url\":\"https:\/\/qualifio.fidelodev.be\/\",\"logo\":{\"@type\":\"ImageObject\",\"inLanguage\":\"fr-FR\",\"@id\":\"https:\/\/qualifio.fidelodev.be\/#\/schema\/logo\/image\/\",\"url\":\"https:\/\/qualifio.fidelodev.be\/wp-content\/uploads\/2022\/06\/banner-blog-news-simple.png\",\"contentUrl\":\"https:\/\/qualifio.fidelodev.be\/wp-content\/uploads\/2022\/06\/banner-blog-news-simple.png\",\"width\":460,\"height\":240,\"caption\":\"Qualifio\"},\"image\":{\"@id\":\"https:\/\/qualifio.fidelodev.be\/#\/schema\/logo\/image\/\"}}]}<\/script>\n<!-- \/ Yoast SEO plugin. -->","yoast_head_json":{"title":"404-error - Qualifio","description":"- Qualifio is a solution with 2 modules: a data collection and interactive marketing module and an interaction-based loyalty module.","robots":{"index":"noindex","follow":"follow","max-snippet":"max-snippet:-1","max-image-preview":"max-image-preview:large","max-video-preview":"max-video-preview:-1"},"og_locale":"fr_FR","og_type":"article","og_title":"404-error - Qualifio","og_description":"- Qualifio is a solution with 2 modules: a data collection and interactive marketing module and an interaction-based loyalty module.","og_url":"https:\/\/qualifio.fidelodev.be\/404-error\/","og_site_name":"Qualifio","article_modified_time":"2023-02-13T09:14:04+00:00","og_image":[{"width":1200,"height":627,"url":"https:\/\/qualifio.fidelodev.be\/wp-content\/uploads\/2022\/02\/banner-qualifio-social.png","type":"image\/png"}],"twitter_card":"summary_large_image","twitter_misc":{"Dur\u00e9e de lecture estim\u00e9e":"1 minute"},"schema":{"@context":"https:\/\/schema.org","@graph":[{"@type":"WebPage","@id":"https:\/\/qualifio.fidelodev.be\/404-error\/","url":"https:\/\/qualifio.fidelodev.be\/404-error\/","name":"404-error - Qualifio","isPartOf":{"@id":"https:\/\/qualifio.fidelodev.be\/#website"},"datePublished":"2023-02-07T14:54:12+00:00","dateModified":"2023-02-13T09:14:04+00:00","description":"- Qualifio is a solution with 2 modules: a data collection and interactive marketing module and an interaction-based loyalty module.","breadcrumb":{"@id":"https:\/\/qualifio.fidelodev.be\/404-error\/#breadcrumb"},"inLanguage":"fr-FR","potentialAction":[{"@type":"ReadAction","target":["https:\/\/qualifio.fidelodev.be\/404-error\/"]}]},{"@type":"BreadcrumbList","@id":"https:\/\/qualifio.fidelodev.be\/404-error\/#breadcrumb","itemListElement":[{"@type":"ListItem","position":1,"name":"Home","item":"https:\/\/qualifio.fidelodev.be\/fr\/"},{"@type":"ListItem","position":2,"name":"404-error"}]},{"@type":"WebSite","@id":"https:\/\/qualifio.fidelodev.be\/#website","url":"https:\/\/qualifio.fidelodev.be\/","name":"Qualifio","description":"Un site utilisant WordPress","publisher":{"@id":"https:\/\/qualifio.fidelodev.be\/#organization"},"potentialAction":[{"@type":"SearchAction","target":{"@type":"EntryPoint","urlTemplate":"https:\/\/qualifio.fidelodev.be\/?s={search_term_string}"},"query-input":"required name=search_term_string"}],"inLanguage":"fr-FR"},{"@type":"Organization","@id":"https:\/\/qualifio.fidelodev.be\/#organization","name":"Qualifio","url":"https:\/\/qualifio.fidelodev.be\/","logo":{"@type":"ImageObject","inLanguage":"fr-FR","@id":"https:\/\/qualifio.fidelodev.be\/#\/schema\/logo\/image\/","url":"https:\/\/qualifio.fidelodev.be\/wp-content\/uploads\/2022\/06\/banner-blog-news-simple.png","contentUrl":"https:\/\/qualifio.fidelodev.be\/wp-content\/uploads\/2022\/06\/banner-blog-news-simple.png","width":460,"height":240,"caption":"Qualifio"},"image":{"@id":"https:\/\/qualifio.fidelodev.be\/#\/schema\/logo\/image\/"}}]}},"_links":{"self":[{"href":"https:\/\/qualifio.fidelodev.be\/fr\/wp-json\/wp\/v2\/pages\/34425","targetHints":{"allow":["GET"]}}],"collection":[{"href":"https:\/\/qualifio.fidelodev.be\/fr\/wp-json\/wp\/v2\/pages"}],"about":[{"href":"https:\/\/qualifio.fidelodev.be\/fr\/wp-json\/wp\/v2\/types\/page"}],"author":[{"embeddable":true,"href":"https:\/\/qualifio.fidelodev.be\/fr\/wp-json\/wp\/v2\/users\/1"}],"replies":[{"embeddable":true,"href":"https:\/\/qualifio.fidelodev.be\/fr\/wp-json\/wp\/v2\/comments?post=34425"}],"version-history":[{"count":8,"href":"https:\/\/qualifio.fidelodev.be\/fr\/wp-json\/wp\/v2\/pages\/34425\/revisions"}],"predecessor-version":[{"id":34500,"href":"https:\/\/qualifio.fidelodev.be\/fr\/wp-json\/wp\/v2\/pages\/34425\/revisions\/34500"}],"wp:attachment":[{"href":"https:\/\/qualifio.fidelodev.be\/fr\/wp-json\/wp\/v2\/media?parent=34425"}],"curies":[{"name":"wp","href":"https:\/\/api.w.org\/{rel}","templated":true}]}}