{"id":4979,"date":"2021-12-05T16:14:55","date_gmt":"2021-12-05T15:14:55","guid":{"rendered":"https:\/\/qualifio.fidelodev.be\/?page_id=4979"},"modified":"2021-12-05T17:58:29","modified_gmt":"2021-12-05T16:58:29","slug":"webinaires","status":"publish","type":"page","link":"https:\/\/qualifio.fidelodev.be\/fr\/webinaires\/","title":{"rendered":"Webinaires"},"content":{"rendered":"\n<section class=\"wp-block-fidelo-page-header main-top-page animation\" data-blockstyle=\"animation\"><div class=\"top-page wrapper-max\"><div class=\"top-page-illustration\"><div class=\"\" id=\"lottie-webinar\"><\/div><\/div><div class=\"top-page-description\">\n<h1 class=\"has-text-align-left wp-block-heading\">Webinaires<\/h1>\n\n\n\n<p class=\"has-text-align-left\">Regardez nos pr\u00e9c\u00e9dents webinaires et apprenez-en davantage sur Qualifio.<\/p>\n<\/div><\/div><\/section>\n\n\n\n<section class=\"wp-block-fidelo-webinars\" data-block-style=\"bg-light-grey\"><div class=\"wrapper-max\"><div class=\"filters-container align-center\" class=\"cbp-l-filters-button\"><div class=\"filters-content\"><div data-filter=\"*\" class=\"cbp-filter-item-active cbp-filter-item\">Tous<\/div><div data-filter=\"data-collection-fr\" class=\"cbp-filter-item\">Collecte de donn\u00e9es<\/div><div data-filter=\"conversion-fr\" class=\"cbp-filter-item\">Conversion<\/div><div data-filter=\"engagement-fr\" class=\"cbp-filter-item\">Engagement<\/div><div data-filter=\"loyalty-fr\" class=\"cbp-filter-item\">Fid\u00e9lisation<\/div><div data-filter=\"inspiration-fr\" class=\"cbp-filter-item\">Inspiration<\/div><div data-filter=\"legal-gdpr-fr\" class=\"cbp-filter-item\">L\u00e9gal &amp; RGPD<\/div><div data-filter=\"product-fr\" class=\"cbp-filter-item\">Produit<\/div><div data-filter=\"segmentation-fr\" class=\"cbp-filter-item\">Segmentation<\/div><\/div><\/div>\t<div class=\"container-cards cards-showcase \">\t<div class=\"card cbp-item is-animated\" data-categories=\"inspiration-fr\">\t\t<img decoding=\"async\" src=\"https:\/\/qualifio.fidelodev.be\/wp-content\/uploads\/2022\/09\/banner_webinar_inspirational_thursdays_10_FR.png\" alt=\"\">\t\t<article>\t\t\t<h3>Inspirational Thursdays #10<\/h3>\t\t\t<p><!-- wp:paragraph -->\n<p>Votre marketing est-il pr\u00eat pour la plus grande comp\u00e9tition de football de 2022 ?<\/p>\n<!-- \/wp:paragraph --><\/p><!--HubSpot Call-to-Action Code --><span class=\"hs-cta-wrapper\" id=\"hs-cta-wrapper-eb7d03dd-001e-41c2-bacc-b6d26d814ee5\"><span class=\"hs-cta-node hs-cta-eb7d03dd-001e-41c2-bacc-b6d26d814ee5\" id=\"hs-cta-eb7d03dd-001e-41c2-bacc-b6d26d814ee5\"><!--[if lte IE 8]><div id=\"hs-cta-ie-element\"><\/div><![endif]--><a href=\"https:\/\/cta-redirect.hubspot.com\/cta\/redirect\/5566751\/eb7d03dd-001e-41c2-bacc-b6d26d814ee5\" target=\"_blank\" rel=\"noopener\"><img decoding=\"async\" class=\"hs-cta-img\" id=\"hs-cta-img-eb7d03dd-001e-41c2-bacc-b6d26d814ee5\" style=\"border-width:0px;\" src=\"https:\/\/no-cache.hubspot.com\/cta\/default\/5566751\/eb7d03dd-001e-41c2-bacc-b6d26d814ee5.png\"  alt=\"Voir\"\/><\/a><\/span><script charset=\"utf-8\" src=\"https:\/\/js.hscta.net\/cta\/current.js\"><\/script><script type=\"text\/javascript\"> hbspt.cta.load(5566751, 'eb7d03dd-001e-41c2-bacc-b6d26d814ee5', {\"useNewLoader\":\"true\",\"region\":\"na1\"}); <\/script><\/span><!-- end HubSpot Call-to-Action Code -->\t\t<\/article>\t<\/div>\t<div class=\"card cbp-item is-animated\" data-categories=\"inspiration-fr\">\t\t<img decoding=\"async\" src=\"https:\/\/qualifio.fidelodev.be\/wp-content\/uploads\/2022\/09\/banner_webinar_inspirational_thursdays_9_FR.png\" alt=\"\">\t\t<article>\t\t\t<h3>Inspirational Thursdays #9<\/h3>\t\t\t<p><!-- wp:paragraph -->\n<p>Les formats interactifs que vous devriez tester cet \u00e9t\u00e9 pour attirer l\u2019attention de votre audience.<\/p>\n<!-- \/wp:paragraph --><\/p><!--HubSpot Call-to-Action Code --><span class=\"hs-cta-wrapper\" id=\"hs-cta-wrapper-56682820-407c-4480-9214-dd0a83c5d311\"><span class=\"hs-cta-node hs-cta-56682820-407c-4480-9214-dd0a83c5d311\" id=\"hs-cta-56682820-407c-4480-9214-dd0a83c5d311\"><!--[if lte IE 8]><div id=\"hs-cta-ie-element\"><\/div><![endif]--><a href=\"https:\/\/cta-redirect.hubspot.com\/cta\/redirect\/5566751\/56682820-407c-4480-9214-dd0a83c5d311\" target=\"_blank\" rel=\"noopener\"><img decoding=\"async\" class=\"hs-cta-img\" id=\"hs-cta-img-56682820-407c-4480-9214-dd0a83c5d311\" style=\"border-width:0px;\" src=\"https:\/\/no-cache.hubspot.com\/cta\/default\/5566751\/56682820-407c-4480-9214-dd0a83c5d311.png\"  alt=\"Voir\"\/><\/a><\/span><script charset=\"utf-8\" src=\"https:\/\/js.hscta.net\/cta\/current.js\"><\/script><script type=\"text\/javascript\"> hbspt.cta.load(5566751, '56682820-407c-4480-9214-dd0a83c5d311', {\"useNewLoader\":\"true\",\"region\":\"na1\"}); <\/script><\/span><!-- end HubSpot Call-to-Action Code -->\t\t<\/article>\t<\/div>\t<div class=\"card cbp-item is-animated\" data-categories=\"product-fr\">\t\t<img decoding=\"async\" src=\"https:\/\/qualifio.fidelodev.be\/wp-content\/uploads\/2022\/06\/banner_webinar_product_spring_2022_FR.png\" alt=\"\">\t\t<article>\t\t\t<h3>Nouveaut\u00e9s du printemps 2022<\/h3>\t\t\t<p><!-- wp:paragraph -->\n<p>Les nouvelles fonctionnalit\u00e9s de gestion des lots et les \u00e9volutions en mati\u00e8re d'instants gagnants.<\/p>\n<!-- \/wp:paragraph --><\/p><!--HubSpot Call-to-Action Code --><span class=\"hs-cta-wrapper\" id=\"hs-cta-wrapper-8c00ac70-e184-4994-a1de-603782a8d5ad\"><span class=\"hs-cta-node hs-cta-8c00ac70-e184-4994-a1de-603782a8d5ad\" id=\"hs-cta-8c00ac70-e184-4994-a1de-603782a8d5ad\"><!--[if lte IE 8]><div id=\"hs-cta-ie-element\"><\/div><![endif]--><a href=\"https:\/\/cta-redirect.hubspot.com\/cta\/redirect\/5566751\/8c00ac70-e184-4994-a1de-603782a8d5ad\" target=\"_blank\" rel=\"noopener\"><img decoding=\"async\" class=\"hs-cta-img\" id=\"hs-cta-img-8c00ac70-e184-4994-a1de-603782a8d5ad\" style=\"border-width:0px;\" src=\"https:\/\/no-cache.hubspot.com\/cta\/default\/5566751\/8c00ac70-e184-4994-a1de-603782a8d5ad.png\"  alt=\"Voir\"\/><\/a><\/span><script charset=\"utf-8\" src=\"https:\/\/js.hscta.net\/cta\/current.js\"><\/script><script type=\"text\/javascript\"> hbspt.cta.load(5566751, '8c00ac70-e184-4994-a1de-603782a8d5ad', {\"useNewLoader\":\"true\",\"region\":\"na1\"}); <\/script><\/span><!-- end HubSpot Call-to-Action Code -->\t\t<\/article>\t<\/div>\t<div class=\"card cbp-item is-animated\" data-categories=\"engagement-fr\">\t\t<img decoding=\"async\" src=\"https:\/\/qualifio.fidelodev.be\/wp-content\/uploads\/2022\/05\/banner_webinar_inspirational_thursdays_8_FR.png\" alt=\"\">\t\t<article>\t\t\t<h3>Inspirational Thursdays #8<\/h3>\t\t\t<p><!-- wp:paragraph -->\n<p>Comment utiliser les jeux de Qualifio pour mieux engager et conna\u00eetre votre communaut\u00e9 ?<\/p>\n<!-- \/wp:paragraph --><\/p><!--HubSpot Call-to-Action Code --><span class=\"hs-cta-wrapper\" id=\"hs-cta-wrapper-0d0c6020-6ef1-4ed4-af49-43b16b51f1a5\"><span class=\"hs-cta-node hs-cta-0d0c6020-6ef1-4ed4-af49-43b16b51f1a5\" id=\"hs-cta-0d0c6020-6ef1-4ed4-af49-43b16b51f1a5\"><!--[if lte IE 8]><div id=\"hs-cta-ie-element\"><\/div><![endif]--><a href=\"https:\/\/cta-redirect.hubspot.com\/cta\/redirect\/5566751\/0d0c6020-6ef1-4ed4-af49-43b16b51f1a5\" target=\"_blank\" rel=\"noopener\"><img decoding=\"async\" class=\"hs-cta-img\" id=\"hs-cta-img-0d0c6020-6ef1-4ed4-af49-43b16b51f1a5\" style=\"border-width:0px;\" src=\"https:\/\/no-cache.hubspot.com\/cta\/default\/5566751\/0d0c6020-6ef1-4ed4-af49-43b16b51f1a5.png\"  alt=\"Voir\"\/><\/a><\/span><script charset=\"utf-8\" src=\"https:\/\/js.hscta.net\/cta\/current.js\"><\/script><script type=\"text\/javascript\"> hbspt.cta.load(5566751, '0d0c6020-6ef1-4ed4-af49-43b16b51f1a5', {\"useNewLoader\":\"true\",\"region\":\"na1\"}); <\/script><\/span><!-- end HubSpot Call-to-Action Code -->\t\t<\/article>\t<\/div>\t<div class=\"card cbp-item is-animated\" data-categories=\"data-collection-fr;conversion-fr;engagement-fr\">\t\t<img decoding=\"async\" src=\"https:\/\/qualifio.fidelodev.be\/wp-content\/uploads\/2021\/12\/banner_webinar_conversion_FR.png\" alt=\"\">\t\t<article>\t\t\t<h3>Conversion<\/h3>\t\t\t<p><!-- wp:paragraph -->\n<p>D\u00e9couvrez comment de grandes marques engagent leurs audiences \u00e0 chaque \u00e9tape du cycle de vente.<\/p>\n<!-- \/wp:paragraph --><\/p><!--HubSpot Call-to-Action Code --><span class=\"hs-cta-wrapper\" id=\"hs-cta-wrapper-a1ca3279-16c6-4132-9f6b-8785ad4283e6\"><span class=\"hs-cta-node hs-cta-a1ca3279-16c6-4132-9f6b-8785ad4283e6\" id=\"hs-cta-a1ca3279-16c6-4132-9f6b-8785ad4283e6\"><!--[if lte IE 8]><div id=\"hs-cta-ie-element\"><\/div><![endif]--><a href=\"https:\/\/cta-redirect.hubspot.com\/cta\/redirect\/5566751\/a1ca3279-16c6-4132-9f6b-8785ad4283e6\" target=\"_blank\" rel=\"noopener\"><img decoding=\"async\" class=\"hs-cta-img\" id=\"hs-cta-img-a1ca3279-16c6-4132-9f6b-8785ad4283e6\" style=\"border-width:0px;\" src=\"https:\/\/no-cache.hubspot.com\/cta\/default\/5566751\/a1ca3279-16c6-4132-9f6b-8785ad4283e6.png\"  alt=\"Voir\"\/><\/a><\/span><script charset=\"utf-8\" src=\"https:\/\/js.hscta.net\/cta\/current.js\"><\/script><script type=\"text\/javascript\"> hbspt.cta.load(5566751, 'a1ca3279-16c6-4132-9f6b-8785ad4283e6', {\"useNewLoader\":\"true\",\"region\":\"na1\"}); <\/script><\/span><!-- end HubSpot Call-to-Action Code -->\t\t<\/article>\t<\/div>\t<div class=\"card cbp-item is-animated\" data-categories=\"engagement-fr;loyalty-fr\">\t\t<img decoding=\"async\" src=\"https:\/\/qualifio.fidelodev.be\/wp-content\/uploads\/2022\/05\/banner_webinar_inspirational_thursdays_7_FR.png\" alt=\"\">\t\t<article>\t\t\t<h3>Inspirational Thursdays #7<\/h3>\t\t\t<p><!-- wp:paragraph -->\n<p>Comment augmenter la fid\u00e9lisation et la r\u00e9tention client avec Qualifio Engage ?<\/p>\n<!-- \/wp:paragraph --><\/p><!--HubSpot Call-to-Action Code --><span class=\"hs-cta-wrapper\" id=\"hs-cta-wrapper-f923ecae-c699-4b89-9114-e22aeafcef72\"><span class=\"hs-cta-node hs-cta-f923ecae-c699-4b89-9114-e22aeafcef72\" id=\"hs-cta-f923ecae-c699-4b89-9114-e22aeafcef72\"><!--[if lte IE 8]><div id=\"hs-cta-ie-element\"><\/div><![endif]--><a href=\"https:\/\/cta-redirect.hubspot.com\/cta\/redirect\/5566751\/f923ecae-c699-4b89-9114-e22aeafcef72\" target=\"_blank\" rel=\"noopener\"><img decoding=\"async\" class=\"hs-cta-img\" id=\"hs-cta-img-f923ecae-c699-4b89-9114-e22aeafcef72\" style=\"border-width:0px;\" src=\"https:\/\/no-cache.hubspot.com\/cta\/default\/5566751\/f923ecae-c699-4b89-9114-e22aeafcef72.png\"  alt=\"Voir\"\/><\/a><\/span><script charset=\"utf-8\" src=\"https:\/\/js.hscta.net\/cta\/current.js\"><\/script><script type=\"text\/javascript\"> hbspt.cta.load(5566751, 'f923ecae-c699-4b89-9114-e22aeafcef72', {\"useNewLoader\":\"true\",\"region\":\"na1\"}); <\/script><\/span><!-- end HubSpot Call-to-Action Code -->\t\t<\/article>\t<\/div>\t<div class=\"card cbp-item is-animated\" data-categories=\"data-collection-fr;conversion-fr;engagement-fr\">\t\t<img decoding=\"async\" src=\"https:\/\/qualifio.fidelodev.be\/wp-content\/uploads\/2021\/12\/banner_webinar_kpi_FR.png\" alt=\"\">\t\t<article>\t\t\t<h3>KPIs &#038; ROI<\/h3>\t\t\t<p><!-- wp:paragraph -->\n<p>Comment am\u00e9liorer vos KPIs et booster votre ROI gr\u00e2ce au marketing interactif ?<\/p>\n<!-- \/wp:paragraph --><\/p><!--HubSpot Call-to-Action Code --><span class=\"hs-cta-wrapper\" id=\"hs-cta-wrapper-310bc60e-af83-4e1f-bbf5-7359ef19e73e\"><span class=\"hs-cta-node hs-cta-310bc60e-af83-4e1f-bbf5-7359ef19e73e\" id=\"hs-cta-310bc60e-af83-4e1f-bbf5-7359ef19e73e\"><!--[if lte IE 8]><div id=\"hs-cta-ie-element\"><\/div><![endif]--><a href=\"https:\/\/cta-redirect.hubspot.com\/cta\/redirect\/5566751\/310bc60e-af83-4e1f-bbf5-7359ef19e73e\" target=\"_blank\" rel=\"noopener\"><img decoding=\"async\" class=\"hs-cta-img\" id=\"hs-cta-img-310bc60e-af83-4e1f-bbf5-7359ef19e73e\" style=\"border-width:0px;\" src=\"https:\/\/no-cache.hubspot.com\/cta\/default\/5566751\/310bc60e-af83-4e1f-bbf5-7359ef19e73e.png\"  alt=\"Voir\"\/><\/a><\/span><script charset=\"utf-8\" src=\"https:\/\/js.hscta.net\/cta\/current.js\"><\/script><script type=\"text\/javascript\"> hbspt.cta.load(5566751, '310bc60e-af83-4e1f-bbf5-7359ef19e73e', {\"useNewLoader\":\"true\",\"region\":\"na1\"}); <\/script><\/span><!-- end HubSpot Call-to-Action Code -->\t\t<\/article>\t<\/div>\t<div class=\"card cbp-item is-animated\" data-categories=\"data-collection-fr;conversion-fr;engagement-fr;loyalty-fr;segmentation-fr\">\t\t<img decoding=\"async\" src=\"https:\/\/qualifio.fidelodev.be\/wp-content\/uploads\/2021\/12\/banner_webinar_fmcg_FR.png\" alt=\"\">\t\t<article>\t\t\t<h3>Marques FMCG<\/h3>\t\t\t<p><!-- wp:paragraph -->\n<p>Collecte de donn\u00e9es : pourquoi la grande consommation mise sur le marketing interactif ?<\/p>\n<!-- \/wp:paragraph --><\/p><!--HubSpot Call-to-Action Code --><span class=\"hs-cta-wrapper\" id=\"hs-cta-wrapper-e5a211f2-7f5b-4e97-b4de-39ac5767bc79\"><span class=\"hs-cta-node hs-cta-e5a211f2-7f5b-4e97-b4de-39ac5767bc79\" id=\"hs-cta-e5a211f2-7f5b-4e97-b4de-39ac5767bc79\"><!--[if lte IE 8]><div id=\"hs-cta-ie-element\"><\/div><![endif]--><a href=\"https:\/\/cta-redirect.hubspot.com\/cta\/redirect\/5566751\/e5a211f2-7f5b-4e97-b4de-39ac5767bc79\" target=\"_blank\" rel=\"noopener\"><img decoding=\"async\" class=\"hs-cta-img\" id=\"hs-cta-img-e5a211f2-7f5b-4e97-b4de-39ac5767bc79\" style=\"border-width:0px;\" src=\"https:\/\/no-cache.hubspot.com\/cta\/default\/5566751\/e5a211f2-7f5b-4e97-b4de-39ac5767bc79.png\"  alt=\"Voir\"\/><\/a><\/span><script charset=\"utf-8\" src=\"https:\/\/js.hscta.net\/cta\/current.js\"><\/script><script type=\"text\/javascript\"> hbspt.cta.load(5566751, 'e5a211f2-7f5b-4e97-b4de-39ac5767bc79', {\"useNewLoader\":\"true\",\"region\":\"na1\"}); <\/script><\/span><!-- end HubSpot Call-to-Action Code -->\t\t<\/article>\t<\/div>\t<div class=\"card cbp-item is-animated\" data-categories=\"data-collection-fr;legal-gdpr-fr\">\t\t<img decoding=\"async\" src=\"https:\/\/qualifio.fidelodev.be\/wp-content\/uploads\/2021\/12\/webinar-rgpd.png\" alt=\"\">\t\t<article>\t\t\t<h3>RGPD<\/h3>\t\t\t<p><!-- wp:paragraph -->\n<p>Les questions que vous vous posez toujours apr\u00e8s 1 an.<\/p>\n<!-- \/wp:paragraph --><\/p><!--HubSpot Call-to-Action Code --><span class=\"hs-cta-wrapper\" id=\"hs-cta-wrapper-29324aaa-dec9-416b-9ecd-0ebee71baba0\"><span class=\"hs-cta-node hs-cta-29324aaa-dec9-416b-9ecd-0ebee71baba0\" id=\"hs-cta-29324aaa-dec9-416b-9ecd-0ebee71baba0\"><!--[if lte IE 8]><div id=\"hs-cta-ie-element\"><\/div><![endif]--><a href=\"https:\/\/cta-redirect.hubspot.com\/cta\/redirect\/5566751\/29324aaa-dec9-416b-9ecd-0ebee71baba0\" target=\"_blank\" rel=\"noopener\"><img decoding=\"async\" class=\"hs-cta-img\" id=\"hs-cta-img-29324aaa-dec9-416b-9ecd-0ebee71baba0\" style=\"border-width:0px;\" src=\"https:\/\/no-cache.hubspot.com\/cta\/default\/5566751\/29324aaa-dec9-416b-9ecd-0ebee71baba0.png\"  alt=\"Voir\"\/><\/a><\/span><script charset=\"utf-8\" src=\"https:\/\/js.hscta.net\/cta\/current.js\"><\/script><script type=\"text\/javascript\"> hbspt.cta.load(5566751, '29324aaa-dec9-416b-9ecd-0ebee71baba0', {\"useNewLoader\":\"true\",\"region\":\"na1\"}); <\/script><\/span><!-- end HubSpot Call-to-Action Code -->\t\t<\/article>\t<\/div>\t<div class=\"card cbp-item is-animated\" data-categories=\"data-collection-fr;legal-gdpr-fr\">\t\t<img decoding=\"async\" src=\"https:\/\/qualifio.fidelodev.be\/wp-content\/uploads\/2022\/04\/banner_webinar_gdpr_toolbox_FR.png\" alt=\"\">\t\t<article>\t\t\t<h3>Bo\u00eete \u00e0 outils RGPD<\/h3>\t\t\t<p><!-- wp:paragraph -->\n<p>D\u00e9couvrez nos fonctionnalit\u00e9s pour collecter des donn\u00e9es en conformit\u00e9 avec le RGPD.<\/p>\n<!-- \/wp:paragraph --><\/p><!--HubSpot Call-to-Action Code --><span class=\"hs-cta-wrapper\" id=\"hs-cta-wrapper-f496b812-1001-4adf-8795-3bc1d19b5958\"><span class=\"hs-cta-node hs-cta-f496b812-1001-4adf-8795-3bc1d19b5958\" id=\"hs-cta-f496b812-1001-4adf-8795-3bc1d19b5958\"><!--[if lte IE 8]><div id=\"hs-cta-ie-element\"><\/div><![endif]--><a href=\"https:\/\/cta-redirect.hubspot.com\/cta\/redirect\/5566751\/f496b812-1001-4adf-8795-3bc1d19b5958\" target=\"_blank\" rel=\"noopener\"><img decoding=\"async\" class=\"hs-cta-img\" id=\"hs-cta-img-f496b812-1001-4adf-8795-3bc1d19b5958\" style=\"border-width:0px;\" src=\"https:\/\/no-cache.hubspot.com\/cta\/default\/5566751\/f496b812-1001-4adf-8795-3bc1d19b5958.png\"  alt=\"Voir\"\/><\/a><\/span><script charset=\"utf-8\" src=\"https:\/\/js.hscta.net\/cta\/current.js\"><\/script><script type=\"text\/javascript\"> hbspt.cta.load(5566751, 'f496b812-1001-4adf-8795-3bc1d19b5958', {\"useNewLoader\":\"true\",\"region\":\"na1\"}); <\/script><\/span><!-- end HubSpot Call-to-Action Code -->\t\t<\/article>\t<\/div><\/div><\/div><\/section>\n","protected":false},"excerpt":{"rendered":"","protected":false},"author":3,"featured_media":0,"parent":0,"menu_order":0,"comment_status":"closed","ping_status":"closed","template":"","meta":{"footnotes":""},"class_list":["post-4979","page","type-page","status-publish","hentry"],"yoast_head":"<!-- This site is optimized with the Yoast SEO plugin v22.9 - https:\/\/yoast.com\/wordpress\/plugins\/seo\/ -->\n<title>Webinaires - Qualifio<\/title>\n<meta name=\"description\" content=\"Regardez nos pr\u00e9c\u00e9dents webinaires et apprenez-en davantage sur Qualifio. Marketing interactif, collecte de donn\u00e9es, fid\u00e9lisation, engagement.\" \/>\n<meta name=\"robots\" content=\"noindex, follow, max-snippet:-1, max-image-preview:large, max-video-preview:-1\" \/>\n<meta property=\"og:locale\" content=\"fr_FR\" \/>\n<meta property=\"og:type\" content=\"article\" \/>\n<meta property=\"og:title\" content=\"Webinaires - Qualifio\" \/>\n<meta property=\"og:description\" content=\"Regardez nos pr\u00e9c\u00e9dents webinaires et apprenez-en davantage sur Qualifio. Marketing interactif, collecte de donn\u00e9es, fid\u00e9lisation, engagement.\" \/>\n<meta property=\"og:url\" content=\"https:\/\/qualifio.fidelodev.be\/webinars\/\" \/>\n<meta property=\"og:site_name\" content=\"Qualifio\" \/>\n<meta property=\"article:modified_time\" content=\"2021-12-05T16:58:29+00:00\" \/>\n<meta property=\"og:image\" content=\"https:\/\/qualifio.fidelodev.be\/wp-content\/uploads\/2022\/02\/banner-qualifio-social.png\" \/>\n\t<meta property=\"og:image:width\" content=\"1200\" \/>\n\t<meta property=\"og:image:height\" content=\"627\" \/>\n\t<meta property=\"og:image:type\" content=\"image\/png\" \/>\n<meta name=\"twitter:card\" content=\"summary_large_image\" \/>\n<meta name=\"twitter:label1\" content=\"Dur\u00e9e de lecture estim\u00e9e\" \/>\n\t<meta name=\"twitter:data1\" content=\"1 minute\" \/>\n<script type=\"application\/ld+json\" class=\"yoast-schema-graph\">{\"@context\":\"https:\/\/schema.org\",\"@graph\":[{\"@type\":\"WebPage\",\"@id\":\"https:\/\/qualifio.fidelodev.be\/webinars\/\",\"url\":\"https:\/\/qualifio.fidelodev.be\/webinars\/\",\"name\":\"Webinaires - Qualifio\",\"isPartOf\":{\"@id\":\"https:\/\/qualifio.fidelodev.be\/#website\"},\"datePublished\":\"2021-12-05T15:14:55+00:00\",\"dateModified\":\"2021-12-05T16:58:29+00:00\",\"description\":\"Regardez nos pr\u00e9c\u00e9dents webinaires et apprenez-en davantage sur Qualifio. Marketing interactif, collecte de donn\u00e9es, fid\u00e9lisation, engagement.\",\"breadcrumb\":{\"@id\":\"https:\/\/qualifio.fidelodev.be\/webinars\/#breadcrumb\"},\"inLanguage\":\"fr-FR\",\"potentialAction\":[{\"@type\":\"ReadAction\",\"target\":[\"https:\/\/qualifio.fidelodev.be\/webinars\/\"]}]},{\"@type\":\"BreadcrumbList\",\"@id\":\"https:\/\/qualifio.fidelodev.be\/webinars\/#breadcrumb\",\"itemListElement\":[{\"@type\":\"ListItem\",\"position\":1,\"name\":\"Home\",\"item\":\"https:\/\/qualifio.fidelodev.be\/fr\/\"},{\"@type\":\"ListItem\",\"position\":2,\"name\":\"Webinaires\"}]},{\"@type\":\"WebSite\",\"@id\":\"https:\/\/qualifio.fidelodev.be\/#website\",\"url\":\"https:\/\/qualifio.fidelodev.be\/\",\"name\":\"Qualifio\",\"description\":\"Un site utilisant WordPress\",\"publisher\":{\"@id\":\"https:\/\/qualifio.fidelodev.be\/#organization\"},\"potentialAction\":[{\"@type\":\"SearchAction\",\"target\":{\"@type\":\"EntryPoint\",\"urlTemplate\":\"https:\/\/qualifio.fidelodev.be\/?s={search_term_string}\"},\"query-input\":\"required name=search_term_string\"}],\"inLanguage\":\"fr-FR\"},{\"@type\":\"Organization\",\"@id\":\"https:\/\/qualifio.fidelodev.be\/#organization\",\"name\":\"Qualifio\",\"url\":\"https:\/\/qualifio.fidelodev.be\/\",\"logo\":{\"@type\":\"ImageObject\",\"inLanguage\":\"fr-FR\",\"@id\":\"https:\/\/qualifio.fidelodev.be\/#\/schema\/logo\/image\/\",\"url\":\"https:\/\/qualifio.fidelodev.be\/wp-content\/uploads\/2022\/06\/banner-blog-news-simple.png\",\"contentUrl\":\"https:\/\/qualifio.fidelodev.be\/wp-content\/uploads\/2022\/06\/banner-blog-news-simple.png\",\"width\":460,\"height\":240,\"caption\":\"Qualifio\"},\"image\":{\"@id\":\"https:\/\/qualifio.fidelodev.be\/#\/schema\/logo\/image\/\"}}]}<\/script>\n<!-- \/ Yoast SEO plugin. -->","yoast_head_json":{"title":"Webinaires - Qualifio","description":"Regardez nos pr\u00e9c\u00e9dents webinaires et apprenez-en davantage sur Qualifio. Marketing interactif, collecte de donn\u00e9es, fid\u00e9lisation, engagement.","robots":{"index":"noindex","follow":"follow","max-snippet":"max-snippet:-1","max-image-preview":"max-image-preview:large","max-video-preview":"max-video-preview:-1"},"og_locale":"fr_FR","og_type":"article","og_title":"Webinaires - Qualifio","og_description":"Regardez nos pr\u00e9c\u00e9dents webinaires et apprenez-en davantage sur Qualifio. Marketing interactif, collecte de donn\u00e9es, fid\u00e9lisation, engagement.","og_url":"https:\/\/qualifio.fidelodev.be\/webinars\/","og_site_name":"Qualifio","article_modified_time":"2021-12-05T16:58:29+00:00","og_image":[{"width":1200,"height":627,"url":"https:\/\/qualifio.fidelodev.be\/wp-content\/uploads\/2022\/02\/banner-qualifio-social.png","type":"image\/png"}],"twitter_card":"summary_large_image","twitter_misc":{"Dur\u00e9e de lecture estim\u00e9e":"1 minute"},"schema":{"@context":"https:\/\/schema.org","@graph":[{"@type":"WebPage","@id":"https:\/\/qualifio.fidelodev.be\/webinars\/","url":"https:\/\/qualifio.fidelodev.be\/webinars\/","name":"Webinaires - Qualifio","isPartOf":{"@id":"https:\/\/qualifio.fidelodev.be\/#website"},"datePublished":"2021-12-05T15:14:55+00:00","dateModified":"2021-12-05T16:58:29+00:00","description":"Regardez nos pr\u00e9c\u00e9dents webinaires et apprenez-en davantage sur Qualifio. Marketing interactif, collecte de donn\u00e9es, fid\u00e9lisation, engagement.","breadcrumb":{"@id":"https:\/\/qualifio.fidelodev.be\/webinars\/#breadcrumb"},"inLanguage":"fr-FR","potentialAction":[{"@type":"ReadAction","target":["https:\/\/qualifio.fidelodev.be\/webinars\/"]}]},{"@type":"BreadcrumbList","@id":"https:\/\/qualifio.fidelodev.be\/webinars\/#breadcrumb","itemListElement":[{"@type":"ListItem","position":1,"name":"Home","item":"https:\/\/qualifio.fidelodev.be\/fr\/"},{"@type":"ListItem","position":2,"name":"Webinaires"}]},{"@type":"WebSite","@id":"https:\/\/qualifio.fidelodev.be\/#website","url":"https:\/\/qualifio.fidelodev.be\/","name":"Qualifio","description":"Un site utilisant WordPress","publisher":{"@id":"https:\/\/qualifio.fidelodev.be\/#organization"},"potentialAction":[{"@type":"SearchAction","target":{"@type":"EntryPoint","urlTemplate":"https:\/\/qualifio.fidelodev.be\/?s={search_term_string}"},"query-input":"required name=search_term_string"}],"inLanguage":"fr-FR"},{"@type":"Organization","@id":"https:\/\/qualifio.fidelodev.be\/#organization","name":"Qualifio","url":"https:\/\/qualifio.fidelodev.be\/","logo":{"@type":"ImageObject","inLanguage":"fr-FR","@id":"https:\/\/qualifio.fidelodev.be\/#\/schema\/logo\/image\/","url":"https:\/\/qualifio.fidelodev.be\/wp-content\/uploads\/2022\/06\/banner-blog-news-simple.png","contentUrl":"https:\/\/qualifio.fidelodev.be\/wp-content\/uploads\/2022\/06\/banner-blog-news-simple.png","width":460,"height":240,"caption":"Qualifio"},"image":{"@id":"https:\/\/qualifio.fidelodev.be\/#\/schema\/logo\/image\/"}}]}},"_links":{"self":[{"href":"https:\/\/qualifio.fidelodev.be\/fr\/wp-json\/wp\/v2\/pages\/4979","targetHints":{"allow":["GET"]}}],"collection":[{"href":"https:\/\/qualifio.fidelodev.be\/fr\/wp-json\/wp\/v2\/pages"}],"about":[{"href":"https:\/\/qualifio.fidelodev.be\/fr\/wp-json\/wp\/v2\/types\/page"}],"author":[{"embeddable":true,"href":"https:\/\/qualifio.fidelodev.be\/fr\/wp-json\/wp\/v2\/users\/3"}],"replies":[{"embeddable":true,"href":"https:\/\/qualifio.fidelodev.be\/fr\/wp-json\/wp\/v2\/comments?post=4979"}],"version-history":[{"count":0,"href":"https:\/\/qualifio.fidelodev.be\/fr\/wp-json\/wp\/v2\/pages\/4979\/revisions"}],"wp:attachment":[{"href":"https:\/\/qualifio.fidelodev.be\/fr\/wp-json\/wp\/v2\/media?parent=4979"}],"curies":[{"name":"wp","href":"https:\/\/api.w.org\/{rel}","templated":true}]}}