{"id":4987,"date":"2021-12-05T16:26:57","date_gmt":"2021-12-05T15:26:57","guid":{"rendered":"https:\/\/qualifio.fidelodev.be\/?page_id=4987"},"modified":"2022-08-17T17:19:17","modified_gmt":"2022-08-17T15:19:17","slug":"politique-cookies","status":"publish","type":"page","link":"https:\/\/qualifio.fidelodev.be\/fr\/politique-cookies\/","title":{"rendered":"Politique des cookies"},"content":{"rendered":"\n<div class=\"wp-block-group main-top-page is-layout-flow wp-block-group-is-layout-flow\">\n<section class=\"wp-block-fidelo-content-anim pre-footer top-page\"><div class=\"wrapper-max\">\n<h1 class=\"has-text-align-center wp-block-heading\">Politique d&rsquo;utilisation des cookies<\/h1>\n\n\n\n<p class=\"has-text-align-center\"><strong>Derni\u00e8re mise \u00e0 jour :<\/strong> mars 2021 \u2013 version 1.1<\/p>\n<\/div><div class=\"r-bg\"><div class=\"r-b r1\"><\/div><div class=\"r-b r2\"><\/div><div class=\"r-b r3\"><\/div><div class=\"r-b r4\"><\/div><\/div><\/section>\n<\/div>\n\n\n\n<div class=\"wp-block-group bg-light-grey is-layout-flow wp-block-group-is-layout-flow\">\n<div class=\"wp-block-group wrapper-max is-layout-flow wp-block-group-is-layout-flow\">\n<h2 class=\"wp-block-heading\">Objet<\/h2>\n\n\n\n<p>La pr\u00e9sente Politique est \u00e9tablie par la SA Qualifio (ci-apr\u00e8s \u00ab&nbsp;Qualifio&nbsp;\u00bb), soci\u00e9t\u00e9 \u00e9ditrice du site internet&nbsp;<a href=\"https:\/\/qualifio.fidelodev.be\/\">https:\/\/www.qualifio.fidelodev.be<\/a>&nbsp;(ci-apr\u00e8s le \u00ab&nbsp;site web&nbsp;\u00bb), dont le si\u00e8ge social est situ\u00e9 25 Place de l\u2019Universit\u00e9, \u00e0 1348 Louvain-la-Neuve, Belgique, inscrite \u00e0 la Banque-Carrefour des Entreprises sous le num\u00e9ro BE0822.741.925.<\/p>\n\n\n\n<p>Qualifio s\u2019efforce de vous offrir le meilleur service possible. Nous souhaitons d\u00e8s lors pr\u00e9server la confiance que vous nous portez en vous informant de notre politique d\u2019utilisation et de stockage des cookies depuis notre site web vers votre terminal (ordinateur, smartphone, tablette tactile, t\u00e9l\u00e9vision interactive, etc.).<\/p>\n\n\n\n<h2 class=\"wp-block-heading\">Qu\u2019est ce qu\u2019un cookie?<\/h2>\n\n\n\n<p>Un cookie est un petit fichier texte qui contient des fragments d\u2019informations, qui est compos\u00e9 de lettres ou de chiffres stock\u00e9s dans votre navigateur ou sur le disque dur de votre ordinateur. Ces cookies nous permettent, notamment, de traiter vos demandes et d\u2019am\u00e9liorer nos services sur notre site web.<\/p>\n\n\n\n<p>Lorsque vous visitez des sites web, les informations r\u00e9colt\u00e9es par diff\u00e9rents cookies sont conserv\u00e9es sur votre terminal (exemple&nbsp;: le choix de votre langue de pr\u00e9f\u00e9rence pour un site web). Lorsque vous visitez \u00e0 nouveau ces sites web, ils vont chercher dans votre terminal les informations qu\u2019ils y ont enregistr\u00e9 (exemple&nbsp;: configuration du site web par rapport \u00e0 votre langue de pr\u00e9f\u00e9rence).<\/p>\n\n\n\n<p>Il convient de faire la distinction entre deux types de cookies. D\u2019une part, les \u00ab&nbsp;cookies d\u2019origine&nbsp;\u00bb (ou \u00ab&nbsp;first party cookies&nbsp;\u00bb) qui sont mis en place par nous-m\u00eame. D\u2019autre part, les \u00ab&nbsp;cookies tiers&nbsp;\u00bb (ou \u00ab&nbsp;third-party cookies&nbsp;\u00bb) qui sont mis en place par d\u2019autres soci\u00e9t\u00e9s que nous (exemple&nbsp;: les cookies tiers sont souvent utilis\u00e9s par des soci\u00e9t\u00e9s du secteur publicitaire pour cibler vos pr\u00e9f\u00e9rences et vous envoyer des publicit\u00e9s susceptibles de vous int\u00e9resser).<\/p>\n\n\n\n<p>Les cookies ont g\u00e9n\u00e9ralement une date d\u2019expiration. Certains cookies expirent lorsque vous fermez votre navigateur (ce que l\u2019on appelle les \u00ab&nbsp;cookies de session&nbsp;\u00bb),&nbsp;&nbsp;tandis que d\u2019autres restent plus longtemps sur votre terminal, parfois m\u00eame jusqu\u2019\u00e0 ce que vous les supprimiez manuellement (ce que l\u2019on appelle les \u00ab&nbsp;cookies permanents&nbsp;\u00bb).<\/p>\n\n\n\n<h2 class=\"wp-block-heading\">Pourquoi utilisons-nous des cookies?<\/h2>\n\n\n\n<p>Notre site web utilise des cookies et des technologies similaires pour distinguer vos pr\u00e9f\u00e9rences d\u2019utilisation de celles des autres utilisateurs de notre site web. Cela nous permet ainsi de vous offrir une meilleure exp\u00e9rience lors de votre visite sur notre site web et d\u2019optimiser ce dernier. Les cookies et technologies similaires ne nous permettent toutefois pas de collecter syst\u00e9matiquement des donn\u00e9es qui pourraient vous identifier. Ils nous aident notamment \u00e0 am\u00e9liorer le fonctionnement de notre site web, \u00e0 comprendre quels sont vos int\u00e9r\u00eats et \u00e0 \u00e9valuer la pertinence du contenu de notre site web.&nbsp;<\/p>\n\n\n\n<h2 class=\"wp-block-heading\">Gestion des cookies<\/h2>\n\n\n\n<h3 class=\"wp-block-heading\">Param\u00e9trage des cookies&nbsp;<\/h3>\n\n\n\n<p>Certains cookies n\u00e9cessitent votre consentement pr\u00e9alable et explicite. La banni\u00e8re plac\u00e9e sur la premi\u00e8re page de notre site web que vous visitez vous permet d\u2019exprimer votre consentement relatif \u00e0 l\u2019utilisation des cookies sur notre site web. Cette banni\u00e8re renvoie \u00e9galement \u00e0 un &nbsp;\u201dTableau des param\u00e8tres relatifs aux cookies\u201d (\u201cParam\u00e8tres de confidentialit\u00e9\u201d) en cliquant sur \u201cplus\u201d, qui vous permet de s\u00e9lectionner et de d\u00e9sactiver divers tags \/ trackers \/ outils d\u2019analyse utilis\u00e9s sur ce site.&nbsp;&nbsp;<\/p>\n\n\n\n<p>En refusant l\u2019utilisation de cookies ou en les supprimant, vous pouvez acc\u00e9der \u00e0 notre site web. Toutefois, le rejet complet des cookies peut vous emp\u00eacher de profiter pleinement des fonctionnalit\u00e9s du site web car certaines fonctionnalit\u00e9s seront limit\u00e9es, voire impossibles. Dans ce cas, Qualifio n\u2019est pas responsable des cons\u00e9quences li\u00e9es aux dysfonctionnements \u00e9ventuels du site web lorsque Qualifio se retrouve dans l\u2019impossibilit\u00e9 d\u2019enregistrer ou de consulter les cookies n\u00e9cessaires au fonctionnement de ses services.<\/p>\n\n\n\n<p>Quel que soit votre choix, celui-ci peut toujours \u00eatre modifi\u00e9 via notre Tableau des param\u00e8tres relatifs aux cookies en cliquant sur l\u2019ic\u00f4ne en bas \u00e0 gauche de votre navigateur.<br><\/p>\n\n\n\n<h3 class=\"wp-block-heading\">Configuration du navigateur<\/h3>\n\n\n\n<p>La plupart des navigateurs utilisent des cookies. Vous pouvez \u00e9galement supprimer ces cookies ou refuser leur installation \u00e0 tout moment et gratuitement en modifiant les options de votre logiciel de navigation. La configuration de chaque navigateur est diff\u00e9rente. Chaque proc\u00e9dure est d\u00e9crite dans le menu d\u2019aide de votre navigateur.&nbsp;<\/p>\n\n\n\n<p>Pour cela, veuillez-vous rendre sur les liens suivants&nbsp;:<\/p>\n\n\n\n<p><a href=\"https:\/\/support.google.com\/chrome\/answer\/95647?hl=en-GB\">GOOGLE CHROME<\/a>&nbsp;\u2013&nbsp;<a href=\"https:\/\/support.microsoft.com\/en-us\/kb\/260971\">INTERNET EXPLORER<\/a>&nbsp;\u2013&nbsp;<a href=\"https:\/\/support.mozilla.org\/en-US\/kb\/cookies-information-websites-store-on-your-computer\">MOZILLA FIREFOX<\/a>&nbsp;\u2013&nbsp;<a href=\"https:\/\/support.apple.com\/fr-be\/guide\/safari\/sfri11471\/mac\">SAFARI (BUREAU)<\/a>&nbsp;\u2013&nbsp;<a href=\"https:\/\/support.apple.com\/en-us\/HT201265\">SAFARI (MOBILE)<\/a>&nbsp;\u2013&nbsp;<a href=\"https:\/\/support.google.com\/nexus\/answer\/54068?visit_id=637399911149959561-3696500359&amp;hl=en&amp;rd=1\">NAVIGATEUR ANDROID<\/a><\/p>\n\n\n\n<p>Pour tout autre navigateur, veuillez consulter la documentation fournie par le navigateur en question.<\/p>\n\n\n\n<h3 class=\"wp-block-heading\">D\u00e9sactivation des cookies de partage via les r\u00e9seaux sociaux&nbsp;<\/h3>\n\n\n\n<p>Certaines pages de notre site web incluent les boutons des principaux r\u00e9seaux sociaux. En cas de visite d\u2019une page pr\u00e9sentant un ou plusieurs de ces boutons, certains r\u00e9seaux sociaux peuvent, via une technologie de tra\u00e7age, faire le rapprochement entre la page visit\u00e9e et le visiteur (seulement s\u2019il est membre dudit r\u00e9seau social). Exemple de boutons sociaux&nbsp;: Facebook (J\u2019aime et Partager), Twitter (Tweeter), LinkedIn.<\/p>\n\n\n\n<p>Ci-dessous se trouvent les liens de d\u00e9sactivation qui enregistreront un cookie ayant pour unique objet de neutraliser l\u2019utilisation des autres cookies provenant d\u2019un m\u00eame \u00e9metteur. D\u00e9sactiver ces cookies emp\u00eachera toute interaction avec le ou les r\u00e9seaux sociaux concern\u00e9s&nbsp;:<\/p>\n\n\n\n<p><a href=\"https:\/\/www.facebook.com\/policies\/cookies\/\">FACEBOOK<\/a>&nbsp;\u2013&nbsp;<a href=\"https:\/\/help.twitter.com\/fr\/safety-and-security\/twitter-do-not-track\">TWITTER<\/a>&nbsp;\u2013&nbsp;<a href=\"https:\/\/support.google.com\/accounts\/answer\/61416?hl=fr\">GOOGLE +<\/a>&nbsp;\u2013&nbsp;<a href=\"http:\/\/www.linkedin.com\/legal\/cookie-policy\">LINKEDIN<\/a>&nbsp;\u2013&nbsp;<a YAHOO<\/a>&nbsp;\u2013&nbsp;<a href=\"https:\/\/support.google.com\/accounts\/answer\/61416?hl=fr\">YOUTUBE<\/a><\/p>\n\n\n\n<h2 class=\"wp-block-heading\">Caract\u00e9ristiques des cookies<\/h2>\n\n\n\n<p>Pour avoir un aper\u00e7u de tous les cookies, leur date d\u2019expiration, leur finalit\u00e9 et autres informations, cliquez sur \u201cmore\u201d ou \u201cplus\u201d dans la banni\u00e8re cookie du site. De cette mani\u00e8re, les \u201cparam\u00e8tres de confidentialit\u00e9\u201d vont s\u2019afficher et vous permettre de prendre connaissance d\u2019une s\u00e9rie d\u2019informations relatives aux cookies sur notre site web et de les param\u00e9trer (s\u00e9lectionner et d\u00e9sactiver divers cookies).<\/p>\n\n\n\n<p>Sous \u201ccat\u00e9gories\u201d, vous pouvez d\u00e9rouler le menu pour avoir un aper\u00e7u des cookies appartenant \u00e0 cette cat\u00e9gorie. Pour plus d\u2019informations, cliquez sur le bouton informations. Il est \u00e9galement possible de trier directement par cookies sous l\u2019onglet Services.<\/p>\n\n\n\n<h3 class=\"wp-block-heading\">Cookies Essentiels \/ N\u00e9cessaires<\/h3>\n\n\n\n<p><strong>Finalit\u00e9<\/strong>. Ces cookies\/technologies sont n\u00e9cessaires pour activer les fonctionnalit\u00e9s de base du site web et am\u00e9liorent votre exp\u00e9rience en tant qu\u2019utilisateur.<\/p>\n\n\n\n<p><strong>P\u00e9riode de conservation<\/strong>. Pour de plus amples informations sur les dur\u00e9es de conservation propres \u00e0 chaque cookie essentiel\/n\u00e9cessaire, nous vous recommandons de cliquer sur le bouton \u201cplus\u201d de la banni\u00e8re cookie de notre site web. Dans tous les cas, les informations collect\u00e9es et stock\u00e9es dans le cookie et les informations collect\u00e9es suite \u00e0 la lecture du cookie sont supprim\u00e9es lorsqu\u2019elles ne sont plus n\u00e9cessaires \u00e0 la finalit\u00e9 poursuivie.&nbsp;<\/p>\n\n\n\n<p><strong>Consentement<\/strong>. Ces cookies ne requi\u00e8rent pas de consentement de votre part \u00e9tant donn\u00e9 qu\u2019ils sont indispensables pour vous fournir nos services.&nbsp;<\/p>\n\n\n\n<h3 class=\"wp-block-heading\">Cookies statistiques \/ performances&nbsp;<\/h3>\n\n\n\n<p><strong>Finalit\u00e9<\/strong>. Ces cookies sont utilis\u00e9s pour recueillir des informations sur la mani\u00e8re dont vous utilisez notre site web (exemple&nbsp;: quantification des visites et utilisation de notre site web). Ces informations nous servent \u00e0 \u00e9tablir des rapports et nous aident \u00e0 am\u00e9liorer notre site web pour une meilleure navigation. Des statistiques de fr\u00e9quentation, d\u2019affichage et d\u2019interaction des utilisateurs pourront ainsi \u00eatre r\u00e9alis\u00e9es. Toutes les informations collect\u00e9es par ces cookies sont agr\u00e9g\u00e9es et donc anonymis\u00e9es, elles ne permettent pas de vous identifier.<\/p>\n\n\n\n<p><strong>P\u00e9riode de conservation<\/strong>. Pour de plus amples informations sur les dur\u00e9es de conservation, nous vous recommandons de cliquer sur le bouton \u201cplus\u201d de la banni\u00e8re cookie de notre site web.&nbsp;<\/p>\n\n\n\n<p><strong>Consentement<\/strong>. Ces cookies requi\u00e8rent un consentement de votre part.<\/p>\n\n\n\n<h3 class=\"wp-block-heading\">Cookies Publicit\u00e9 \/ Marketing<\/h3>\n\n\n\n<p><strong>Finalit\u00e9<\/strong>. Ces cookies sont utilis\u00e9s pour vous proposer des publicit\u00e9s cibl\u00e9es sur notre site web en fonction de vos centres d\u2019int\u00e9r\u00eats, de votre terminal, de votre navigation, etc.&nbsp;<\/p>\n\n\n\n<p><strong>P\u00e9riode de conservation<\/strong>. Pour de plus amples informations sur les dur\u00e9es de conservation, nous vous recommandons de cliquer sur le bouton \u201cplus\u201d de la banni\u00e8re cookie de notre site web.&nbsp;<\/p>\n\n\n\n<p><strong>Consentement<\/strong>. Ces cookies requi\u00e8rent un consentement de votre part.<\/p>\n\n\n\n<h2 class=\"wp-block-heading\">Vos droits sur le traitement de vos donn\u00e9es \u00e0 caract\u00e8re personnel<\/h2>\n\n\n\n<p>Certains cookies r\u00e9coltent des donn\u00e9es \u00e0 caract\u00e8re personnel. Dans ce cadre, vous b\u00e9n\u00e9ficiez de tous les droits consacr\u00e9s par le RGPD (droit d\u2019acc\u00e8s, droit de rectification, droit d\u2019opposition, droit de retrait du consentement, droit \u00e0 la limitation du traitement&nbsp;, etc.).&nbsp;<\/p>\n\n\n\n<p>A ce sujet, nous vous renvoyons vers notre Politique vie priv\u00e9e (<a href=\"https:\/\/qualifio.fidelodev.be\/fr\/politique-vie-privee\/\">https:\/\/qualifio.fidelodev.be\/fr\/politique-vie-privee\/<\/a>) qui reprend ces points avec pr\u00e9cision.<\/p>\n\n\n\n<h2 class=\"wp-block-heading\">Nous contacter<\/h2>\n\n\n\n<p>Pour toute question et\/ou r\u00e9clamation concernant la pr\u00e9sente Politique, n\u2019h\u00e9sitez pas \u00e0 nous contacter.<br>Par email&nbsp;:&nbsp;<a href=\"mailto:dpo@qualifio.fidelodev.be\">dpo@qualifio.fidelodev.be<\/a><br>Par courrier : 25 Place de l\u2019Universit\u00e9, 1348 Louvain-la-Neuve, Belgique<\/p>\n\n\n\n<h2 class=\"wp-block-heading\">Droit applicable et juridictions comp\u00e9tentes<\/h2>\n\n\n\n<p>La pr\u00e9sente Politique est r\u00e9gie par le droit belge.<\/p>\n\n\n\n<p>Tout litige relatif \u00e0 l\u2019interpr\u00e9tation ou l\u2019ex\u00e9cution de la pr\u00e9sente Politique sera soumis au droit belge et rel\u00e8vera de la comp\u00e9tence exclusive des tribunaux de l\u2019arrondissement judiciaire du Brabant Wallon (Belgique).<\/p>\n\n\n\n<h2 class=\"wp-block-heading\">Modification<\/h2>\n\n\n\n<p>Nous nous r\u00e9servons le droit de modifier \u00e0 tout moment les dispositions de la pr\u00e9sente Politique. Nous publierons les modifications directement sur notre site web. Celles-ci seront d\u00e9taill\u00e9es dans l\u2019historique des versions ci-dessous.<\/p>\n<\/div>\n<\/div>\n","protected":false},"excerpt":{"rendered":"<p>Objet La pr\u00e9sente Politique est \u00e9tablie par la SA Qualifio (ci-apr\u00e8s \u00ab&nbsp;Qualifio&nbsp;\u00bb), soci\u00e9t\u00e9 \u00e9ditrice du site internet&nbsp;https:\/\/www.qualifio.fidelodev.be&nbsp;(ci-apr\u00e8s le \u00ab&nbsp;site web&nbsp;\u00bb), dont le si\u00e8ge social est situ\u00e9 25 Place de l\u2019Universit\u00e9, \u00e0 1348 Louvain-la-Neuve, Belgique, inscrite \u00e0 la Banque-Carrefour des Entreprises sous le num\u00e9ro BE0822.741.925. Qualifio s\u2019efforce de vous offrir le meilleur service possible. Nous souhaitons [&hellip;]<\/p>\n","protected":false},"author":2,"featured_media":0,"parent":0,"menu_order":0,"comment_status":"closed","ping_status":"closed","template":"","meta":{"footnotes":""},"class_list":["post-4987","page","type-page","status-publish","hentry"],"yoast_head":"<!-- This site is optimized with the Yoast SEO plugin v22.9 - https:\/\/yoast.com\/wordpress\/plugins\/seo\/ -->\n<title>Politique des cookies - Qualifio<\/title>\n<meta name=\"description\" content=\"La politique des cookies a pour but de vous donner une information aussi claire et compl\u00e8te que possible sur les cookies que nous utilisons.\" \/>\n<meta name=\"robots\" content=\"noindex, follow, max-snippet:-1, max-image-preview:large, max-video-preview:-1\" \/>\n<meta property=\"og:locale\" content=\"fr_FR\" \/>\n<meta property=\"og:type\" content=\"article\" \/>\n<meta property=\"og:title\" content=\"Politique des cookies - Qualifio\" \/>\n<meta property=\"og:description\" content=\"La politique des cookies a pour but de vous donner une information aussi claire et compl\u00e8te que possible sur les cookies que nous utilisons.\" \/>\n<meta property=\"og:url\" content=\"https:\/\/qualifio.fidelodev.be\/cookie-policy\/\" \/>\n<meta property=\"og:site_name\" content=\"Qualifio\" \/>\n<meta property=\"article:modified_time\" content=\"2022-08-17T15:19:17+00:00\" \/>\n<meta property=\"og:image\" content=\"https:\/\/qualifio.fidelodev.be\/wp-content\/uploads\/2022\/02\/banner-qualifio-social.png\" \/>\n\t<meta property=\"og:image:width\" content=\"1200\" \/>\n\t<meta property=\"og:image:height\" content=\"627\" \/>\n\t<meta property=\"og:image:type\" content=\"image\/png\" \/>\n<meta name=\"twitter:card\" content=\"summary_large_image\" \/>\n<meta name=\"twitter:label1\" content=\"Dur\u00e9e de lecture estim\u00e9e\" \/>\n\t<meta name=\"twitter:data1\" content=\"7 minutes\" \/>\n<script type=\"application\/ld+json\" class=\"yoast-schema-graph\">{\"@context\":\"https:\/\/schema.org\",\"@graph\":[{\"@type\":\"WebPage\",\"@id\":\"https:\/\/qualifio.fidelodev.be\/cookie-policy\/\",\"url\":\"https:\/\/qualifio.fidelodev.be\/cookie-policy\/\",\"name\":\"Politique des cookies - Qualifio\",\"isPartOf\":{\"@id\":\"https:\/\/qualifio.fidelodev.be\/#website\"},\"datePublished\":\"2021-12-05T15:26:57+00:00\",\"dateModified\":\"2022-08-17T15:19:17+00:00\",\"description\":\"La politique des cookies a pour but de vous donner une information aussi claire et compl\u00e8te que possible sur les cookies que nous utilisons.\",\"breadcrumb\":{\"@id\":\"https:\/\/qualifio.fidelodev.be\/cookie-policy\/#breadcrumb\"},\"inLanguage\":\"fr-FR\",\"potentialAction\":[{\"@type\":\"ReadAction\",\"target\":[\"https:\/\/qualifio.fidelodev.be\/cookie-policy\/\"]}]},{\"@type\":\"BreadcrumbList\",\"@id\":\"https:\/\/qualifio.fidelodev.be\/cookie-policy\/#breadcrumb\",\"itemListElement\":[{\"@type\":\"ListItem\",\"position\":1,\"name\":\"Home\",\"item\":\"https:\/\/qualifio.fidelodev.be\/fr\/\"},{\"@type\":\"ListItem\",\"position\":2,\"name\":\"Politique des cookies\"}]},{\"@type\":\"WebSite\",\"@id\":\"https:\/\/qualifio.fidelodev.be\/#website\",\"url\":\"https:\/\/qualifio.fidelodev.be\/\",\"name\":\"Qualifio\",\"description\":\"Un site utilisant WordPress\",\"publisher\":{\"@id\":\"https:\/\/qualifio.fidelodev.be\/#organization\"},\"potentialAction\":[{\"@type\":\"SearchAction\",\"target\":{\"@type\":\"EntryPoint\",\"urlTemplate\":\"https:\/\/qualifio.fidelodev.be\/?s={search_term_string}\"},\"query-input\":\"required name=search_term_string\"}],\"inLanguage\":\"fr-FR\"},{\"@type\":\"Organization\",\"@id\":\"https:\/\/qualifio.fidelodev.be\/#organization\",\"name\":\"Qualifio\",\"url\":\"https:\/\/qualifio.fidelodev.be\/\",\"logo\":{\"@type\":\"ImageObject\",\"inLanguage\":\"fr-FR\",\"@id\":\"https:\/\/qualifio.fidelodev.be\/#\/schema\/logo\/image\/\",\"url\":\"https:\/\/qualifio.fidelodev.be\/wp-content\/uploads\/2022\/06\/banner-blog-news-simple.png\",\"contentUrl\":\"https:\/\/qualifio.fidelodev.be\/wp-content\/uploads\/2022\/06\/banner-blog-news-simple.png\",\"width\":460,\"height\":240,\"caption\":\"Qualifio\"},\"image\":{\"@id\":\"https:\/\/qualifio.fidelodev.be\/#\/schema\/logo\/image\/\"}}]}<\/script>\n<!-- \/ Yoast SEO plugin. -->","yoast_head_json":{"title":"Politique des cookies - Qualifio","description":"La politique des cookies a pour but de vous donner une information aussi claire et compl\u00e8te que possible sur les cookies que nous utilisons.","robots":{"index":"noindex","follow":"follow","max-snippet":"max-snippet:-1","max-image-preview":"max-image-preview:large","max-video-preview":"max-video-preview:-1"},"og_locale":"fr_FR","og_type":"article","og_title":"Politique des cookies - Qualifio","og_description":"La politique des cookies a pour but de vous donner une information aussi claire et compl\u00e8te que possible sur les cookies que nous utilisons.","og_url":"https:\/\/qualifio.fidelodev.be\/cookie-policy\/","og_site_name":"Qualifio","article_modified_time":"2022-08-17T15:19:17+00:00","og_image":[{"width":1200,"height":627,"url":"https:\/\/qualifio.fidelodev.be\/wp-content\/uploads\/2022\/02\/banner-qualifio-social.png","type":"image\/png"}],"twitter_card":"summary_large_image","twitter_misc":{"Dur\u00e9e de lecture estim\u00e9e":"7 minutes"},"schema":{"@context":"https:\/\/schema.org","@graph":[{"@type":"WebPage","@id":"https:\/\/qualifio.fidelodev.be\/cookie-policy\/","url":"https:\/\/qualifio.fidelodev.be\/cookie-policy\/","name":"Politique des cookies - Qualifio","isPartOf":{"@id":"https:\/\/qualifio.fidelodev.be\/#website"},"datePublished":"2021-12-05T15:26:57+00:00","dateModified":"2022-08-17T15:19:17+00:00","description":"La politique des cookies a pour but de vous donner une information aussi claire et compl\u00e8te que possible sur les cookies que nous utilisons.","breadcrumb":{"@id":"https:\/\/qualifio.fidelodev.be\/cookie-policy\/#breadcrumb"},"inLanguage":"fr-FR","potentialAction":[{"@type":"ReadAction","target":["https:\/\/qualifio.fidelodev.be\/cookie-policy\/"]}]},{"@type":"BreadcrumbList","@id":"https:\/\/qualifio.fidelodev.be\/cookie-policy\/#breadcrumb","itemListElement":[{"@type":"ListItem","position":1,"name":"Home","item":"https:\/\/qualifio.fidelodev.be\/fr\/"},{"@type":"ListItem","position":2,"name":"Politique des cookies"}]},{"@type":"WebSite","@id":"https:\/\/qualifio.fidelodev.be\/#website","url":"https:\/\/qualifio.fidelodev.be\/","name":"Qualifio","description":"Un site utilisant WordPress","publisher":{"@id":"https:\/\/qualifio.fidelodev.be\/#organization"},"potentialAction":[{"@type":"SearchAction","target":{"@type":"EntryPoint","urlTemplate":"https:\/\/qualifio.fidelodev.be\/?s={search_term_string}"},"query-input":"required name=search_term_string"}],"inLanguage":"fr-FR"},{"@type":"Organization","@id":"https:\/\/qualifio.fidelodev.be\/#organization","name":"Qualifio","url":"https:\/\/qualifio.fidelodev.be\/","logo":{"@type":"ImageObject","inLanguage":"fr-FR","@id":"https:\/\/qualifio.fidelodev.be\/#\/schema\/logo\/image\/","url":"https:\/\/qualifio.fidelodev.be\/wp-content\/uploads\/2022\/06\/banner-blog-news-simple.png","contentUrl":"https:\/\/qualifio.fidelodev.be\/wp-content\/uploads\/2022\/06\/banner-blog-news-simple.png","width":460,"height":240,"caption":"Qualifio"},"image":{"@id":"https:\/\/qualifio.fidelodev.be\/#\/schema\/logo\/image\/"}}]}},"_links":{"self":[{"href":"https:\/\/qualifio.fidelodev.be\/fr\/wp-json\/wp\/v2\/pages\/4987","targetHints":{"allow":["GET"]}}],"collection":[{"href":"https:\/\/qualifio.fidelodev.be\/fr\/wp-json\/wp\/v2\/pages"}],"about":[{"href":"https:\/\/qualifio.fidelodev.be\/fr\/wp-json\/wp\/v2\/types\/page"}],"author":[{"embeddable":true,"href":"https:\/\/qualifio.fidelodev.be\/fr\/wp-json\/wp\/v2\/users\/2"}],"replies":[{"embeddable":true,"href":"https:\/\/qualifio.fidelodev.be\/fr\/wp-json\/wp\/v2\/comments?post=4987"}],"version-history":[{"count":0,"href":"https:\/\/qualifio.fidelodev.be\/fr\/wp-json\/wp\/v2\/pages\/4987\/revisions"}],"wp:attachment":[{"href":"https:\/\/qualifio.fidelodev.be\/fr\/wp-json\/wp\/v2\/media?parent=4987"}],"curies":[{"name":"wp","href":"https:\/\/api.w.org\/{rel}","templated":true}]}}