{"id":5059,"date":"2021-12-05T17:50:55","date_gmt":"2021-12-05T16:50:55","guid":{"rendered":"https:\/\/qualifio.fidelodev.be\/?page_id=5059"},"modified":"2024-04-10T09:35:00","modified_gmt":"2024-04-10T07:35:00","slug":"demande-demo","status":"publish","type":"page","link":"https:\/\/qualifio.fidelodev.be\/fr\/demande-demo\/","title":{"rendered":"Demande de d\u00e9mo"},"content":{"rendered":"\n<section class=\"wp-block-fidelo-page-header main-top-page mix-head marine-head\" data-blockstyle=\"mix-head\"><div class=\"top-pattern-img\"><img decoding=\"async\" src=\"\/wp-content\/themes\/qualifio2021\/assets\/images\/pattern-03-both.png\"\/><\/div><div class=\"top-page wrapper-max\"><div class=\"top-center-description\">\n<h1 class=\"wp-block-heading has-text-align-center\" id=\"curious-about-our-solutions-schedule-a-live-demo\">Envie d\u2019en savoir plus sur notre plateforme ?<br>Demandez votre d\u00e9mo<\/h1>\n\n\n\n<p class=\"has-text-align-center\">D\u00e9couvrez comment vous pouvez am\u00e9liorer votre strat\u00e9gie de collecte de donn\u00e9es comme nos +400 clients dans le monde entier.<\/p>\n<\/div><\/div><\/section>\n\n\n\n<div class=\"wp-block-group bg-light-grey is-layout-flow wp-block-group-is-layout-flow\">\n<div class=\"wp-block-columns wrapper-max is-layout-flex wp-container-core-columns-is-layout-28f84493 wp-block-columns-is-layout-flex\">\n<div class=\"wp-block-column is-layout-flow wp-block-column-is-layout-flow\">\n<h2 class=\"wp-block-heading has-text-align-left\">Avec Qualifio, vous pouvez :<\/h2>\n\n\n\n<ul class=\"orange-list wp-block-list\">\n<li>Cr\u00e9ez des exp\u00e9riences interactives et gamifi\u00e9es sans aucune connaissance technique n\u00e9cessaire<\/li>\n\n\n\n<li>Collectez des donn\u00e9es first- et zero-party pr\u00e9cieuses et enrichissez votre base de donn\u00e9es de mani\u00e8re conforme au RGPD<\/li>\n\n\n\n<li>R\u00e9compensez vos clients engag\u00e9s gr\u00e2ce \u00e0 des programmes de r\u00e9compenses personnalis\u00e9s<\/li>\n<\/ul>\n\n\n\n<div style=\"height:20px\" aria-hidden=\"true\" class=\"wp-block-spacer\"><\/div>\n\n\n\n<div class=\"wp-block-group box-border-radius has-background is-layout-constrained wp-block-group-is-layout-constrained\" style=\"background-color:#12384a\">\n<div class=\"wp-block-group wrapper-max is-layout-constrained wp-block-group-is-layout-constrained\">\n<div style=\"height:30px\" aria-hidden=\"true\" class=\"wp-block-spacer\"><\/div>\n\n\n\n<h2 class=\"wp-block-heading has-text-align-left has-text-color has-link-color wp-elements-3ebfa353cbeee2f9fd390bfa79897eea\" style=\"color:#ffffff\">Une d\u00e9mo de 30 min. avec l&rsquo;un de nos experts<\/h2>\n\n\n\n<ul style=\"color:#ffffff\" class=\"has-text-color has-link-color wp-block-list wp-elements-9afa794ee820493aedc37e277bb658bc\">\n<li>\u00c9changez sur vos objectifs et votre strat\u00e9gie<\/li>\n\n\n\n<li>Explorez des exemples de campagnes dans votre secteur et voyez comment Qualifio peut r\u00e9pondre \u00e0 vos besoins<\/li>\n\n\n\n<li>Pas de pression, pas d&rsquo;engagement<\/li>\n<\/ul>\n\n\n\n<div style=\"height:30px\" aria-hidden=\"true\" class=\"wp-block-spacer\"><\/div>\n\n\n\n<figure class=\"wp-block-image size-full\"><img loading=\"lazy\" decoding=\"async\" width=\"504\" height=\"183\" src=\"https:\/\/qualifio.fidelodev.be\/wp-content\/uploads\/2024\/04\/sales-people.png\" alt=\"\" class=\"wp-image-35053\" srcset=\"https:\/\/qualifio.fidelodev.be\/wp-content\/uploads\/2024\/04\/sales-people.png 504w, https:\/\/qualifio.fidelodev.be\/wp-content\/uploads\/2024\/04\/sales-people-300x109.png 300w\" sizes=\"auto, (max-width: 504px) 100vw, 504px\" \/><\/figure>\n\n\n\n<div style=\"height:30px\" aria-hidden=\"true\" class=\"wp-block-spacer\"><\/div>\n<\/div>\n<\/div>\n<\/div>\n\n\n\n<div class=\"wp-block-column is-layout-flow wp-block-column-is-layout-flow\">\n<div class=\"wp-block-group hubspot-form-box is-layout-flow wp-block-group-is-layout-flow\">\n<script charset=\"utf-8\" type=\"text\/javascript\" src=\"\/\/js.hsforms.net\/forms\/embed\/v2.js\"><\/script>\n<script>\n  hbspt.forms.create({\n    region: \"na1\",\n    portalId: \"5566751\",\n    formId: \"40a488ee-3051-4f25-9832-7236380e89d4\"\n  });\n<\/script>\n<\/div>\n<\/div>\n<\/div>\n<\/div>\n\n\n\n<section class=\"wp-block-fidelo-testimonials container-bcg-img\" data-category=\"homepage\" data-block-style=\"bg-marine\"><div class=\"wrapper-max\"><div class=\"content-text\"><h2 class=\"\">Vous serez en bonne compagnie<\/h2><p class=\"\"><\/p><\/div><div class=\"additional-block\"><div class=\"additional-block-box\"><div class=\"text-slider\">    <div class=\"text-slider-slide\">      <article><!-- wp:paragraph -->\n<p><em>\u00ab Qualifio a \u00e9t\u00e9 une aide suppl\u00e9mentaire et pr\u00e9cieuse pour renforcer la relation avec notre communaut\u00e9 dans une p\u00e9riode o\u00f9 le lien social \u00e9tait primordial. Notre objectif est de continuer \u00e0 recruter de nouveaux fans, enrichir notre base de donn\u00e9es et fid\u00e9liser cette base via le jeu et des activations digitales vari\u00e9es et innovantes. \u00bb<\/em><\/p>\n<!-- \/wp:paragraph -->\n\n<!-- wp:fidelo\/author -->\n<div class=\"wp-block-fidelo-author author\"><img\/><article><p><b class=\"authorName\"><\/b><\/p><p class=\"authorJob\"><\/p><\/article><\/div>\n<!-- \/wp:fidelo\/author --><\/article>    <\/div>    <div class=\"text-slider-slide\">      <div class=\"text-slider-img\">        <img decoding=\"async\" src=\"https:\/\/qualifio.fidelodev.be\/wp-content\/uploads\/2021\/12\/logo-le-slip-franc\u0327ais.png\">      <\/div>      <article><!-- wp:paragraph -->\n<p><em>\u00ab Avec Qualifio, nous animons notre base clients, tout en respectant nos engagements et notre image de<br>marque. La vari\u00e9t\u00e9 des formats et la facilit\u00e9 d\u2019utilisation de la plateforme nous permettent d\u2019\u00eatre ultra r\u00e9actif<br>et d\u2019avoir une longueur d\u2019avance sur nos concurrents. En moins d\u2019une heure, je peux cr\u00e9er ma campagne<br>marketing, la personnaliser et la publier sur notre site web. \u00bb<\/em><\/p>\n<!-- \/wp:paragraph -->\n\n<!-- wp:fidelo\/author -->\n<div class=\"wp-block-fidelo-author author\"><img\/><article><p><b class=\"authorName\"><\/b><\/p><p class=\"authorJob\"><\/p><\/article><\/div>\n<!-- \/wp:fidelo\/author --><\/article>    <\/div>    <div class=\"text-slider-slide\">      <div class=\"text-slider-img\">        <img decoding=\"async\" src=\"https:\/\/qualifio.fidelodev.be\/wp-content\/uploads\/2021\/12\/logo-ngroup.png\">      <\/div>      <article><!-- wp:paragraph -->\n<p><em>\u00ab Nous avons remarqu\u00e9 une augmentation de plus de 150 % de pages vues sur nos articles contenant des campagnes Qualifio. Ces campagnes interactives sont tr\u00e8s populaires aupr\u00e8s de notre audience. Elles nous permettent d\u2019augmenter notre trafic et de garder les internautes sur nos pages tout en collectant des donn\u00e9es qualitatives. \u00bb<\/em><\/p>\n<!-- \/wp:paragraph -->\n\n<!-- wp:fidelo\/author -->\n<div class=\"wp-block-fidelo-author author\"><img\/><article><p><b class=\"authorName\"><\/b><\/p><p class=\"authorJob\"><\/p><\/article><\/div>\n<!-- \/wp:fidelo\/author --><\/article>    <\/div>    <div class=\"text-slider-slide\">      <article><!-- wp:paragraph -->\n<p><em>\u00ab Qualifio a transform\u00e9 la fa\u00e7on dont nous interagissons avec nos audiences. Nos nombreuses marques cr\u00e9ent des campagnes interactives en quelques minutes, lesquelles nous fournissent des donn\u00e9es de qualit\u00e9, directement li\u00e9es \u00e0 notre syst\u00e8me CRM. L\u2019ann\u00e9e derni\u00e8re, nous avons collect\u00e9<br>plus de 100 000 profils segment\u00e9s au sein de 20 marques. \u00bb<\/em><\/p>\n<!-- \/wp:paragraph -->\n\n<!-- wp:fidelo\/author -->\n<div class=\"wp-block-fidelo-author author\"><img\/><article><p><b class=\"authorName\"><\/b><\/p><p class=\"authorJob\"><\/p><\/article><\/div>\n<!-- \/wp:fidelo\/author --><\/article>    <\/div><\/div><div class=\"bcg-img-content\"><img decoding=\"async\" alt=\"bg-demo-request-page-full\" src=\"https:\/\/qualifio.fidelodev.be\/wp-content\/uploads\/2024\/04\/bg-demo-request-page-full.jpg\"\/><\/div><\/div><\/div><\/div><\/section>\n","protected":false},"excerpt":{"rendered":"<p>Avec Qualifio, vous pouvez : Une d\u00e9mo de 30 min. avec l&rsquo;un de nos experts<\/p>\n","protected":false},"author":3,"featured_media":0,"parent":0,"menu_order":0,"comment_status":"closed","ping_status":"closed","template":"page-marine.php","meta":{"footnotes":""},"class_list":["post-5059","page","type-page","status-publish","hentry"],"yoast_head":"<!-- This site is optimized with the Yoast SEO plugin v22.9 - https:\/\/yoast.com\/wordpress\/plugins\/seo\/ -->\n<title>Demande de d\u00e9mo - Qualifio<\/title>\n<meta name=\"description\" content=\"Envie d\u2019en savoir plus sur nos solutions ? Faites votre demande de d\u00e9mo. Nous vous montrerons comment vous pouvez utiliser Qualifio.\" \/>\n<meta name=\"robots\" content=\"noindex, follow, max-snippet:-1, max-image-preview:large, max-video-preview:-1\" \/>\n<meta property=\"og:locale\" content=\"fr_FR\" \/>\n<meta property=\"og:type\" content=\"article\" \/>\n<meta property=\"og:title\" content=\"Demande de d\u00e9mo - Qualifio\" \/>\n<meta property=\"og:description\" content=\"Envie d\u2019en savoir plus sur nos solutions ? Faites votre demande de d\u00e9mo. Nous vous montrerons comment vous pouvez utiliser Qualifio.\" \/>\n<meta property=\"og:url\" content=\"https:\/\/qualifio.fidelodev.be\/request-demo\/\" \/>\n<meta property=\"og:site_name\" content=\"Qualifio\" \/>\n<meta property=\"article:modified_time\" content=\"2024-04-10T07:35:00+00:00\" \/>\n<meta property=\"og:image\" content=\"https:\/\/qualifio.fidelodev.be\/wp-content\/uploads\/2022\/02\/banner-qualifio-social.png\" \/>\n\t<meta property=\"og:image:width\" content=\"1200\" \/>\n\t<meta property=\"og:image:height\" content=\"627\" \/>\n\t<meta property=\"og:image:type\" content=\"image\/png\" \/>\n<meta name=\"twitter:card\" content=\"summary_large_image\" \/>\n<meta name=\"twitter:label1\" content=\"Dur\u00e9e de lecture estim\u00e9e\" \/>\n\t<meta name=\"twitter:data1\" content=\"1 minute\" \/>\n<script type=\"application\/ld+json\" class=\"yoast-schema-graph\">{\"@context\":\"https:\/\/schema.org\",\"@graph\":[{\"@type\":\"WebPage\",\"@id\":\"https:\/\/qualifio.fidelodev.be\/request-demo\/\",\"url\":\"https:\/\/qualifio.fidelodev.be\/request-demo\/\",\"name\":\"Demande de d\u00e9mo - Qualifio\",\"isPartOf\":{\"@id\":\"https:\/\/qualifio.fidelodev.be\/#website\"},\"primaryImageOfPage\":{\"@id\":\"https:\/\/qualifio.fidelodev.be\/request-demo\/#primaryimage\"},\"image\":{\"@id\":\"https:\/\/qualifio.fidelodev.be\/request-demo\/#primaryimage\"},\"thumbnailUrl\":\"https:\/\/qualifio.fidelodev.be\/wp-content\/uploads\/2024\/04\/sales-people.png\",\"datePublished\":\"2021-12-05T16:50:55+00:00\",\"dateModified\":\"2024-04-10T07:35:00+00:00\",\"description\":\"Envie d\u2019en savoir plus sur nos solutions ? Faites votre demande de d\u00e9mo. Nous vous montrerons comment vous pouvez utiliser Qualifio.\",\"breadcrumb\":{\"@id\":\"https:\/\/qualifio.fidelodev.be\/request-demo\/#breadcrumb\"},\"inLanguage\":\"fr-FR\",\"potentialAction\":[{\"@type\":\"ReadAction\",\"target\":[\"https:\/\/qualifio.fidelodev.be\/request-demo\/\"]}]},{\"@type\":\"ImageObject\",\"inLanguage\":\"fr-FR\",\"@id\":\"https:\/\/qualifio.fidelodev.be\/request-demo\/#primaryimage\",\"url\":\"https:\/\/qualifio.fidelodev.be\/wp-content\/uploads\/2024\/04\/sales-people.png\",\"contentUrl\":\"https:\/\/qualifio.fidelodev.be\/wp-content\/uploads\/2024\/04\/sales-people.png\"},{\"@type\":\"BreadcrumbList\",\"@id\":\"https:\/\/qualifio.fidelodev.be\/request-demo\/#breadcrumb\",\"itemListElement\":[{\"@type\":\"ListItem\",\"position\":1,\"name\":\"Home\",\"item\":\"https:\/\/qualifio.fidelodev.be\/fr\/\"},{\"@type\":\"ListItem\",\"position\":2,\"name\":\"Demande de d\u00e9mo\"}]},{\"@type\":\"WebSite\",\"@id\":\"https:\/\/qualifio.fidelodev.be\/#website\",\"url\":\"https:\/\/qualifio.fidelodev.be\/\",\"name\":\"Qualifio\",\"description\":\"Un site utilisant WordPress\",\"publisher\":{\"@id\":\"https:\/\/qualifio.fidelodev.be\/#organization\"},\"potentialAction\":[{\"@type\":\"SearchAction\",\"target\":{\"@type\":\"EntryPoint\",\"urlTemplate\":\"https:\/\/qualifio.fidelodev.be\/?s={search_term_string}\"},\"query-input\":\"required name=search_term_string\"}],\"inLanguage\":\"fr-FR\"},{\"@type\":\"Organization\",\"@id\":\"https:\/\/qualifio.fidelodev.be\/#organization\",\"name\":\"Qualifio\",\"url\":\"https:\/\/qualifio.fidelodev.be\/\",\"logo\":{\"@type\":\"ImageObject\",\"inLanguage\":\"fr-FR\",\"@id\":\"https:\/\/qualifio.fidelodev.be\/#\/schema\/logo\/image\/\",\"url\":\"https:\/\/qualifio.fidelodev.be\/wp-content\/uploads\/2022\/06\/banner-blog-news-simple.png\",\"contentUrl\":\"https:\/\/qualifio.fidelodev.be\/wp-content\/uploads\/2022\/06\/banner-blog-news-simple.png\",\"width\":460,\"height\":240,\"caption\":\"Qualifio\"},\"image\":{\"@id\":\"https:\/\/qualifio.fidelodev.be\/#\/schema\/logo\/image\/\"}}]}<\/script>\n<!-- \/ Yoast SEO plugin. -->","yoast_head_json":{"title":"Demande de d\u00e9mo - Qualifio","description":"Envie d\u2019en savoir plus sur nos solutions ? Faites votre demande de d\u00e9mo. Nous vous montrerons comment vous pouvez utiliser Qualifio.","robots":{"index":"noindex","follow":"follow","max-snippet":"max-snippet:-1","max-image-preview":"max-image-preview:large","max-video-preview":"max-video-preview:-1"},"og_locale":"fr_FR","og_type":"article","og_title":"Demande de d\u00e9mo - Qualifio","og_description":"Envie d\u2019en savoir plus sur nos solutions ? Faites votre demande de d\u00e9mo. Nous vous montrerons comment vous pouvez utiliser Qualifio.","og_url":"https:\/\/qualifio.fidelodev.be\/request-demo\/","og_site_name":"Qualifio","article_modified_time":"2024-04-10T07:35:00+00:00","og_image":[{"width":1200,"height":627,"url":"https:\/\/qualifio.fidelodev.be\/wp-content\/uploads\/2022\/02\/banner-qualifio-social.png","type":"image\/png"}],"twitter_card":"summary_large_image","twitter_misc":{"Dur\u00e9e de lecture estim\u00e9e":"1 minute"},"schema":{"@context":"https:\/\/schema.org","@graph":[{"@type":"WebPage","@id":"https:\/\/qualifio.fidelodev.be\/request-demo\/","url":"https:\/\/qualifio.fidelodev.be\/request-demo\/","name":"Demande de d\u00e9mo - Qualifio","isPartOf":{"@id":"https:\/\/qualifio.fidelodev.be\/#website"},"primaryImageOfPage":{"@id":"https:\/\/qualifio.fidelodev.be\/request-demo\/#primaryimage"},"image":{"@id":"https:\/\/qualifio.fidelodev.be\/request-demo\/#primaryimage"},"thumbnailUrl":"https:\/\/qualifio.fidelodev.be\/wp-content\/uploads\/2024\/04\/sales-people.png","datePublished":"2021-12-05T16:50:55+00:00","dateModified":"2024-04-10T07:35:00+00:00","description":"Envie d\u2019en savoir plus sur nos solutions ? Faites votre demande de d\u00e9mo. Nous vous montrerons comment vous pouvez utiliser Qualifio.","breadcrumb":{"@id":"https:\/\/qualifio.fidelodev.be\/request-demo\/#breadcrumb"},"inLanguage":"fr-FR","potentialAction":[{"@type":"ReadAction","target":["https:\/\/qualifio.fidelodev.be\/request-demo\/"]}]},{"@type":"ImageObject","inLanguage":"fr-FR","@id":"https:\/\/qualifio.fidelodev.be\/request-demo\/#primaryimage","url":"https:\/\/qualifio.fidelodev.be\/wp-content\/uploads\/2024\/04\/sales-people.png","contentUrl":"https:\/\/qualifio.fidelodev.be\/wp-content\/uploads\/2024\/04\/sales-people.png"},{"@type":"BreadcrumbList","@id":"https:\/\/qualifio.fidelodev.be\/request-demo\/#breadcrumb","itemListElement":[{"@type":"ListItem","position":1,"name":"Home","item":"https:\/\/qualifio.fidelodev.be\/fr\/"},{"@type":"ListItem","position":2,"name":"Demande de d\u00e9mo"}]},{"@type":"WebSite","@id":"https:\/\/qualifio.fidelodev.be\/#website","url":"https:\/\/qualifio.fidelodev.be\/","name":"Qualifio","description":"Un site utilisant WordPress","publisher":{"@id":"https:\/\/qualifio.fidelodev.be\/#organization"},"potentialAction":[{"@type":"SearchAction","target":{"@type":"EntryPoint","urlTemplate":"https:\/\/qualifio.fidelodev.be\/?s={search_term_string}"},"query-input":"required name=search_term_string"}],"inLanguage":"fr-FR"},{"@type":"Organization","@id":"https:\/\/qualifio.fidelodev.be\/#organization","name":"Qualifio","url":"https:\/\/qualifio.fidelodev.be\/","logo":{"@type":"ImageObject","inLanguage":"fr-FR","@id":"https:\/\/qualifio.fidelodev.be\/#\/schema\/logo\/image\/","url":"https:\/\/qualifio.fidelodev.be\/wp-content\/uploads\/2022\/06\/banner-blog-news-simple.png","contentUrl":"https:\/\/qualifio.fidelodev.be\/wp-content\/uploads\/2022\/06\/banner-blog-news-simple.png","width":460,"height":240,"caption":"Qualifio"},"image":{"@id":"https:\/\/qualifio.fidelodev.be\/#\/schema\/logo\/image\/"}}]}},"_links":{"self":[{"href":"https:\/\/qualifio.fidelodev.be\/fr\/wp-json\/wp\/v2\/pages\/5059","targetHints":{"allow":["GET"]}}],"collection":[{"href":"https:\/\/qualifio.fidelodev.be\/fr\/wp-json\/wp\/v2\/pages"}],"about":[{"href":"https:\/\/qualifio.fidelodev.be\/fr\/wp-json\/wp\/v2\/types\/page"}],"author":[{"embeddable":true,"href":"https:\/\/qualifio.fidelodev.be\/fr\/wp-json\/wp\/v2\/users\/3"}],"replies":[{"embeddable":true,"href":"https:\/\/qualifio.fidelodev.be\/fr\/wp-json\/wp\/v2\/comments?post=5059"}],"version-history":[{"count":1,"href":"https:\/\/qualifio.fidelodev.be\/fr\/wp-json\/wp\/v2\/pages\/5059\/revisions"}],"predecessor-version":[{"id":35224,"href":"https:\/\/qualifio.fidelodev.be\/fr\/wp-json\/wp\/v2\/pages\/5059\/revisions\/35224"}],"wp:attachment":[{"href":"https:\/\/qualifio.fidelodev.be\/fr\/wp-json\/wp\/v2\/media?parent=5059"}],"curies":[{"name":"wp","href":"https:\/\/api.w.org\/{rel}","templated":true}]}}